{"id":17402,"date":"2026-04-04T14:11:29","date_gmt":"2026-04-04T14:11:29","guid":{"rendered":"https:\/\/www.cfaebooks.com\/?post_type=product&#038;p=17402"},"modified":"2026-04-04T14:42:40","modified_gmt":"2026-04-04T14:42:40","slug":"frm-2026-part-2-analystprep-study-notes","status":"publish","type":"product","link":"https:\/\/www.cfaebooks.com\/ro\/products\/frm-2026-part-2-analystprep-study-notes\/","title":{"rendered":"FRM 2026 Part 2 \u2013 AnalystPrep Study Notes"},"content":{"rendered":"<p>For sale is an e-Book FRM 2026 Part 2 \u2013 AnalystPrep Study Notes with formula sheet pdf.<\/p>\n\n\n\n<p><strong>Subiecte abordate:<\/strong><\/p>\n\n\n\n<ul class=\"wp-block-list\">\n<li><strong><strong>M\u0103surarea \u0219i gestionarea riscului de pia\u021b\u0103<\/strong><\/strong><\/li>\n\n\n\n<li><strong><strong>M\u0103surarea \u0219i gestionarea riscului de credit<\/strong><\/strong><\/li>\n\n\n\n<li><strong><strong>Operational Risk &amp; Resilience<\/strong><\/strong><\/li>\n\n\n\n<li><strong>Managementul riscului \u0219i managementul investi\u021biilor<\/strong><\/li>\n\n\n\n<li><strong>Probleme actuale ale pie\u021belor financiare<\/strong><\/li>\n<\/ul>\n\n\n\n<p><strong>and Formula Sheet<\/strong><\/p>\n\n\n\n<p>Aceasta nu este o carte fizic\u0103, este o copie digital\u0103 PDF. V\u0103 rug\u0103m s\u0103 nu cump\u0103ra\u021bi dac\u0103 dori\u021bi o copie fizic\u0103.<\/p>\n\n\n\n<p>Dup\u0103 finalizarea comenzii, pute\u021bi desc\u0103rca imediat cartea electronic\u0103.<\/p>","protected":false},"excerpt":{"rendered":"<p>For sale is an e-Book FRM 2026 Part 2 \u2013 AnalystPrep Study Notes with formula sheet pdf. Topics Covered: and Formula Sheet This is not a physical book it is a&nbsp;PDF&nbsp;digital copy. Please do not purchase if you want a physical hard copy. After checkout you can download the e-Book instantly.<\/p>","protected":false},"featured_media":17403,"comment_status":"closed","ping_status":"closed","template":"","meta":[],"product_brand":[],"product_cat":[325],"product_tag":[184,409,185,186,181,411,182,362,183],"class_list":{"0":"post-17402","1":"product","2":"type-product","3":"status-publish","4":"has-post-thumbnail","6":"product_cat-frm-part-2","7":"product_tag-frm","8":"product_tag-frm-2026","9":"product_tag-frm-books","10":"product_tag-frm-ebooks","11":"product_tag-frm-exam","12":"product_tag-frm-part-2-2026","13":"product_tag-frm-prep","14":"product_tag-frm-study-notes","15":"product_tag-frm-test","17":"first","18":"instock","19":"downloadable","20":"virtual","21":"sold-individually","22":"purchasable","23":"product-type-simple"},"_links":{"self":[{"href":"https:\/\/www.cfaebooks.com\/ro\/wp-json\/wp\/v2\/product\/17402","targetHints":{"allow":["GET"]}}],"collection":[{"href":"https:\/\/www.cfaebooks.com\/ro\/wp-json\/wp\/v2\/product"}],"about":[{"href":"https:\/\/www.cfaebooks.com\/ro\/wp-json\/wp\/v2\/types\/product"}],"replies":[{"embeddable":true,"href":"https:\/\/www.cfaebooks.com\/ro\/wp-json\/wp\/v2\/comments?post=17402"}],"wp:featuredmedia":[{"embeddable":true,"href":"https:\/\/www.cfaebooks.com\/ro\/wp-json\/wp\/v2\/media\/17403"}],"wp:attachment":[{"href":"https:\/\/www.cfaebooks.com\/ro\/wp-json\/wp\/v2\/media?parent=17402"}],"wp:term":[{"taxonomy":"product_brand","embeddable":true,"href":"https:\/\/www.cfaebooks.com\/ro\/wp-json\/wp\/v2\/product_brand?post=17402"},{"taxonomy":"product_cat","embeddable":true,"href":"https:\/\/www.cfaebooks.com\/ro\/wp-json\/wp\/v2\/product_cat?post=17402"},{"taxonomy":"product_tag","embeddable":true,"href":"https:\/\/www.cfaebooks.com\/ro\/wp-json\/wp\/v2\/product_tag?post=17402"}],"curies":[{"name":"wp","href":"https:\/\/api.w.org\/{rel}","templated":true}]}}