{"id":17396,"date":"2026-04-04T13:56:19","date_gmt":"2026-04-04T13:56:19","guid":{"rendered":"https:\/\/www.cfaebooks.com\/?post_type=product&#038;p=17396"},"modified":"2026-04-04T14:05:37","modified_gmt":"2026-04-04T14:05:37","slug":"frm-2026-part-1-analystprep-mock-exam","status":"publish","type":"product","link":"https:\/\/www.cfaebooks.com\/ro\/products\/frm-2026-part-1-analystprep-mock-exam\/","title":{"rendered":"FRM 2026 Part 1 \u2013 AnalystPrep Mock Exam"},"content":{"rendered":"<p>For sale is an e-Book FRM 2026 Part 1 \u2013 AnalystPrep Mock Exam pdf.<\/p>\n\n\n\n<p><strong>You\u2019ll get 3 mock exams.<\/strong> Includes seperate file for questions and answers so that you can do questions then compare your answers.<\/p>\n\n\n\n<p><strong>Subiecte abordate:<\/strong><\/p>\n\n\n\n<ul class=\"wp-block-list\">\n<li><strong>Fundamente ale managementului riscului<\/strong><\/li>\n\n\n\n<li><strong>Analiz\u0103 cantitativ\u0103<\/strong><\/li>\n\n\n\n<li><strong>Pie\u021be \u0219i produse financiare<\/strong><\/li>\n\n\n\n<li><strong>Modele de evaluare \u0219i de risc<\/strong><\/li>\n<\/ul>\n\n\n\n<p>Aceasta nu este o carte fizic\u0103, este o copie digital\u0103 PDF. V\u0103 rug\u0103m s\u0103 nu cump\u0103ra\u021bi dac\u0103 dori\u021bi o copie fizic\u0103<\/p>\n\n\n\n<p>Dup\u0103 finalizarea comenzii, pute\u021bi desc\u0103rca imediat cartea electronic\u0103.<\/p>","protected":false},"excerpt":{"rendered":"<p>For sale is an e-Book FRM 2026 Part 1 \u2013 AnalystPrep Mock Exam pdf. You\u2019ll get 3 mock exams. Includes seperate file for questions and answers so that you can do questions then compare your answers. Topics Covered: This is not a physical book it is a&nbsp;PDF&nbsp;digital copy. Please do not purchase if you want [&hellip;]<\/p>\n","protected":false},"featured_media":17397,"comment_status":"closed","ping_status":"closed","template":"","meta":[],"product_brand":[],"product_cat":[324],"product_tag":[184,409,186,181,275,402,410,182,183],"class_list":{"0":"post-17396","1":"product","2":"type-product","3":"status-publish","4":"has-post-thumbnail","6":"product_cat-frm-part-1","7":"product_tag-frm","8":"product_tag-frm-2026","9":"product_tag-frm-ebooks","10":"product_tag-frm-exam","11":"product_tag-frm-mock-exams","12":"product_tag-frm-mock-test","13":"product_tag-frm-part-1-2026","14":"product_tag-frm-prep","15":"product_tag-frm-test","17":"first","18":"instock","19":"downloadable","20":"virtual","21":"sold-individually","22":"purchasable","23":"product-type-simple"},"_links":{"self":[{"href":"https:\/\/www.cfaebooks.com\/ro\/wp-json\/wp\/v2\/product\/17396","targetHints":{"allow":["GET"]}}],"collection":[{"href":"https:\/\/www.cfaebooks.com\/ro\/wp-json\/wp\/v2\/product"}],"about":[{"href":"https:\/\/www.cfaebooks.com\/ro\/wp-json\/wp\/v2\/types\/product"}],"replies":[{"embeddable":true,"href":"https:\/\/www.cfaebooks.com\/ro\/wp-json\/wp\/v2\/comments?post=17396"}],"wp:featuredmedia":[{"embeddable":true,"href":"https:\/\/www.cfaebooks.com\/ro\/wp-json\/wp\/v2\/media\/17397"}],"wp:attachment":[{"href":"https:\/\/www.cfaebooks.com\/ro\/wp-json\/wp\/v2\/media?parent=17396"}],"wp:term":[{"taxonomy":"product_brand","embeddable":true,"href":"https:\/\/www.cfaebooks.com\/ro\/wp-json\/wp\/v2\/product_brand?post=17396"},{"taxonomy":"product_cat","embeddable":true,"href":"https:\/\/www.cfaebooks.com\/ro\/wp-json\/wp\/v2\/product_cat?post=17396"},{"taxonomy":"product_tag","embeddable":true,"href":"https:\/\/www.cfaebooks.com\/ro\/wp-json\/wp\/v2\/product_tag?post=17396"}],"curies":[{"name":"wp","href":"https:\/\/api.w.org\/{rel}","templated":true}]}}