{"id":16703,"date":"2026-03-08T11:47:35","date_gmt":"2026-03-08T11:47:35","guid":{"rendered":"https:\/\/www.cfaebooks.com\/?post_type=product&#038;p=16703"},"modified":"2026-04-03T08:09:56","modified_gmt":"2026-04-03T08:09:56","slug":"cfa-2026-analystprep-question-bank-level-2","status":"publish","type":"product","link":"https:\/\/www.cfaebooks.com\/ro\/products\/cfa-2026-analystprep-question-bank-level-2\/","title":{"rendered":"CFA 2026 AnalystPrep Question Bank Level 2"},"content":{"rendered":"<p>For sale is the CFA 2026 AnalystPrep Question Bank Level 2<strong> <\/strong>PDF.<\/p>\n\n\n\n<p>More than <strong>1,000 Hard Practice Questions<\/strong><\/p>\n\n\n\n<p>Include fi\u0219iere separate pentru \u00eentreb\u0103ri \u0219i r\u0103spunsuri, astfel \u00eenc\u00e2t s\u0103 pute\u021bi r\u0103spunde la \u00eentreb\u0103ri \u0219i apoi s\u0103 v\u0103 compara\u021bi r\u0103spunsurile<\/p>\n\n\n\n<p><strong>Include urm\u0103toarele subiecte:<\/strong><\/p>\n\n\n\n<ol class=\"wp-block-list\">\n<li>Metode cantitative<\/li>\n\n\n\n<li>Economie<\/li>\n\n\n\n<li>Raportare \u0219i analiz\u0103 financiar\u0103<\/li>\n\n\n\n<li>Emiten\u021bi corporativi<\/li>\n\n\n\n<li>Echitate<\/li>\n\n\n\n<li>Venituri fixe<\/li>\n\n\n\n<li>Derivate<\/li>\n\n\n\n<li>Investi\u021bii alternative<\/li>\n\n\n\n<li>Gestionarea portofoliului<\/li>\n\n\n\n<li>Etic\u0103<\/li>\n<\/ol>\n\n\n\n<p>V\u0103 rug\u0103m s\u0103 nu achizi\u021biona\u021bi dac\u0103 dori\u021bi o copie fizic\u0103. <\/p>\n\n\n\n<p>Dup\u0103 finalizarea comenzii, pute\u021bi desc\u0103rca materialul imediat.<\/p>","protected":false},"excerpt":{"rendered":"<p>For sale is the CFA 2026 AnalystPrep Question Bank Level 2 PDF. More than 1,000 Hard Practice Questions Includes separate file for questions and answers so that you can do questions then compare your answers Includes the following topics: Please do not purchase if you want a physical hard copy. After checkout you can download [&hellip;]<\/p>\n","protected":false},"featured_media":16720,"comment_status":"closed","ping_status":"closed","template":"","meta":[],"product_brand":[],"product_cat":[266],"product_tag":[203,369,93,88,90,375,166,92,162],"class_list":{"0":"post-16703","1":"product","2":"type-product","3":"status-publish","4":"has-post-thumbnail","6":"product_cat-cfa-level-2","7":"product_tag-analystprep","8":"product_tag-cfa-2026","9":"product_tag-cfa-books","10":"product_tag-cfa-ebooks","11":"product_tag-cfa-exam","12":"product_tag-cfa-level-2-2026","13":"product_tag-cfa-question-bank","14":"product_tag-cfa-test","15":"product_tag-qbank","17":"first","18":"instock","19":"downloadable","20":"virtual","21":"sold-individually","22":"purchasable","23":"product-type-simple"},"_links":{"self":[{"href":"https:\/\/www.cfaebooks.com\/ro\/wp-json\/wp\/v2\/product\/16703","targetHints":{"allow":["GET"]}}],"collection":[{"href":"https:\/\/www.cfaebooks.com\/ro\/wp-json\/wp\/v2\/product"}],"about":[{"href":"https:\/\/www.cfaebooks.com\/ro\/wp-json\/wp\/v2\/types\/product"}],"replies":[{"embeddable":true,"href":"https:\/\/www.cfaebooks.com\/ro\/wp-json\/wp\/v2\/comments?post=16703"}],"wp:featuredmedia":[{"embeddable":true,"href":"https:\/\/www.cfaebooks.com\/ro\/wp-json\/wp\/v2\/media\/16720"}],"wp:attachment":[{"href":"https:\/\/www.cfaebooks.com\/ro\/wp-json\/wp\/v2\/media?parent=16703"}],"wp:term":[{"taxonomy":"product_brand","embeddable":true,"href":"https:\/\/www.cfaebooks.com\/ro\/wp-json\/wp\/v2\/product_brand?post=16703"},{"taxonomy":"product_cat","embeddable":true,"href":"https:\/\/www.cfaebooks.com\/ro\/wp-json\/wp\/v2\/product_cat?post=16703"},{"taxonomy":"product_tag","embeddable":true,"href":"https:\/\/www.cfaebooks.com\/ro\/wp-json\/wp\/v2\/product_tag?post=16703"}],"curies":[{"name":"wp","href":"https:\/\/api.w.org\/{rel}","templated":true}]}}