{"id":16435,"date":"2026-02-20T15:50:39","date_gmt":"2026-02-20T15:50:39","guid":{"rendered":"https:\/\/www.cfaebooks.com\/?post_type=product&#038;p=16435"},"modified":"2026-04-03T08:09:28","modified_gmt":"2026-04-03T08:09:28","slug":"cfa-2026-uworld-question-bank-level-1","status":"publish","type":"product","link":"https:\/\/www.cfaebooks.com\/ro\/products\/cfa-2026-uworld-question-bank-level-1\/","title":{"rendered":"CFA 2026 UWorld Question Bank Level 1"},"content":{"rendered":"<p>De v\u00e2nzare este o carte electronic\u0103 <strong>CFA 2026 UWorld Question Bank Level 1<\/strong>.<\/p>\n\n\n\n<p>Inclusiv urm\u0103toarele subiecte:<\/p>\n\n\n\n<ol class=\"wp-block-list\">\n<li><strong>Metode cantitative<\/strong><\/li>\n\n\n\n<li><strong>Economie<\/strong><\/li>\n\n\n\n<li><strong>Emiten\u021bi corporativi<\/strong><\/li>\n\n\n\n<li><strong>Analiza situa\u021biilor financiare<\/strong><\/li>\n\n\n\n<li><strong>Investi\u021bii \u00een ac\u021biuni<\/strong><\/li>\n\n\n\n<li><strong>Venituri fixe<\/strong><\/li>\n\n\n\n<li><strong>Derivate<\/strong><\/li>\n\n\n\n<li><strong>Investi\u021bii alternative<\/strong><\/li>\n\n\n\n<li><strong>Gestionarea portofoliului<\/strong><\/li>\n\n\n\n<li><strong>Etic\u0103<\/strong><\/li>\n<\/ol>\n\n\n\n<p>Textul poate fi c\u0103utat folosind func\u021bia de c\u0103utare de pe tastatura computerului \"ctrl+f\" \u0219i prin intermediul func\u021biei de c\u0103utare de pe smartphone\/tablet\u0103. Acestea nu sunt c\u0103r\u021bi fizice, ci sunt copii digitale PDF. V\u0103 rug\u0103m s\u0103 nu le achizi\u021biona\u021bi dac\u0103 dori\u021bi o copie fizic\u0103.<\/p>\n\n\n\n<p>Dup\u0103 finalizarea comenzii, pute\u021bi desc\u0103rca cartea electronic\u0103 imediat.<\/p>","protected":false},"excerpt":{"rendered":"<p>For sale is an e-Book CFA 2026 UWorld Question Bank Level 1. Including the following topics: The text is searchable using the find feature on your computer keyboard \u2018ctrl+f\u2019 and through search on your smartphone\/tablet. These are not physical books they are PDF digital copies. Please do not purchase if you want a physical hard [&hellip;]<\/p>\n","protected":false},"featured_media":16447,"comment_status":"closed","ping_status":"closed","template":"","meta":[],"product_brand":[],"product_cat":[260],"product_tag":[369,93,88,90,370,87,91,166,92,365,408,162,395],"class_list":{"0":"post-16435","1":"product","2":"type-product","3":"status-publish","4":"has-post-thumbnail","6":"product_cat-cfa-level-1","7":"product_tag-cfa-2026","8":"product_tag-cfa-books","9":"product_tag-cfa-ebooks","10":"product_tag-cfa-exam","11":"product_tag-cfa-level-1-2026","12":"product_tag-cfa-level-i","13":"product_tag-cfa-prep","14":"product_tag-cfa-question-bank","15":"product_tag-cfa-test","16":"product_tag-cfa-uworld","17":"product_tag-cfa-uworld-qbank","18":"product_tag-qbank","19":"product_tag-uworld-qbank","21":"first","22":"instock","23":"downloadable","24":"virtual","25":"sold-individually","26":"purchasable","27":"product-type-simple"},"_links":{"self":[{"href":"https:\/\/www.cfaebooks.com\/ro\/wp-json\/wp\/v2\/product\/16435","targetHints":{"allow":["GET"]}}],"collection":[{"href":"https:\/\/www.cfaebooks.com\/ro\/wp-json\/wp\/v2\/product"}],"about":[{"href":"https:\/\/www.cfaebooks.com\/ro\/wp-json\/wp\/v2\/types\/product"}],"replies":[{"embeddable":true,"href":"https:\/\/www.cfaebooks.com\/ro\/wp-json\/wp\/v2\/comments?post=16435"}],"wp:featuredmedia":[{"embeddable":true,"href":"https:\/\/www.cfaebooks.com\/ro\/wp-json\/wp\/v2\/media\/16447"}],"wp:attachment":[{"href":"https:\/\/www.cfaebooks.com\/ro\/wp-json\/wp\/v2\/media?parent=16435"}],"wp:term":[{"taxonomy":"product_brand","embeddable":true,"href":"https:\/\/www.cfaebooks.com\/ro\/wp-json\/wp\/v2\/product_brand?post=16435"},{"taxonomy":"product_cat","embeddable":true,"href":"https:\/\/www.cfaebooks.com\/ro\/wp-json\/wp\/v2\/product_cat?post=16435"},{"taxonomy":"product_tag","embeddable":true,"href":"https:\/\/www.cfaebooks.com\/ro\/wp-json\/wp\/v2\/product_tag?post=16435"}],"curies":[{"name":"wp","href":"https:\/\/api.w.org\/{rel}","templated":true}]}}