{"id":15500,"date":"2025-12-25T11:24:58","date_gmt":"2025-12-25T11:24:58","guid":{"rendered":"https:\/\/www.cfaebooks.com\/?post_type=product&#038;p=15500"},"modified":"2026-04-03T08:08:31","modified_gmt":"2026-04-03T08:08:31","slug":"gleim-cma-2026-part-1-financial-planning-performance-and-analytics","status":"publish","type":"product","link":"https:\/\/www.cfaebooks.com\/ro\/products\/gleim-cma-2026-part-1-financial-planning-performance-and-analytics\/","title":{"rendered":"Gleim CMA 2026 Part 1 Financial Planning, Performance, and Analytics"},"content":{"rendered":"<p>For sale is an e-Book Gleim CMA 2026 Part 1 Financial Planning, Performance, and Analytics.<\/p>\n\n\n\n<p>Includes 20 study units<\/p>\n\n\n\n<ul class=\"wp-block-list\">\n<li>Aceasta nu este o carte fizic\u0103, ci o copie digital\u0103 PDF.<\/li>\n\n\n\n<li>V\u0103 rug\u0103m s\u0103 nu achizi\u021biona\u021bi dac\u0103 dori\u021bi o copie fizic\u0103. Dup\u0103 finalizarea comenzii, pute\u021bi desc\u0103rca imediat cartea electronic\u0103.<\/li>\n<\/ul>","protected":false},"excerpt":{"rendered":"<p>For sale is an e-Book Gleim CMA 2026 Part 1 Financial Planning, Performance, and Analytics. Includes 20 study units<\/p>","protected":false},"featured_media":15506,"comment_status":"closed","ping_status":"closed","template":"","meta":[],"product_brand":[],"product_cat":[279],"product_tag":[282,384,292,291,288,285,401,290,286,289,284],"class_list":{"0":"post-15500","1":"product","2":"type-product","3":"status-publish","4":"has-post-thumbnail","6":"product_cat-cma-part-1","7":"product_tag-cma","8":"product_tag-cma-2026","9":"product_tag-cma-books","10":"product_tag-cma-ebooks","11":"product_tag-cma-exam","12":"product_tag-cma-part-1","13":"product_tag-cma-part-1-2026","14":"product_tag-cma-prep","15":"product_tag-cma-review","16":"product_tag-cma-test","17":"product_tag-gleim","19":"first","20":"instock","21":"downloadable","22":"virtual","23":"sold-individually","24":"purchasable","25":"product-type-simple"},"_links":{"self":[{"href":"https:\/\/www.cfaebooks.com\/ro\/wp-json\/wp\/v2\/product\/15500","targetHints":{"allow":["GET"]}}],"collection":[{"href":"https:\/\/www.cfaebooks.com\/ro\/wp-json\/wp\/v2\/product"}],"about":[{"href":"https:\/\/www.cfaebooks.com\/ro\/wp-json\/wp\/v2\/types\/product"}],"replies":[{"embeddable":true,"href":"https:\/\/www.cfaebooks.com\/ro\/wp-json\/wp\/v2\/comments?post=15500"}],"wp:featuredmedia":[{"embeddable":true,"href":"https:\/\/www.cfaebooks.com\/ro\/wp-json\/wp\/v2\/media\/15506"}],"wp:attachment":[{"href":"https:\/\/www.cfaebooks.com\/ro\/wp-json\/wp\/v2\/media?parent=15500"}],"wp:term":[{"taxonomy":"product_brand","embeddable":true,"href":"https:\/\/www.cfaebooks.com\/ro\/wp-json\/wp\/v2\/product_brand?post=15500"},{"taxonomy":"product_cat","embeddable":true,"href":"https:\/\/www.cfaebooks.com\/ro\/wp-json\/wp\/v2\/product_cat?post=15500"},{"taxonomy":"product_tag","embeddable":true,"href":"https:\/\/www.cfaebooks.com\/ro\/wp-json\/wp\/v2\/product_tag?post=15500"}],"curies":[{"name":"wp","href":"https:\/\/api.w.org\/{rel}","templated":true}]}}