{"id":15430,"date":"2025-12-20T04:23:58","date_gmt":"2025-12-20T04:23:58","guid":{"rendered":"https:\/\/www.cfaebooks.com\/?post_type=product&#038;p=15430"},"modified":"2026-04-03T08:08:14","modified_gmt":"2026-04-03T08:08:14","slug":"cma-2026-part-2-uworld-question-bank-mcq-essay","status":"publish","type":"product","link":"https:\/\/www.cfaebooks.com\/ro\/products\/cma-2026-part-2-uworld-question-bank-mcq-essay\/","title":{"rendered":"CMA 2026 Partea 2 Banca de \u00eentreb\u0103ri UWorld (\u00eentreb\u0103ri cu r\u0103spunsuri multiple \u0219i eseuri)"},"content":{"rendered":"<p>For sale is an e-Book CMA 2026 Part 2 UWorld Question Bank (MCQ &amp; Essay) PDF.<\/p>\n\n\n\n<p>The package includes <strong>multiple-choice questions (MCQs)<\/strong> \u0219i <strong>essays<\/strong>.<\/p>\n\n\n\n<p>Includes the following sections:<\/p>\n\n\n\n<ul class=\"wp-block-list\">\n<li><strong>Section A<\/strong>. Financial Statement Analysis<\/li>\n\n\n\n<li><strong>Section B<\/strong>. Corporate Finance<\/li>\n\n\n\n<li><strong>Section C<\/strong>. Business Decision Analysis<\/li>\n\n\n\n<li><strong>Section D<\/strong>. Enterprise Risk Management<\/li>\n\n\n\n<li><strong>Section E<\/strong>. Capital Investment Decisions<\/li>\n\n\n\n<li><strong>Section F<\/strong>. Professional Ethics<\/li>\n<\/ul>\n\n\n\n<p>Aceasta nu este o carte fizic\u0103, este o copie digital\u0103 PDF. V\u0103 rug\u0103m s\u0103 nu achizi\u021biona\u021bi dac\u0103 dori\u021bi o copie fizic\u0103. Dup\u0103 finalizarea comenzii, pute\u021bi desc\u0103rca cartea electronic\u0103 instantaneu.<\/p>","protected":false},"excerpt":{"rendered":"<p>For sale is an e-Book CMA 2026 Part 2 UWorld Question Bank (MCQ &amp; Essay) PDF. The package includes multiple-choice questions (MCQs) and essays. Includes the following sections: This is not a physical book it is a&nbsp;PDF&nbsp;digital copy. Please do not purchase if you want a physical hard copy. After checkout you can download the [&hellip;]<\/p>\n","protected":false},"featured_media":15431,"comment_status":"closed","ping_status":"closed","template":"","meta":[],"product_brand":[],"product_cat":[281],"product_tag":[282,384,292,291,288,298,297,290,396,397,289,385,162,170,395],"class_list":{"0":"post-15430","1":"product","2":"type-product","3":"status-publish","4":"has-post-thumbnail","6":"product_cat-cma-part-2","7":"product_tag-cma","8":"product_tag-cma-2026","9":"product_tag-cma-books","10":"product_tag-cma-ebooks","11":"product_tag-cma-exam","12":"product_tag-cma-mcqs","13":"product_tag-cma-part-2","14":"product_tag-cma-prep","15":"product_tag-cma-qbank","16":"product_tag-cma-question-bank","17":"product_tag-cma-test","18":"product_tag-cma-uworld","19":"product_tag-qbank","20":"product_tag-uworld","21":"product_tag-uworld-qbank","23":"first","24":"instock","25":"downloadable","26":"virtual","27":"sold-individually","28":"purchasable","29":"product-type-simple"},"_links":{"self":[{"href":"https:\/\/www.cfaebooks.com\/ro\/wp-json\/wp\/v2\/product\/15430","targetHints":{"allow":["GET"]}}],"collection":[{"href":"https:\/\/www.cfaebooks.com\/ro\/wp-json\/wp\/v2\/product"}],"about":[{"href":"https:\/\/www.cfaebooks.com\/ro\/wp-json\/wp\/v2\/types\/product"}],"replies":[{"embeddable":true,"href":"https:\/\/www.cfaebooks.com\/ro\/wp-json\/wp\/v2\/comments?post=15430"}],"wp:featuredmedia":[{"embeddable":true,"href":"https:\/\/www.cfaebooks.com\/ro\/wp-json\/wp\/v2\/media\/15431"}],"wp:attachment":[{"href":"https:\/\/www.cfaebooks.com\/ro\/wp-json\/wp\/v2\/media?parent=15430"}],"wp:term":[{"taxonomy":"product_brand","embeddable":true,"href":"https:\/\/www.cfaebooks.com\/ro\/wp-json\/wp\/v2\/product_brand?post=15430"},{"taxonomy":"product_cat","embeddable":true,"href":"https:\/\/www.cfaebooks.com\/ro\/wp-json\/wp\/v2\/product_cat?post=15430"},{"taxonomy":"product_tag","embeddable":true,"href":"https:\/\/www.cfaebooks.com\/ro\/wp-json\/wp\/v2\/product_tag?post=15430"}],"curies":[{"name":"wp","href":"https:\/\/api.w.org\/{rel}","templated":true}]}}