{"id":14985,"date":"2025-11-10T04:02:40","date_gmt":"2025-11-10T04:02:40","guid":{"rendered":"https:\/\/www.cfaebooks.com\/?post_type=product&#038;p=14985"},"modified":"2026-04-03T08:07:13","modified_gmt":"2026-04-03T08:07:13","slug":"cma-2026-uworld-study-guide-part-2-strategic-financial-management","status":"publish","type":"product","link":"https:\/\/www.cfaebooks.com\/ro\/products\/cma-2026-uworld-study-guide-part-2-strategic-financial-management\/","title":{"rendered":"CMA 2026 Ghid de studiu UWorld Partea 2: Management financiar strategic"},"content":{"rendered":"<p>De v\u00e2nzare este un e-Book CMA 2026 UWorld Study Guide Partea 2: Management financiar strategic PDF.<\/p>\n\n\n\n<ul class=\"wp-block-list\">\n<li>Aceasta nu este o carte fizic\u0103, ci o copie digital\u0103 PDF. <\/li>\n\n\n\n<li>V\u0103 rug\u0103m s\u0103 nu achizi\u021biona\u021bi dac\u0103 dori\u021bi o copie fizic\u0103. <\/li>\n\n\n\n<li>Dup\u0103 finalizarea comenzii, pute\u021bi desc\u0103rca imediat cartea electronic\u0103.<\/li>\n<\/ul>","protected":false},"excerpt":{"rendered":"<p>De v\u00e2nzare este un e-Book CMA 2026 UWorld Study Guide Partea 2: Management financiar strategic PDF.<\/p>","protected":false},"featured_media":14986,"comment_status":"closed","ping_status":"closed","template":"","meta":[],"product_brand":[],"product_cat":[281],"product_tag":[282,384,292,291,288,297,290,286,289,385,170],"class_list":{"0":"post-14985","1":"product","2":"type-product","3":"status-publish","4":"has-post-thumbnail","6":"product_cat-cma-part-2","7":"product_tag-cma","8":"product_tag-cma-2026","9":"product_tag-cma-books","10":"product_tag-cma-ebooks","11":"product_tag-cma-exam","12":"product_tag-cma-part-2","13":"product_tag-cma-prep","14":"product_tag-cma-review","15":"product_tag-cma-test","16":"product_tag-cma-uworld","17":"product_tag-uworld","19":"first","20":"instock","21":"downloadable","22":"virtual","23":"sold-individually","24":"purchasable","25":"product-type-simple"},"_links":{"self":[{"href":"https:\/\/www.cfaebooks.com\/ro\/wp-json\/wp\/v2\/product\/14985","targetHints":{"allow":["GET"]}}],"collection":[{"href":"https:\/\/www.cfaebooks.com\/ro\/wp-json\/wp\/v2\/product"}],"about":[{"href":"https:\/\/www.cfaebooks.com\/ro\/wp-json\/wp\/v2\/types\/product"}],"replies":[{"embeddable":true,"href":"https:\/\/www.cfaebooks.com\/ro\/wp-json\/wp\/v2\/comments?post=14985"}],"wp:featuredmedia":[{"embeddable":true,"href":"https:\/\/www.cfaebooks.com\/ro\/wp-json\/wp\/v2\/media\/14986"}],"wp:attachment":[{"href":"https:\/\/www.cfaebooks.com\/ro\/wp-json\/wp\/v2\/media?parent=14985"}],"wp:term":[{"taxonomy":"product_brand","embeddable":true,"href":"https:\/\/www.cfaebooks.com\/ro\/wp-json\/wp\/v2\/product_brand?post=14985"},{"taxonomy":"product_cat","embeddable":true,"href":"https:\/\/www.cfaebooks.com\/ro\/wp-json\/wp\/v2\/product_cat?post=14985"},{"taxonomy":"product_tag","embeddable":true,"href":"https:\/\/www.cfaebooks.com\/ro\/wp-json\/wp\/v2\/product_tag?post=14985"}],"curies":[{"name":"wp","href":"https:\/\/api.w.org\/{rel}","templated":true}]}}