{"id":14877,"date":"2025-11-03T00:04:27","date_gmt":"2025-11-03T00:04:27","guid":{"rendered":"https:\/\/www.cfaebooks.com\/?post_type=product&#038;p=14877"},"modified":"2026-04-03T08:07:08","modified_gmt":"2026-04-03T08:07:08","slug":"cfa-2026-schweser-notes-level-2-with-quicksheet","status":"publish","type":"product","link":"https:\/\/www.cfaebooks.com\/ro\/products\/cfa-2026-schweser-notes-level-2-with-quicksheet\/","title":{"rendered":"CFA 2026 Schweser Notes Nivelul 2 cu Quicksheet"},"content":{"rendered":"<p>De v\u00e2nzare este o carte electronic\u0103 2026 CFA Schweser Notes Level 2 cu Quicksheet.<\/p>\n\n\n\n<ul class=\"wp-block-list\">\n<li>Include set de 5 c\u0103r\u021bi:\n<ul class=\"wp-block-list\">\n<li><strong><em>Cartea 1: Metode cantitative \u0219i economie<\/em><\/strong><\/li>\n\n\n\n<li><strong><em>Cartea 2: Analiza situa\u021biilor financiare \u0219i emiten\u021bii corporativi<\/em><\/strong><\/li>\n\n\n\n<li><strong><em>Cartea 3: Evaluarea capitalurilor proprii<\/em><\/strong><\/li>\n\n\n\n<li><strong><em>Cartea 4: Venituri fixe, instrumente derivate \u0219i investi\u021bii alternative<\/em><\/strong><\/li>\n\n\n\n<li><strong><em>Cartea 5: Gestionarea portofoliului \u0219i standardele etice \u0219i profesionale<\/em><\/strong>.<\/li>\n<\/ul>\n<\/li>\n\n\n\n<li>Quicksheet are 6 pagini \u00een total<\/li>\n\n\n\n<li>Pachetul include versiunea pdf, epub \u0219i web.<\/li>\n<\/ul>\n\n\n\n<p>Aceasta nu este o carte fizic\u0103, este o copie digital\u0103 PDF. V\u0103 rug\u0103m s\u0103 nu achizi\u021biona\u021bi dac\u0103 dori\u021bi o copie fizic\u0103. Dup\u0103 finalizarea comenzii, pute\u021bi desc\u0103rca cartea electronic\u0103 imediat.<\/p>","protected":false},"excerpt":{"rendered":"<p>For sale is an e-Book 2026 CFA Schweser Notes Level 2 with Quicksheet. This is not a physical book it is a&nbsp;PDF&nbsp;digital copy. Please do not purchase if you want a physical hard copy. After checkout you can download the e-Book immediately.<\/p>","protected":false},"featured_media":14878,"comment_status":"closed","ping_status":"closed","template":"","meta":[],"product_brand":[],"product_cat":[266],"product_tag":[369,93,88,90,375,91,363,92,158,179],"class_list":{"0":"post-14877","1":"product","2":"type-product","3":"status-publish","4":"has-post-thumbnail","6":"product_cat-cfa-level-2","7":"product_tag-cfa-2026","8":"product_tag-cfa-books","9":"product_tag-cfa-ebooks","10":"product_tag-cfa-exam","11":"product_tag-cfa-level-2-2026","12":"product_tag-cfa-prep","13":"product_tag-cfa-study-notes","14":"product_tag-cfa-test","15":"product_tag-kaplan-schweser","16":"product_tag-schweser-notes","18":"first","19":"instock","20":"downloadable","21":"virtual","22":"sold-individually","23":"purchasable","24":"product-type-simple"},"_links":{"self":[{"href":"https:\/\/www.cfaebooks.com\/ro\/wp-json\/wp\/v2\/product\/14877","targetHints":{"allow":["GET"]}}],"collection":[{"href":"https:\/\/www.cfaebooks.com\/ro\/wp-json\/wp\/v2\/product"}],"about":[{"href":"https:\/\/www.cfaebooks.com\/ro\/wp-json\/wp\/v2\/types\/product"}],"replies":[{"embeddable":true,"href":"https:\/\/www.cfaebooks.com\/ro\/wp-json\/wp\/v2\/comments?post=14877"}],"wp:featuredmedia":[{"embeddable":true,"href":"https:\/\/www.cfaebooks.com\/ro\/wp-json\/wp\/v2\/media\/14878"}],"wp:attachment":[{"href":"https:\/\/www.cfaebooks.com\/ro\/wp-json\/wp\/v2\/media?parent=14877"}],"wp:term":[{"taxonomy":"product_brand","embeddable":true,"href":"https:\/\/www.cfaebooks.com\/ro\/wp-json\/wp\/v2\/product_brand?post=14877"},{"taxonomy":"product_cat","embeddable":true,"href":"https:\/\/www.cfaebooks.com\/ro\/wp-json\/wp\/v2\/product_cat?post=14877"},{"taxonomy":"product_tag","embeddable":true,"href":"https:\/\/www.cfaebooks.com\/ro\/wp-json\/wp\/v2\/product_tag?post=14877"}],"curies":[{"name":"wp","href":"https:\/\/api.w.org\/{rel}","templated":true}]}}