{"id":14326,"date":"2025-10-13T00:02:58","date_gmt":"2025-10-13T00:02:58","guid":{"rendered":"https:\/\/www.cfaebooks.com\/?post_type=product&#038;p=14326"},"modified":"2026-04-03T08:06:48","modified_gmt":"2026-04-03T08:06:48","slug":"2025-cfa-nivel-1-marca-meldrum-premium-mock-examene","status":"publish","type":"product","link":"https:\/\/www.cfaebooks.com\/ro\/products\/2025-cfa-nivel-1-marca-meldrum-premium-mock-examene\/","title":{"rendered":"2025 CFA Nivelul 1 Mark Meldrum Premium Examene simulate"},"content":{"rendered":"<p>De v\u00e2nzare este un e-Book 2025 CFA Level 1 <strong>Mark Meldrum Examene simulate Premium<\/strong> PDF.<\/p>\n\n\n\n<ul class=\"wp-block-list\">\n<li>Inclusiv 2 sesiuni,\u00a0<strong>4 examene simulate complete<\/strong>.<\/li>\n\n\n\n<li>Aceste simul\u0103ri sunt concepute pentru CFA Nivelul 1 \u00een dificultate.<\/li>\n\n\n\n<li>Include <strong>\u00eentreb\u0103ri \u0219i r\u0103spunsuri<\/strong><\/li>\n\n\n\n<li>Textul poate fi c\u0103utat utiliz\u00e2nd func\u021bia de c\u0103utare de pe tastatura computerului \"ctrl+f\" \u0219i prin c\u0103utare pe smartphone\/tablet\u0103<\/li>\n\n\n\n<li>Aceasta nu este o carte fizic\u0103, este o copie digital\u0103 PDF. V\u0103 rug\u0103m s\u0103 nu cump\u0103ra\u021bi dac\u0103 dori\u021bi o copie fizic\u0103.<\/li>\n\n\n\n<li>Dup\u0103 finalizarea comenzii, pute\u021bi desc\u0103rca imediat cartea electronic\u0103.<\/li>\n<\/ul>","protected":false},"excerpt":{"rendered":"<p>De v\u00e2nzare este un e-Book 2025 CFA Level 1 Mark Meldrum Premium Mock Exams PDF.<\/p>","protected":false},"featured_media":14327,"comment_status":"closed","ping_status":"closed","template":"","meta":[],"product_brand":[],"product_cat":[260],"product_tag":[261,93,88,90,268,87,361,91,92],"class_list":{"0":"post-14326","1":"product","2":"type-product","3":"status-publish","4":"has-post-thumbnail","6":"product_cat-cfa-level-1","7":"product_tag-cfa-2025","8":"product_tag-cfa-books","9":"product_tag-cfa-ebooks","10":"product_tag-cfa-exam","11":"product_tag-cfa-level-1-2025","12":"product_tag-cfa-level-i","13":"product_tag-cfa-mock-exams","14":"product_tag-cfa-prep","15":"product_tag-cfa-test","17":"first","18":"instock","19":"downloadable","20":"virtual","21":"sold-individually","22":"purchasable","23":"product-type-simple"},"_links":{"self":[{"href":"https:\/\/www.cfaebooks.com\/ro\/wp-json\/wp\/v2\/product\/14326","targetHints":{"allow":["GET"]}}],"collection":[{"href":"https:\/\/www.cfaebooks.com\/ro\/wp-json\/wp\/v2\/product"}],"about":[{"href":"https:\/\/www.cfaebooks.com\/ro\/wp-json\/wp\/v2\/types\/product"}],"replies":[{"embeddable":true,"href":"https:\/\/www.cfaebooks.com\/ro\/wp-json\/wp\/v2\/comments?post=14326"}],"wp:featuredmedia":[{"embeddable":true,"href":"https:\/\/www.cfaebooks.com\/ro\/wp-json\/wp\/v2\/media\/14327"}],"wp:attachment":[{"href":"https:\/\/www.cfaebooks.com\/ro\/wp-json\/wp\/v2\/media?parent=14326"}],"wp:term":[{"taxonomy":"product_brand","embeddable":true,"href":"https:\/\/www.cfaebooks.com\/ro\/wp-json\/wp\/v2\/product_brand?post=14326"},{"taxonomy":"product_cat","embeddable":true,"href":"https:\/\/www.cfaebooks.com\/ro\/wp-json\/wp\/v2\/product_cat?post=14326"},{"taxonomy":"product_tag","embeddable":true,"href":"https:\/\/www.cfaebooks.com\/ro\/wp-json\/wp\/v2\/product_tag?post=14326"}],"curies":[{"name":"wp","href":"https:\/\/api.w.org\/{rel}","templated":true}]}}