{"id":14215,"date":"2025-10-09T09:01:49","date_gmt":"2025-10-09T09:01:49","guid":{"rendered":"https:\/\/www.cfaebooks.com\/?post_type=product&#038;p=14215"},"modified":"2026-04-03T08:06:34","modified_gmt":"2026-04-03T08:06:34","slug":"2026-cfa-level-3-ift-mock-exam-private-markets-pathway","status":"publish","type":"product","link":"https:\/\/www.cfaebooks.com\/ro\/products\/2026-cfa-level-3-ift-mock-exam-private-markets-pathway\/","title":{"rendered":"2026 CFA Level 3 IFT Mock Exam: Calea pie\u021belor private"},"content":{"rendered":"<p>De v\u00e2nzare este o carte electronic\u0103 2026 CFA Level 3 IFT Mock Exams Private Markets Pathway PDF.<\/p>\n\n\n\n<ul class=\"wp-block-list\">\n<li>Inclusiv 2 sesiuni, <strong>4 examene simulate complete<\/strong>.<\/li>\n\n\n\n<li>Aceste simul\u0103ri sunt concepute pentru CFA Level 3 Private Markets Pathway \u00een dificultate.<\/li>\n\n\n\n<li>Include fi\u0219iere separate pentru \u00eentreb\u0103ri \u0219i r\u0103spunsuri, astfel \u00eenc\u00e2t s\u0103 pute\u021bi r\u0103spunde la \u00eentreb\u0103ri \u0219i apoi s\u0103 v\u0103 compara\u021bi r\u0103spunsurile<\/li>\n\n\n\n<li>Textul poate fi c\u0103utat utiliz\u00e2nd func\u021bia de c\u0103utare de pe tastatura computerului \"ctrl+f\" \u0219i prin c\u0103utare pe smartphone\/tablet\u0103<\/li>\n\n\n\n<li>Aceasta nu este o carte fizic\u0103, este o copie digital\u0103 PDF. V\u0103 rug\u0103m s\u0103 nu cump\u0103ra\u021bi dac\u0103 dori\u021bi o copie fizic\u0103.<\/li>\n\n\n\n<li>Dup\u0103 finalizarea comenzii, pute\u021bi desc\u0103rca imediat cartea electronic\u0103.<\/li>\n<\/ul>","protected":false},"excerpt":{"rendered":"<p>De v\u00e2nzare este o carte electronic\u0103 2026 CFA Level 3 IFT Mock Exams Private Markets Pathway PDF.<\/p>","protected":false},"featured_media":14216,"comment_status":"closed","ping_status":"closed","template":"","meta":[],"product_brand":[],"product_cat":[265],"product_tag":[369,93,88,90,180,371,361,311,91,92,167,381],"class_list":{"0":"post-14215","1":"product","2":"type-product","3":"status-publish","4":"has-post-thumbnail","6":"product_cat-cfa-level-3","7":"product_tag-cfa-2026","8":"product_tag-cfa-books","9":"product_tag-cfa-ebooks","10":"product_tag-cfa-exam","11":"product_tag-cfa-level-3","12":"product_tag-cfa-level-3-2026","13":"product_tag-cfa-mock-exams","14":"product_tag-cfa-mocks","15":"product_tag-cfa-prep","16":"product_tag-cfa-test","17":"product_tag-ift","18":"product_tag-ift-2026","20":"first","21":"instock","22":"downloadable","23":"virtual","24":"sold-individually","25":"purchasable","26":"product-type-simple"},"_links":{"self":[{"href":"https:\/\/www.cfaebooks.com\/ro\/wp-json\/wp\/v2\/product\/14215","targetHints":{"allow":["GET"]}}],"collection":[{"href":"https:\/\/www.cfaebooks.com\/ro\/wp-json\/wp\/v2\/product"}],"about":[{"href":"https:\/\/www.cfaebooks.com\/ro\/wp-json\/wp\/v2\/types\/product"}],"replies":[{"embeddable":true,"href":"https:\/\/www.cfaebooks.com\/ro\/wp-json\/wp\/v2\/comments?post=14215"}],"wp:featuredmedia":[{"embeddable":true,"href":"https:\/\/www.cfaebooks.com\/ro\/wp-json\/wp\/v2\/media\/14216"}],"wp:attachment":[{"href":"https:\/\/www.cfaebooks.com\/ro\/wp-json\/wp\/v2\/media?parent=14215"}],"wp:term":[{"taxonomy":"product_brand","embeddable":true,"href":"https:\/\/www.cfaebooks.com\/ro\/wp-json\/wp\/v2\/product_brand?post=14215"},{"taxonomy":"product_cat","embeddable":true,"href":"https:\/\/www.cfaebooks.com\/ro\/wp-json\/wp\/v2\/product_cat?post=14215"},{"taxonomy":"product_tag","embeddable":true,"href":"https:\/\/www.cfaebooks.com\/ro\/wp-json\/wp\/v2\/product_tag?post=14215"}],"curies":[{"name":"wp","href":"https:\/\/api.w.org\/{rel}","templated":true}]}}