{"id":14040,"date":"2025-10-04T01:08:10","date_gmt":"2025-10-04T01:08:10","guid":{"rendered":"https:\/\/www.cfaebooks.com\/?post_type=product&#038;p=14040"},"modified":"2026-04-03T08:06:03","modified_gmt":"2026-04-03T08:06:03","slug":"cfa-2026-level-1-salt-solutions-question-bank-and-mock-exams","status":"publish","type":"product","link":"https:\/\/www.cfaebooks.com\/ro\/products\/cfa-2026-level-1-salt-solutions-question-bank-and-mock-exams\/","title":{"rendered":"CFA 2026 Level 1 Salt Solutions Banca de \u00eentreb\u0103ri \u0219i examene simulate"},"content":{"rendered":"<p>De v\u00e2nzare este o carte electronic\u0103 2026 CFA Level 1 Salt Solutions Question Bank and Mock Exams PDF.<\/p>\n\n\n\n<ul class=\"wp-block-list\">\n<li>Mai mult de 1000+ \u00eentreb\u0103ri cu r\u0103spunsuri<\/li>\n\n\n\n<li>Inclusiv 3 examene simulate, fiecare cu 2 sesiuni.<\/li>\n\n\n\n<li>A acoperit 10 subiecte:&nbsp;\n<ul class=\"wp-block-list\">\n<li><em><strong>Metode cantitative<\/strong><\/em><\/li>\n\n\n\n<li><em><strong>Economie<\/strong><\/em><\/li>\n\n\n\n<li><em><strong>Emiten\u021bi corporativi<\/strong><\/em><\/li>\n\n\n\n<li><em><strong>Analiza situa\u021biilor financiare<\/strong><\/em><\/li>\n\n\n\n<li><em><strong>Ac\u021biuni<\/strong><\/em><\/li>\n\n\n\n<li><em><strong>Venituri fixe<\/strong><\/em><\/li>\n\n\n\n<li><em><strong>Derivate<\/strong><\/em><\/li>\n\n\n\n<li><em><strong>Investi\u021bii alternative<\/strong><\/em><\/li>\n\n\n\n<li><em><strong>Gestionarea portofoliului<\/strong><\/em><\/li>\n\n\n\n<li><em><strong>Etic\u0103.<\/strong><\/em><\/li>\n<\/ul>\n<\/li>\n\n\n\n<li>Include fi\u0219iere separate pentru \u00eentreb\u0103ri \u0219i r\u0103spunsuri, astfel \u00eenc\u00e2t s\u0103 pute\u021bi r\u0103spunde la \u00eentreb\u0103ri \u0219i apoi s\u0103 v\u0103 compara\u021bi r\u0103spunsurile<\/li>\n\n\n\n<li>Textul poate fi c\u0103utat utiliz\u00e2nd func\u021bia de c\u0103utare de pe tastatura computerului \"ctrl+f\" \u0219i prin c\u0103utare pe smartphone\/tablet\u0103<\/li>\n\n\n\n<li>Aceasta nu este o carte fizic\u0103, este o copie digital\u0103 PDF. V\u0103 rug\u0103m s\u0103 nu cump\u0103ra\u021bi dac\u0103 dori\u021bi o copie fizic\u0103.<\/li>\n\n\n\n<li>Dup\u0103 finalizarea comenzii, pute\u021bi desc\u0103rca imediat cartea electronic\u0103.<\/li>\n<\/ul>","protected":false},"excerpt":{"rendered":"<p>De v\u00e2nzare este o carte electronic\u0103 2026 CFA Level 1 Salt Solutions Question Bank and Mock Exams PDF.<\/p>","protected":false},"featured_media":14042,"comment_status":"closed","ping_status":"closed","template":"","meta":[],"product_brand":[],"product_cat":[260],"product_tag":[369,93,88,90,370,87,361,311,91,166,92,176,162,377],"class_list":{"0":"post-14040","1":"product","2":"type-product","3":"status-publish","4":"has-post-thumbnail","6":"product_cat-cfa-level-1","7":"product_tag-cfa-2026","8":"product_tag-cfa-books","9":"product_tag-cfa-ebooks","10":"product_tag-cfa-exam","11":"product_tag-cfa-level-1-2026","12":"product_tag-cfa-level-i","13":"product_tag-cfa-mock-exams","14":"product_tag-cfa-mocks","15":"product_tag-cfa-prep","16":"product_tag-cfa-question-bank","17":"product_tag-cfa-test","18":"product_tag-mock-exam","19":"product_tag-qbank","20":"product_tag-salt-solutions","22":"first","23":"instock","24":"downloadable","25":"virtual","26":"sold-individually","27":"purchasable","28":"product-type-simple"},"_links":{"self":[{"href":"https:\/\/www.cfaebooks.com\/ro\/wp-json\/wp\/v2\/product\/14040","targetHints":{"allow":["GET"]}}],"collection":[{"href":"https:\/\/www.cfaebooks.com\/ro\/wp-json\/wp\/v2\/product"}],"about":[{"href":"https:\/\/www.cfaebooks.com\/ro\/wp-json\/wp\/v2\/types\/product"}],"replies":[{"embeddable":true,"href":"https:\/\/www.cfaebooks.com\/ro\/wp-json\/wp\/v2\/comments?post=14040"}],"wp:featuredmedia":[{"embeddable":true,"href":"https:\/\/www.cfaebooks.com\/ro\/wp-json\/wp\/v2\/media\/14042"}],"wp:attachment":[{"href":"https:\/\/www.cfaebooks.com\/ro\/wp-json\/wp\/v2\/media?parent=14040"}],"wp:term":[{"taxonomy":"product_brand","embeddable":true,"href":"https:\/\/www.cfaebooks.com\/ro\/wp-json\/wp\/v2\/product_brand?post=14040"},{"taxonomy":"product_cat","embeddable":true,"href":"https:\/\/www.cfaebooks.com\/ro\/wp-json\/wp\/v2\/product_cat?post=14040"},{"taxonomy":"product_tag","embeddable":true,"href":"https:\/\/www.cfaebooks.com\/ro\/wp-json\/wp\/v2\/product_tag?post=14040"}],"curies":[{"name":"wp","href":"https:\/\/api.w.org\/{rel}","templated":true}]}}