{"id":13451,"date":"2025-08-17T05:47:12","date_gmt":"2025-08-17T05:47:12","guid":{"rendered":"https:\/\/www.cfaebooks.com\/?post_type=product&#038;p=13451"},"modified":"2026-04-03T08:05:40","modified_gmt":"2026-04-03T08:05:40","slug":"frm-2025-partea-2-bionic-turtle-intrebari-practice-si-examene-simulate","status":"publish","type":"product","link":"https:\/\/www.cfaebooks.com\/ro\/products\/frm-2025-partea-2-bionic-turtle-intrebari-practice-si-examene-simulate\/","title":{"rendered":"FRM 2025 Partea 2 Bionic Turtle \u00centreb\u0103ri practice \u0219i examene simulate"},"content":{"rendered":"<p>De v\u00e2nzare este un e-Book 2025 FRM Partea 2 Bionic Turtle Practice Questions and Mock Exams PDF.<\/p>\n\n\n\n<p><strong>Subiecte abordate:<\/strong><\/p>\n\n\n\n<ul class=\"wp-block-list\">\n<li><strong>M\u0103surarea \u0219i gestionarea riscului de pia\u021b\u0103<\/strong><\/li>\n\n\n\n<li><strong>M\u0103surarea \u0219i gestionarea riscului de credit<\/strong><\/li>\n\n\n\n<li><strong>Managementul riscurilor opera\u021bionale \u0219i integrate<\/strong><\/li>\n\n\n\n<li><strong>M\u0103surarea \u0219i gestionarea riscului de lichiditate \u0219i de trezorerie<\/strong><\/li>\n\n\n\n<li><strong>Managementul riscului \u0219i managementul investi\u021biilor<\/strong><\/li>\n<\/ul>\n\n\n\n<p>Aceasta nu este o carte fizic\u0103, este o copie digital\u0103 PDF. V\u0103 rug\u0103m s\u0103 nu cump\u0103ra\u021bi dac\u0103 dori\u021bi o copie fizic\u0103.<\/p>\n\n\n\n<p>Dup\u0103 finalizarea comenzii, pute\u021bi desc\u0103rca imediat cartea electronic\u0103.<\/p>","protected":false},"excerpt":{"rendered":"<p>For sale is an e-Book 2025 FRM Part 2 Bionic Turtle Practice Questions and Mock Exams PDF. Topics Covered: This is not a physical book it is a&nbsp;PDF&nbsp;digital copy. Please do not purchase if you want a physical hard copy. After checkout you can download the e-Book instantly.<\/p>","protected":false},"featured_media":13452,"comment_status":"closed","ping_status":"closed","template":"","meta":[],"product_brand":[],"product_cat":[325],"product_tag":[263,374,326,185,186,181,188,329,182,204,183],"class_list":{"0":"post-13451","1":"product","2":"type-product","3":"status-publish","4":"has-post-thumbnail","6":"product_cat-frm-part-2","7":"product_tag-bionic-turtle","8":"product_tag-bionic-turtle-frm","9":"product_tag-frm-2025","10":"product_tag-frm-books","11":"product_tag-frm-ebooks","12":"product_tag-frm-exam","13":"product_tag-frm-part-2","14":"product_tag-frm-part-2-2025","15":"product_tag-frm-prep","16":"product_tag-frm-question-bank","17":"product_tag-frm-test","19":"first","20":"instock","21":"downloadable","22":"virtual","23":"sold-individually","24":"purchasable","25":"product-type-simple"},"_links":{"self":[{"href":"https:\/\/www.cfaebooks.com\/ro\/wp-json\/wp\/v2\/product\/13451","targetHints":{"allow":["GET"]}}],"collection":[{"href":"https:\/\/www.cfaebooks.com\/ro\/wp-json\/wp\/v2\/product"}],"about":[{"href":"https:\/\/www.cfaebooks.com\/ro\/wp-json\/wp\/v2\/types\/product"}],"replies":[{"embeddable":true,"href":"https:\/\/www.cfaebooks.com\/ro\/wp-json\/wp\/v2\/comments?post=13451"}],"wp:featuredmedia":[{"embeddable":true,"href":"https:\/\/www.cfaebooks.com\/ro\/wp-json\/wp\/v2\/media\/13452"}],"wp:attachment":[{"href":"https:\/\/www.cfaebooks.com\/ro\/wp-json\/wp\/v2\/media?parent=13451"}],"wp:term":[{"taxonomy":"product_brand","embeddable":true,"href":"https:\/\/www.cfaebooks.com\/ro\/wp-json\/wp\/v2\/product_brand?post=13451"},{"taxonomy":"product_cat","embeddable":true,"href":"https:\/\/www.cfaebooks.com\/ro\/wp-json\/wp\/v2\/product_cat?post=13451"},{"taxonomy":"product_tag","embeddable":true,"href":"https:\/\/www.cfaebooks.com\/ro\/wp-json\/wp\/v2\/product_tag?post=13451"}],"curies":[{"name":"wp","href":"https:\/\/api.w.org\/{rel}","templated":true}]}}