{"id":13376,"date":"2025-08-13T12:36:47","date_gmt":"2025-08-13T12:36:47","guid":{"rendered":"https:\/\/www.cfaebooks.com\/?post_type=product&#038;p=13376"},"modified":"2026-04-03T08:05:19","modified_gmt":"2026-04-03T08:05:19","slug":"cfa-2026-ift-note-de-studiu-de-nivel-3-de-gestionare-a-portofoliului-de-parcurs-cu-foaie-de-formula-2","status":"publish","type":"product","link":"https:\/\/www.cfaebooks.com\/ro\/products\/cfa-2026-ift-note-de-studiu-de-nivel-3-de-gestionare-a-portofoliului-de-parcurs-cu-foaie-de-formula-2\/","title":{"rendered":"CFA 2026 IFT Note de studiu Nivelul 3 Pathway de gestionare a portofoliului cu Formula Sheet"},"content":{"rendered":"<p>De v\u00e2nzare este un e-Book 2026 CFA Nivel 3 IFT Note de Studiu Pathway Portfolio Management cu Formula Sheet PDF.<\/p>\n\n\n\n<p>Include urm\u0103toarele subiecte:<\/p>\n\n\n\n<ul class=\"wp-block-list\">\n<li>Volumul 1 - Alocarea activelor<\/li>\n\n\n\n<li><em>Volumul 2 - Construc\u021bia portofoliului<\/em><\/li>\n\n\n\n<li><em>Volumul 3 - M\u0103surarea performan\u021bei<\/em><\/li>\n\n\n\n<li><em>Volumul 4 - Derivate \u0219i gestionarea riscurilor<\/em><\/li>\n\n\n\n<li><em>Volumul 5 - Standarde etice \u0219i profesionale<\/em><\/li>\n\n\n\n<li>Calea de gestionare a portofoliului<\/li>\n\n\n\n<li><em>2026 Nivel III Fact \u0219i Formula Sheet<\/em><\/li>\n<\/ul>\n\n\n\n<p>Textul poate fi c\u0103utat utiliz\u00e2nd func\u021bia de c\u0103utare de pe tastatura computerului \"ctrl f\" \u0219i prin intermediul func\u021biei de c\u0103utare de pe smartphone\/tablet\u0103.<\/p>\n\n\n\n<p>Ve\u021bi primi note de studiu detaliate care acoper\u0103 toate LOS, \u0219i care includ:&nbsp;<strong><em>Rezumatul fiec\u0103rei lecturi \u0219i exemple<\/em><\/strong><\/p>\n\n\n\n<ul class=\"wp-block-list\">\n<li>Dup\u0103 finalizarea comenzii, pute\u021bi desc\u0103rca imediat cartea electronic\u0103.<\/li>\n\n\n\n<li>Aceasta nu este o carte fizic\u0103, este o copie digital\u0103 PDF. V\u0103 rug\u0103m s\u0103 nu cump\u0103ra\u021bi dac\u0103 dori\u021bi o copie fizic\u0103<\/li>\n<\/ul>\n\n\n\n<p><\/p>","protected":false},"excerpt":{"rendered":"<p>For sale is an e-Book 2026 CFA Level 3 IFT Study Notes Portfolio Management Pathway with Formula Sheet PDF. Includes the following topics: The text is searchable using the find feature on your computer keyboard &#8216;ctrl f&#8217; and through search on your smartphone\/tablet. You will get detailed Study Notes covering all LOS, and which include:&nbsp;Summary [&hellip;]<\/p>\n","protected":false},"featured_media":13377,"comment_status":"closed","ping_status":"closed","template":"","meta":[],"product_brand":[],"product_cat":[265],"product_tag":[369,93,88,90,180,371,91,363,92,372,168],"class_list":{"0":"post-13376","1":"product","2":"type-product","3":"status-publish","4":"has-post-thumbnail","6":"product_cat-cfa-level-3","7":"product_tag-cfa-2026","8":"product_tag-cfa-books","9":"product_tag-cfa-ebooks","10":"product_tag-cfa-exam","11":"product_tag-cfa-level-3","12":"product_tag-cfa-level-3-2026","13":"product_tag-cfa-prep","14":"product_tag-cfa-study-notes","15":"product_tag-cfa-test","16":"product_tag-ift-study-notes","17":"product_tag-study-notes","19":"first","20":"instock","21":"downloadable","22":"virtual","23":"sold-individually","24":"purchasable","25":"product-type-simple"},"_links":{"self":[{"href":"https:\/\/www.cfaebooks.com\/ro\/wp-json\/wp\/v2\/product\/13376","targetHints":{"allow":["GET"]}}],"collection":[{"href":"https:\/\/www.cfaebooks.com\/ro\/wp-json\/wp\/v2\/product"}],"about":[{"href":"https:\/\/www.cfaebooks.com\/ro\/wp-json\/wp\/v2\/types\/product"}],"replies":[{"embeddable":true,"href":"https:\/\/www.cfaebooks.com\/ro\/wp-json\/wp\/v2\/comments?post=13376"}],"wp:featuredmedia":[{"embeddable":true,"href":"https:\/\/www.cfaebooks.com\/ro\/wp-json\/wp\/v2\/media\/13377"}],"wp:attachment":[{"href":"https:\/\/www.cfaebooks.com\/ro\/wp-json\/wp\/v2\/media?parent=13376"}],"wp:term":[{"taxonomy":"product_brand","embeddable":true,"href":"https:\/\/www.cfaebooks.com\/ro\/wp-json\/wp\/v2\/product_brand?post=13376"},{"taxonomy":"product_cat","embeddable":true,"href":"https:\/\/www.cfaebooks.com\/ro\/wp-json\/wp\/v2\/product_cat?post=13376"},{"taxonomy":"product_tag","embeddable":true,"href":"https:\/\/www.cfaebooks.com\/ro\/wp-json\/wp\/v2\/product_tag?post=13376"}],"curies":[{"name":"wp","href":"https:\/\/api.w.org\/{rel}","templated":true}]}}