{"id":13247,"date":"2025-07-31T04:30:44","date_gmt":"2025-07-31T04:30:44","guid":{"rendered":"https:\/\/www.cfaebooks.com\/?post_type=product&#038;p=13247"},"modified":"2026-04-03T08:05:16","modified_gmt":"2026-04-03T08:05:16","slug":"cfa-2026-level-1-ift-high-yield-note-de-studiu","status":"publish","type":"product","link":"https:\/\/www.cfaebooks.com\/ro\/products\/cfa-2026-level-1-ift-high-yield-note-de-studiu\/","title":{"rendered":"CFA 2026 Level 1 IFT High Yield Note de studiu"},"content":{"rendered":"<p>De v\u00e2nzare este o carte electronic\u0103 2026 CFA Level 1 IFT High Yield Notes PDF.<\/p>\n\n\n\n<p><strong>Tem\u0103 inclus\u0103:<\/strong><\/p>\n\n\n\n<ol class=\"wp-block-list\">\n<li><strong><em>Metode cantitative<\/em><\/strong><\/li>\n\n\n\n<li><strong><em>Economie<\/em><\/strong><\/li>\n\n\n\n<li><strong><em>Emiten\u021bi corporativi<\/em><\/strong><\/li>\n\n\n\n<li><strong><em>Analiza situa\u021biilor financiare<\/em><\/strong><\/li>\n\n\n\n<li><strong><em>Echitate<\/em> Investi\u021bii<\/strong><\/li>\n\n\n\n<li><strong><em>Venituri fixe<\/em><\/strong><\/li>\n\n\n\n<li><strong><em>Derivate<\/em><\/strong><\/li>\n\n\n\n<li><strong><em>Investi\u021bii alternative<\/em><\/strong><\/li>\n\n\n\n<li><strong><em>Gestionarea portofoliului<\/em><\/strong><\/li>\n\n\n\n<li><strong><strong><em>Standarde etice \u0219i profesionale<\/em><\/strong>.<\/strong><\/li>\n<\/ol>\n\n\n\n<p>Dup\u0103 finalizarea comenzii, pute\u021bi desc\u0103rca imediat c\u0103r\u021bile electronice. Acestea nu sunt c\u0103r\u021bi fizice, ci sunt copii digitale PDF. V\u0103 rug\u0103m s\u0103 nu achizi\u021biona\u021bi dac\u0103 dori\u021bi o copie fizic\u0103.<\/p>","protected":false},"excerpt":{"rendered":"<p>For sale is an e-Book 2026 CFA Level 1 IFT High Yield Notes PDF. Topic Included: After checkout you can download the e-Books immediately. These are not physical books they are PDF digital copies. Please do not purchase if you want a physical hard copy.<\/p>","protected":false},"featured_media":13388,"comment_status":"closed","ping_status":"closed","template":"","meta":[],"product_brand":[],"product_cat":[260],"product_tag":[369,93,90,370,87,311,91,92,335,167],"class_list":{"0":"post-13247","1":"product","2":"type-product","3":"status-publish","4":"has-post-thumbnail","6":"product_cat-cfa-level-1","7":"product_tag-cfa-2026","8":"product_tag-cfa-books","9":"product_tag-cfa-exam","10":"product_tag-cfa-level-1-2026","11":"product_tag-cfa-level-i","12":"product_tag-cfa-mocks","13":"product_tag-cfa-prep","14":"product_tag-cfa-test","15":"product_tag-high-yield-notes","16":"product_tag-ift","18":"first","19":"instock","20":"downloadable","21":"virtual","22":"sold-individually","23":"purchasable","24":"product-type-simple"},"_links":{"self":[{"href":"https:\/\/www.cfaebooks.com\/ro\/wp-json\/wp\/v2\/product\/13247","targetHints":{"allow":["GET"]}}],"collection":[{"href":"https:\/\/www.cfaebooks.com\/ro\/wp-json\/wp\/v2\/product"}],"about":[{"href":"https:\/\/www.cfaebooks.com\/ro\/wp-json\/wp\/v2\/types\/product"}],"replies":[{"embeddable":true,"href":"https:\/\/www.cfaebooks.com\/ro\/wp-json\/wp\/v2\/comments?post=13247"}],"wp:featuredmedia":[{"embeddable":true,"href":"https:\/\/www.cfaebooks.com\/ro\/wp-json\/wp\/v2\/media\/13388"}],"wp:attachment":[{"href":"https:\/\/www.cfaebooks.com\/ro\/wp-json\/wp\/v2\/media?parent=13247"}],"wp:term":[{"taxonomy":"product_brand","embeddable":true,"href":"https:\/\/www.cfaebooks.com\/ro\/wp-json\/wp\/v2\/product_brand?post=13247"},{"taxonomy":"product_cat","embeddable":true,"href":"https:\/\/www.cfaebooks.com\/ro\/wp-json\/wp\/v2\/product_cat?post=13247"},{"taxonomy":"product_tag","embeddable":true,"href":"https:\/\/www.cfaebooks.com\/ro\/wp-json\/wp\/v2\/product_tag?post=13247"}],"curies":[{"name":"wp","href":"https:\/\/api.w.org\/{rel}","templated":true}]}}