{"id":13238,"date":"2025-07-31T03:18:33","date_gmt":"2025-07-31T03:18:33","guid":{"rendered":"https:\/\/www.cfaebooks.com\/?post_type=product&#038;p=13238"},"modified":"2026-04-03T08:05:13","modified_gmt":"2026-04-03T08:05:13","slug":"cfa-2026-nivelul-1-ift-note-de-studiu-cu-foaie-de-formula","status":"publish","type":"product","link":"https:\/\/www.cfaebooks.com\/ro\/products\/cfa-2026-nivelul-1-ift-note-de-studiu-cu-foaie-de-formula\/","title":{"rendered":"CFA 2026 Nivelul 1 IFT Note de studiu cu foaie de formul\u0103"},"content":{"rendered":"<p>De v\u00e2nzare este un e-Book 2026 CFA Nivel 1 IFT Note de studiu cu Formula Sheet PDF.<\/p>\n\n\n\n<p>Include urm\u0103toarele subiecte: <\/p>\n\n\n\n<ol class=\"wp-block-list\">\n<li>Lecturi prealabile<\/li>\n\n\n\n<li><em>Metode cantitative<\/em><\/li>\n\n\n\n<li><em>Economie<\/em><\/li>\n\n\n\n<li><em>Emiten\u021bi corporativi<\/em><\/li>\n\n\n\n<li><em>Analiza situa\u021biilor financiare<\/em><\/li>\n\n\n\n<li><em>Investi\u021bii \u00een ac\u021biuni<\/em><\/li>\n\n\n\n<li><em>Venituri fixe<\/em><\/li>\n\n\n\n<li><em>Derivate<\/em><\/li>\n\n\n\n<li><em>Investi\u021bii alternative<\/em><\/li>\n\n\n\n<li><em>Gestionarea portofoliului<\/em><\/li>\n\n\n\n<li><em>Standarde etice \u0219i profesionale<\/em>.<\/li>\n<\/ol>\n\n\n\n<p>Ve\u021bi primi note de studiu detaliate care acoper\u0103 toate LOS, \u0219i care includ: <strong><em>Rezumatul fiec\u0103rei lecturi \u0219i exemple<\/em><\/strong><\/p>\n\n\n\n<ul class=\"wp-block-list\">\n<li>Dup\u0103 finalizarea comenzii, pute\u021bi desc\u0103rca imediat cartea electronic\u0103.<\/li>\n\n\n\n<li>Aceasta nu este o carte fizic\u0103, este o copie digital\u0103 PDF. V\u0103 rug\u0103m s\u0103 nu cump\u0103ra\u021bi dac\u0103 dori\u021bi o copie fizic\u0103<\/li>\n<\/ul>","protected":false},"excerpt":{"rendered":"<p>For sale is an e-Book 2026 CFA Level 1 IFT Study Notes with Formula Sheet PDF. Includes the following topics: You will get detailed Study Notes covering all LOS, and which include: Summary of each reading and Examples<\/p>","protected":false},"featured_media":13387,"comment_status":"closed","ping_status":"closed","template":"","meta":[],"product_brand":[],"product_cat":[260],"product_tag":[369,93,88,90,370,87,91,92,167,168],"class_list":{"0":"post-13238","1":"product","2":"type-product","3":"status-publish","4":"has-post-thumbnail","6":"product_cat-cfa-level-1","7":"product_tag-cfa-2026","8":"product_tag-cfa-books","9":"product_tag-cfa-ebooks","10":"product_tag-cfa-exam","11":"product_tag-cfa-level-1-2026","12":"product_tag-cfa-level-i","13":"product_tag-cfa-prep","14":"product_tag-cfa-test","15":"product_tag-ift","16":"product_tag-study-notes","18":"first","19":"instock","20":"downloadable","21":"virtual","22":"sold-individually","23":"purchasable","24":"product-type-simple"},"_links":{"self":[{"href":"https:\/\/www.cfaebooks.com\/ro\/wp-json\/wp\/v2\/product\/13238","targetHints":{"allow":["GET"]}}],"collection":[{"href":"https:\/\/www.cfaebooks.com\/ro\/wp-json\/wp\/v2\/product"}],"about":[{"href":"https:\/\/www.cfaebooks.com\/ro\/wp-json\/wp\/v2\/types\/product"}],"replies":[{"embeddable":true,"href":"https:\/\/www.cfaebooks.com\/ro\/wp-json\/wp\/v2\/comments?post=13238"}],"wp:featuredmedia":[{"embeddable":true,"href":"https:\/\/www.cfaebooks.com\/ro\/wp-json\/wp\/v2\/media\/13387"}],"wp:attachment":[{"href":"https:\/\/www.cfaebooks.com\/ro\/wp-json\/wp\/v2\/media?parent=13238"}],"wp:term":[{"taxonomy":"product_brand","embeddable":true,"href":"https:\/\/www.cfaebooks.com\/ro\/wp-json\/wp\/v2\/product_brand?post=13238"},{"taxonomy":"product_cat","embeddable":true,"href":"https:\/\/www.cfaebooks.com\/ro\/wp-json\/wp\/v2\/product_cat?post=13238"},{"taxonomy":"product_tag","embeddable":true,"href":"https:\/\/www.cfaebooks.com\/ro\/wp-json\/wp\/v2\/product_tag?post=13238"}],"curies":[{"name":"wp","href":"https:\/\/api.w.org\/{rel}","templated":true}]}}