{"id":12974,"date":"2025-06-26T08:21:49","date_gmt":"2025-06-26T08:21:49","guid":{"rendered":"https:\/\/www.cfaebooks.com\/?post_type=product&#038;p=12974"},"modified":"2026-04-03T08:05:11","modified_gmt":"2026-04-03T08:05:11","slug":"2026-cfa-program-curriculum-level-1-box-set","status":"publish","type":"product","link":"https:\/\/www.cfaebooks.com\/ro\/products\/2026-cfa-program-curriculum-level-1-box-set\/","title":{"rendered":"2026 Programul CFA Curriculum Level 1 Box Set"},"content":{"rendered":"<p>De v\u00e2nzare este o carte electronic\u0103 2026 CFA Program Curriculum Level I Box Set.<\/p>\n\n\n\n<p>Volumele includ:<\/p>\n\n\n\n<ul class=\"wp-block-list\">\n<li>Volumul 1: Metode cantitative<\/li>\n\n\n\n<li>Volumul 2: Economie<\/li>\n\n\n\n<li>Volumul 3: Emiten\u021bi corporativi<\/li>\n\n\n\n<li>Volumul 4: Analiza situa\u021biilor financiare<\/li>\n\n\n\n<li>Volumul 5: Investi\u021bii \u00een capitaluri proprii<\/li>\n\n\n\n<li>Volumul 6: Venituri fixe<\/li>\n\n\n\n<li>Volumul 7:  Derivate<\/li>\n\n\n\n<li>Volumul 8: Investi\u021bii alternative<\/li>\n\n\n\n<li>Volumul 9: Gestionarea portofoliului<\/li>\n\n\n\n<li>Volumul 10: Standarde etice \u0219i profesionale&nbsp;<\/li>\n<\/ul>\n\n\n\n<p>Aceasta nu este o carte fizic\u0103, este un PDF digital. V\u0103 rug\u0103m s\u0103 nu cump\u0103ra\u021bi dac\u0103 dori\u021bi o copie fizic\u0103. Dup\u0103 finalizarea comenzii, pute\u021bi desc\u0103rca cartea electronic\u0103 imediat.<\/p>","protected":false},"excerpt":{"rendered":"<p>For sale is an e-Book 2026 CFA Program Curriculum Level I Box Set. Volumes include: This is not a physical book it is a&nbsp;PDF&nbsp;digital. Please do not purchase if you want a physical hard copy. After checkout you can download the e-Book immediately.<\/p>","protected":false},"featured_media":12980,"comment_status":"closed","ping_status":"closed","template":"","meta":[],"product_brand":[],"product_cat":[260],"product_tag":[369,93,88,90,370,87,91,89,92,241,168],"class_list":{"0":"post-12974","1":"product","2":"type-product","3":"status-publish","4":"has-post-thumbnail","6":"product_cat-cfa-level-1","7":"product_tag-cfa-2026","8":"product_tag-cfa-books","9":"product_tag-cfa-ebooks","10":"product_tag-cfa-exam","11":"product_tag-cfa-level-1-2026","12":"product_tag-cfa-level-i","13":"product_tag-cfa-prep","14":"product_tag-cfa-program-curriculum","15":"product_tag-cfa-test","16":"product_tag-level-1","17":"product_tag-study-notes","19":"first","20":"instock","21":"downloadable","22":"virtual","23":"sold-individually","24":"purchasable","25":"product-type-simple"},"_links":{"self":[{"href":"https:\/\/www.cfaebooks.com\/ro\/wp-json\/wp\/v2\/product\/12974","targetHints":{"allow":["GET"]}}],"collection":[{"href":"https:\/\/www.cfaebooks.com\/ro\/wp-json\/wp\/v2\/product"}],"about":[{"href":"https:\/\/www.cfaebooks.com\/ro\/wp-json\/wp\/v2\/types\/product"}],"replies":[{"embeddable":true,"href":"https:\/\/www.cfaebooks.com\/ro\/wp-json\/wp\/v2\/comments?post=12974"}],"wp:featuredmedia":[{"embeddable":true,"href":"https:\/\/www.cfaebooks.com\/ro\/wp-json\/wp\/v2\/media\/12980"}],"wp:attachment":[{"href":"https:\/\/www.cfaebooks.com\/ro\/wp-json\/wp\/v2\/media?parent=12974"}],"wp:term":[{"taxonomy":"product_brand","embeddable":true,"href":"https:\/\/www.cfaebooks.com\/ro\/wp-json\/wp\/v2\/product_brand?post=12974"},{"taxonomy":"product_cat","embeddable":true,"href":"https:\/\/www.cfaebooks.com\/ro\/wp-json\/wp\/v2\/product_cat?post=12974"},{"taxonomy":"product_tag","embeddable":true,"href":"https:\/\/www.cfaebooks.com\/ro\/wp-json\/wp\/v2\/product_tag?post=12974"}],"curies":[{"name":"wp","href":"https:\/\/api.w.org\/{rel}","templated":true}]}}