{"id":12947,"date":"2025-06-22T06:15:37","date_gmt":"2025-06-22T06:15:37","guid":{"rendered":"https:\/\/www.cfaebooks.com\/?post_type=product&#038;p=12947"},"modified":"2026-04-03T08:05:08","modified_gmt":"2026-04-03T08:05:08","slug":"caia-2025-uppermark-mock-exams-level-2","status":"publish","type":"product","link":"https:\/\/www.cfaebooks.com\/ro\/products\/caia-2025-uppermark-mock-exams-level-2\/","title":{"rendered":"CAIA 2025 UpperMark Mock Exams Level 2"},"content":{"rendered":"<p>De v\u00e2nzare este un e-Book CAIA 2025 UpperMark Mock Exams Level 2.<\/p>\n\n\n\n<p><strong>Sunt incluse <strong>4 examene simulate complete<\/strong>, fiecare cu dou\u0103 sesiuni, concepute pentru a reflecta formatul real al examenului CAIA Level II.<\/strong><\/p>\n\n\n\n<p><strong>Include un r\u0103spuns pentru fiecare \u00eentrebare.<\/strong><\/p>\n\n\n\n<p>Aceasta nu este o carte fizic\u0103, este o copie digital\u0103 PDF. V\u0103 rug\u0103m s\u0103 nu achizi\u021biona\u021bi dac\u0103 dori\u021bi o copie fizic\u0103. Dup\u0103 finalizarea comenzii, pute\u021bi desc\u0103rca cartea electronic\u0103 instantaneu.<\/p>","protected":false},"excerpt":{"rendered":"<p>For sale is an e-Book CAIA 2025 UpperMark Mock Exams Level 2. Included are 4 full mock exams, each with two sessions\u2014designed to mirror the actual CAIA Level II exam format. Includes an answer for every question. This is not a physical book it is a&nbsp;PDF&nbsp;digital copy. Please do not purchase if you want a [&hellip;]<\/p>\n","protected":false},"featured_media":12948,"comment_status":"closed","ping_status":"closed","template":"","meta":[],"product_brand":[],"product_cat":[318],"product_tag":[247,319,251,250,248,322,253,366,252,249],"class_list":{"0":"post-12947","1":"product","2":"type-product","3":"status-publish","4":"has-post-thumbnail","6":"product_cat-caia-level-2","7":"product_tag-caia","8":"product_tag-caia-2025","9":"product_tag-caia-books","10":"product_tag-caia-ebooks","11":"product_tag-caia-exam","12":"product_tag-caia-level-2","13":"product_tag-caia-level-ii","14":"product_tag-caia-mock-exams","15":"product_tag-caia-prep","16":"product_tag-caia-test","18":"first","19":"instock","20":"downloadable","21":"virtual","22":"sold-individually","23":"purchasable","24":"product-type-simple"},"_links":{"self":[{"href":"https:\/\/www.cfaebooks.com\/ro\/wp-json\/wp\/v2\/product\/12947","targetHints":{"allow":["GET"]}}],"collection":[{"href":"https:\/\/www.cfaebooks.com\/ro\/wp-json\/wp\/v2\/product"}],"about":[{"href":"https:\/\/www.cfaebooks.com\/ro\/wp-json\/wp\/v2\/types\/product"}],"replies":[{"embeddable":true,"href":"https:\/\/www.cfaebooks.com\/ro\/wp-json\/wp\/v2\/comments?post=12947"}],"wp:featuredmedia":[{"embeddable":true,"href":"https:\/\/www.cfaebooks.com\/ro\/wp-json\/wp\/v2\/media\/12948"}],"wp:attachment":[{"href":"https:\/\/www.cfaebooks.com\/ro\/wp-json\/wp\/v2\/media?parent=12947"}],"wp:term":[{"taxonomy":"product_brand","embeddable":true,"href":"https:\/\/www.cfaebooks.com\/ro\/wp-json\/wp\/v2\/product_brand?post=12947"},{"taxonomy":"product_cat","embeddable":true,"href":"https:\/\/www.cfaebooks.com\/ro\/wp-json\/wp\/v2\/product_cat?post=12947"},{"taxonomy":"product_tag","embeddable":true,"href":"https:\/\/www.cfaebooks.com\/ro\/wp-json\/wp\/v2\/product_tag?post=12947"}],"curies":[{"name":"wp","href":"https:\/\/api.w.org\/{rel}","templated":true}]}}