{"id":12941,"date":"2025-06-22T05:08:46","date_gmt":"2025-06-22T05:08:46","guid":{"rendered":"https:\/\/www.cfaebooks.com\/?post_type=product&#038;p=12941"},"modified":"2026-04-03T08:05:05","modified_gmt":"2026-04-03T08:05:05","slug":"caia-2025-level-2-uppermark-question-bank-crq-and-essay-questions","status":"publish","type":"product","link":"https:\/\/www.cfaebooks.com\/ro\/products\/caia-2025-level-2-uppermark-question-bank-crq-and-essay-questions\/","title":{"rendered":"CAIA 2025 Nivelul 2 Banca de \u00eentreb\u0103ri UpperMark, CRQ \u0219i \u00eentreb\u0103ri de eseu"},"content":{"rendered":"<p>De v\u00e2nzare este o carte electronic\u0103 2025 CAIA Level 2 UpperMark Question Bank, CRQ \u0219i Essay Questions.<\/p>\n\n\n\n<p><strong>Banca de teste include peste 2.000 de \u00eentreb\u0103ri cu r\u0103spunsuri detaliate.<\/strong><\/p>\n\n\n\n<p><strong>\u00centreb\u0103ri de r\u0103spuns constructiv<\/strong> (CRQ)<\/p>\n\n\n\n<p><strong>\u00centreb\u0103ri tip eseu cu r\u0103spunsuri tip<\/strong><\/p>\n\n\n\n<p><strong>QBank Subiect acoperit:<\/strong><\/p>\n\n\n\n<ul class=\"wp-block-list\">\n<li>Tema 1 Proprietarii institu\u021bionali de active \u0219i politicile de investi\u021bii<\/li>\n\n\n\n<li>Tema 2 Alocarea activelor<\/li>\n\n\n\n<li>Tema 3 Riscul \u0219i gestionarea riscurilor<\/li>\n\n\n\n<li>Tema 4 Metode \u0219i modele<\/li>\n\n\n\n<li>Tema 5 Accesarea investi\u021biilor alternative<\/li>\n\n\n\n<li>Tema 6 Due Diligence \u0219i selectarea managerilor<\/li>\n\n\n\n<li>Tema 7 Volatilitatea \u0219i strategiile complexe<\/li>\n<\/ul>\n\n\n\n<p><strong>CRQ Tema abordat\u0103:<\/strong><\/p>\n\n\n\n<ul class=\"wp-block-list\">\n<li>Tema 1 Proprietarii institu\u021bionali de active \u0219i politicile de investi\u021bii<\/li>\n\n\n\n<li>Tema 2 Alocarea activelor<\/li>\n\n\n\n<li>Tema 3 Riscul \u0219i gestionarea riscurilor<\/li>\n\n\n\n<li>Tema 4 Metode \u0219i modele<\/li>\n\n\n\n<li>Tema 5 Accesarea investi\u021biilor alternative<\/li>\n\n\n\n<li>Tema 6 Due Diligence \u0219i selectarea managerilor<\/li>\n\n\n\n<li>Tema 7 Volatilitatea \u0219i strategiile complexe<\/li>\n\n\n\n<li>Tema 8 Considera\u021bii universale privind investi\u021biile<\/li>\n\n\n\n<li>Tema 9 Subiecte emergente<\/li>\n<\/ul>\n\n\n\n<p>Aceasta nu este o carte fizic\u0103, este o copie digital\u0103 PDF. V\u0103 rug\u0103m s\u0103 nu achizi\u021biona\u021bi dac\u0103 dori\u021bi o copie fizic\u0103. Dup\u0103 finalizarea comenzii, pute\u021bi desc\u0103rca cartea electronic\u0103 instantaneu.<\/p>","protected":false},"excerpt":{"rendered":"<p>For sale is an e-Book 2025 CAIA Level 2 UpperMark Question Bank, CRQ and Essay Questions. The test bank includes over 2,000 questions with detailed answers. Constructive Response Questions (CRQ) Essay Questions with Model Answers QBank Topic covered: CRQ Topic covered: This is not a physical book it is a&nbsp;PDF&nbsp;digital copy. Please do not purchase [&hellip;]<\/p>\n","protected":false},"featured_media":12942,"comment_status":"closed","ping_status":"closed","template":"","meta":[],"product_brand":[],"product_cat":[318],"product_tag":[247,319,251,368,250,248,253,252,330,331,249],"class_list":{"0":"post-12941","1":"product","2":"type-product","3":"status-publish","4":"has-post-thumbnail","6":"product_cat-caia-level-2","7":"product_tag-caia","8":"product_tag-caia-2025","9":"product_tag-caia-books","10":"product_tag-caia-crq","11":"product_tag-caia-ebooks","12":"product_tag-caia-exam","13":"product_tag-caia-level-ii","14":"product_tag-caia-prep","15":"product_tag-caia-qbank","16":"product_tag-caia-question-bank","17":"product_tag-caia-test","19":"first","20":"instock","21":"downloadable","22":"virtual","23":"sold-individually","24":"purchasable","25":"product-type-simple"},"_links":{"self":[{"href":"https:\/\/www.cfaebooks.com\/ro\/wp-json\/wp\/v2\/product\/12941","targetHints":{"allow":["GET"]}}],"collection":[{"href":"https:\/\/www.cfaebooks.com\/ro\/wp-json\/wp\/v2\/product"}],"about":[{"href":"https:\/\/www.cfaebooks.com\/ro\/wp-json\/wp\/v2\/types\/product"}],"replies":[{"embeddable":true,"href":"https:\/\/www.cfaebooks.com\/ro\/wp-json\/wp\/v2\/comments?post=12941"}],"wp:featuredmedia":[{"embeddable":true,"href":"https:\/\/www.cfaebooks.com\/ro\/wp-json\/wp\/v2\/media\/12942"}],"wp:attachment":[{"href":"https:\/\/www.cfaebooks.com\/ro\/wp-json\/wp\/v2\/media?parent=12941"}],"wp:term":[{"taxonomy":"product_brand","embeddable":true,"href":"https:\/\/www.cfaebooks.com\/ro\/wp-json\/wp\/v2\/product_brand?post=12941"},{"taxonomy":"product_cat","embeddable":true,"href":"https:\/\/www.cfaebooks.com\/ro\/wp-json\/wp\/v2\/product_cat?post=12941"},{"taxonomy":"product_tag","embeddable":true,"href":"https:\/\/www.cfaebooks.com\/ro\/wp-json\/wp\/v2\/product_tag?post=12941"}],"curies":[{"name":"wp","href":"https:\/\/api.w.org\/{rel}","templated":true}]}}