{"id":12932,"date":"2025-06-22T04:43:40","date_gmt":"2025-06-22T04:43:40","guid":{"rendered":"https:\/\/www.cfaebooks.com\/?post_type=product&#038;p=12932"},"modified":"2026-04-03T08:04:58","modified_gmt":"2026-04-03T08:04:58","slug":"caia-2025-uppermark-question-bank-level-1","status":"publish","type":"product","link":"https:\/\/www.cfaebooks.com\/ro\/products\/caia-2025-uppermark-question-bank-level-1\/","title":{"rendered":"CAIA 2025 Banca de \u00eentreb\u0103ri UpperMark Nivel 1"},"content":{"rendered":"<p>De v\u00e2nzare este un e-Book 2025 CAIA UpperMark Question Bank Level 1.<\/p>\n\n\n\n<p><strong>Banca de teste include peste 2.000 de \u00eentreb\u0103ri cu r\u0103spunsuri detaliate.<\/strong><\/p>\n\n\n\n<p><strong>Subiect abordat:<\/strong><\/p>\n\n\n\n<ul class=\"wp-block-list\">\n<li>Tema 1 Standarde profesionale \u0219i etic\u0103<\/li>\n\n\n\n<li>Tema 2 Introducere \u00een investi\u021biile alternative<\/li>\n\n\n\n<li>Tema 3 Activele reale<\/li>\n\n\n\n<li>Tema 4 Capital privat<\/li>\n\n\n\n<li>Tema 5 Datorie privat\u0103<\/li>\n\n\n\n<li>Tema 6 Fonduri speculative<\/li>\n\n\n\n<li>Tema 7 Bunuri digitale<\/li>\n\n\n\n<li>Tema 8 Strategii suplimentare<\/li>\n<\/ul>\n\n\n\n<p>Aceasta nu este o carte fizic\u0103, este o copie digital\u0103 PDF. V\u0103 rug\u0103m s\u0103 nu achizi\u021biona\u021bi dac\u0103 dori\u021bi o copie fizic\u0103. Dup\u0103 finalizarea comenzii, pute\u021bi desc\u0103rca cartea electronic\u0103 instantaneu.<\/p>","protected":false},"excerpt":{"rendered":"<p>For sale is an e-Book 2025 CAIA UpperMark Question Bank Level 1. The test bank includes over 2,000 questions with detailed answers. Topic covered: This is not a physical book it is a&nbsp;PDF&nbsp;digital copy. Please do not purchase if you want a physical hard copy. After checkout you can download the e-Book instantly.<\/p>","protected":false},"featured_media":12933,"comment_status":"closed","ping_status":"closed","template":"","meta":[],"product_brand":[],"product_cat":[317],"product_tag":[247,319,251,250,248,246,252,330,331,249],"class_list":{"0":"post-12932","1":"product","2":"type-product","3":"status-publish","4":"has-post-thumbnail","6":"product_cat-caia-level-1","7":"product_tag-caia","8":"product_tag-caia-2025","9":"product_tag-caia-books","10":"product_tag-caia-ebooks","11":"product_tag-caia-exam","12":"product_tag-caia-level-i","13":"product_tag-caia-prep","14":"product_tag-caia-qbank","15":"product_tag-caia-question-bank","16":"product_tag-caia-test","18":"first","19":"instock","20":"downloadable","21":"virtual","22":"sold-individually","23":"purchasable","24":"product-type-simple"},"_links":{"self":[{"href":"https:\/\/www.cfaebooks.com\/ro\/wp-json\/wp\/v2\/product\/12932","targetHints":{"allow":["GET"]}}],"collection":[{"href":"https:\/\/www.cfaebooks.com\/ro\/wp-json\/wp\/v2\/product"}],"about":[{"href":"https:\/\/www.cfaebooks.com\/ro\/wp-json\/wp\/v2\/types\/product"}],"replies":[{"embeddable":true,"href":"https:\/\/www.cfaebooks.com\/ro\/wp-json\/wp\/v2\/comments?post=12932"}],"wp:featuredmedia":[{"embeddable":true,"href":"https:\/\/www.cfaebooks.com\/ro\/wp-json\/wp\/v2\/media\/12933"}],"wp:attachment":[{"href":"https:\/\/www.cfaebooks.com\/ro\/wp-json\/wp\/v2\/media?parent=12932"}],"wp:term":[{"taxonomy":"product_brand","embeddable":true,"href":"https:\/\/www.cfaebooks.com\/ro\/wp-json\/wp\/v2\/product_brand?post=12932"},{"taxonomy":"product_cat","embeddable":true,"href":"https:\/\/www.cfaebooks.com\/ro\/wp-json\/wp\/v2\/product_cat?post=12932"},{"taxonomy":"product_tag","embeddable":true,"href":"https:\/\/www.cfaebooks.com\/ro\/wp-json\/wp\/v2\/product_tag?post=12932"}],"curies":[{"name":"wp","href":"https:\/\/api.w.org\/{rel}","templated":true}]}}