{"id":12889,"date":"2025-06-21T01:24:57","date_gmt":"2025-06-21T01:24:57","guid":{"rendered":"https:\/\/www.cfaebooks.com\/?post_type=product&#038;p=12889"},"modified":"2026-04-03T08:04:47","modified_gmt":"2026-04-03T08:04:47","slug":"cfa-2025-uworld-banca-de-intrebari-nivel-3-calea-de-gestionare-a-portofoliului","status":"publish","type":"product","link":"https:\/\/www.cfaebooks.com\/ro\/products\/cfa-2025-uworld-banca-de-intrebari-nivel-3-calea-de-gestionare-a-portofoliului\/","title":{"rendered":"CFA 2025 UWorld Banc\u0103 de \u00eentreb\u0103ri Nivelul 3 Calea c\u0103tre gestionarea portofoliului (\u00eentreb\u0103ri cu r\u0103spunsuri multiple + \u00eentreb\u0103ri cu r\u0103spunsuri corecte)"},"content":{"rendered":"<p>De v\u00e2nzare este o carte electronic\u0103\u00a0<strong>2025 CFA UWorld Banca de \u00eentreb\u0103ri Nivelul 3 Calea de gestionare a portofoliului<\/strong>\u00a0PDF.<\/p>\n\n\n\n<p>Include <strong>MCQ-uri \u0219i CRQ-uri<\/strong>, fiecare parte acoperind <strong>teme de baz\u0103 \u0219i parcurs de gestionare a portofoliului<\/strong> \u00eentreb\u0103ri \u0219i r\u0103spunsuri.<\/p>\n\n\n\n<p>Include urm\u0103toarele subiecte:&nbsp;<\/p>\n\n\n\n<ul class=\"wp-block-list\">\n<li>Alocarea activelor<\/li>\n\n\n\n<li>Construc\u021bia portofoliului<\/li>\n\n\n\n<li>Managementul performan\u021bei<\/li>\n\n\n\n<li>Derivate \u0219i gestionarea riscurilor<\/li>\n\n\n\n<li>Standarde etice \u0219i profesionale<\/li>\n\n\n\n<li><strong>Calea de gestionare a portofoliului<\/strong><\/li>\n<\/ul>\n\n\n\n<p>Textul poate fi c\u0103utat folosind func\u021bia de c\u0103utare de pe tastatura computerului \"ctrl+f\" \u0219i prin c\u0103utare pe smartphone\/tablet\u0103. Dup\u0103 finalizarea comenzii, pute\u021bi desc\u0103rca imediat banca de \u00eentreb\u0103ri.<\/p>","protected":false},"excerpt":{"rendered":"<p>For sale is an e-Book\u00a02025 CFA UWorld Question bank Level 3 Portfolio management pathway\u00a0PDF. Includes MCQs and CRQs, with each part covering core topics and Portfolio management pathway questions and answers. Includes the following topics:&nbsp; The text is searchable using the find feature on your computer keyboard \u2018ctrl+f\u2019 and through search on your smartphone\/tablet. After [&hellip;]<\/p>\n","protected":false},"featured_media":12900,"comment_status":"closed","ping_status":"closed","template":"","meta":[],"product_brand":[],"product_cat":[265],"product_tag":[261,93,88,90,180,91,166,92,365],"class_list":{"0":"post-12889","1":"product","2":"type-product","3":"status-publish","4":"has-post-thumbnail","6":"product_cat-cfa-level-3","7":"product_tag-cfa-2025","8":"product_tag-cfa-books","9":"product_tag-cfa-ebooks","10":"product_tag-cfa-exam","11":"product_tag-cfa-level-3","12":"product_tag-cfa-prep","13":"product_tag-cfa-question-bank","14":"product_tag-cfa-test","15":"product_tag-cfa-uworld","17":"first","18":"instock","19":"downloadable","20":"virtual","21":"sold-individually","22":"purchasable","23":"product-type-simple"},"_links":{"self":[{"href":"https:\/\/www.cfaebooks.com\/ro\/wp-json\/wp\/v2\/product\/12889","targetHints":{"allow":["GET"]}}],"collection":[{"href":"https:\/\/www.cfaebooks.com\/ro\/wp-json\/wp\/v2\/product"}],"about":[{"href":"https:\/\/www.cfaebooks.com\/ro\/wp-json\/wp\/v2\/types\/product"}],"replies":[{"embeddable":true,"href":"https:\/\/www.cfaebooks.com\/ro\/wp-json\/wp\/v2\/comments?post=12889"}],"wp:featuredmedia":[{"embeddable":true,"href":"https:\/\/www.cfaebooks.com\/ro\/wp-json\/wp\/v2\/media\/12900"}],"wp:attachment":[{"href":"https:\/\/www.cfaebooks.com\/ro\/wp-json\/wp\/v2\/media?parent=12889"}],"wp:term":[{"taxonomy":"product_brand","embeddable":true,"href":"https:\/\/www.cfaebooks.com\/ro\/wp-json\/wp\/v2\/product_brand?post=12889"},{"taxonomy":"product_cat","embeddable":true,"href":"https:\/\/www.cfaebooks.com\/ro\/wp-json\/wp\/v2\/product_cat?post=12889"},{"taxonomy":"product_tag","embeddable":true,"href":"https:\/\/www.cfaebooks.com\/ro\/wp-json\/wp\/v2\/product_tag?post=12889"}],"curies":[{"name":"wp","href":"https:\/\/api.w.org\/{rel}","templated":true}]}}