{"id":12885,"date":"2025-06-21T02:37:54","date_gmt":"2025-06-21T02:37:54","guid":{"rendered":"https:\/\/www.cfaebooks.com\/?post_type=product&#038;p=12885"},"modified":"2026-04-03T08:04:45","modified_gmt":"2026-04-03T08:04:45","slug":"cfa-2025-uworld-ghid-de-studiu-nivelul-3-calea-de-gestionare-a-portofoliului-2","status":"publish","type":"product","link":"https:\/\/www.cfaebooks.com\/ro\/products\/cfa-2025-uworld-ghid-de-studiu-nivelul-3-calea-de-gestionare-a-portofoliului-2\/","title":{"rendered":"CFA 2025 UWorld Study Guide Level 3 Portfolio Management Pathway with Formula Sheets"},"content":{"rendered":"<p>De v\u00e2nzare este un e-Book 2025 CFA UWorld Study Guide Level 3 Portfolio Management Pathway with Formula Sheets PDF.<\/p>\n\n\n\n<p>Include urm\u0103toarele subiecte:<\/p>\n\n\n\n<ul class=\"wp-block-list\">\n<li>Subiecte de baz\u0103: \n<ul class=\"wp-block-list\">\n<li>Alocarea activelor<\/li>\n\n\n\n<li>Construc\u021bia portofoliului<\/li>\n\n\n\n<li>Managementul performan\u021bei<\/li>\n\n\n\n<li>Derivate \u0219i gestionarea riscurilor<\/li>\n\n\n\n<li>Standarde etice \u0219i profesionale<\/li>\n<\/ul>\n<\/li>\n\n\n\n<li><strong>Calea de gestionare a portofoliului<\/strong><\/li>\n\n\n\n<li><strong>Foi de formule<\/strong><\/li>\n<\/ul>\n\n\n\n<p>Textul poate fi c\u0103utat utiliz\u00e2nd func\u021bia de c\u0103utare de pe tastatura computerului \"ctrl f\" \u0219i prin intermediul func\u021biei de c\u0103utare de pe smartphone\/tablet\u0103.<\/p>\n\n\n\n<p>Aceasta nu este o carte fizic\u0103, este o copie digital\u0103 PDF. V\u0103 rug\u0103m s\u0103 nu cump\u0103ra\u021bi dac\u0103 dori\u021bi o copie fizic\u0103<\/p>","protected":false},"excerpt":{"rendered":"<p>For sale is an e-Book 2025 CFA UWorld Study Guide Level 3 Portfolio Management Pathway with Formula Sheets PDF. Includes the following topics: The text is searchable using the find feature on your computer keyboard &#8216;ctrl f&#8217; and through search on your smartphone\/tablet. This is not a physical book it is a PDF digital copy. [&hellip;]<\/p>\n","protected":false},"featured_media":12911,"comment_status":"closed","ping_status":"closed","template":"","meta":[],"product_brand":[],"product_cat":[265],"product_tag":[261,93,88,90,180,91,363,92,365,168],"class_list":{"0":"post-12885","1":"product","2":"type-product","3":"status-publish","4":"has-post-thumbnail","6":"product_cat-cfa-level-3","7":"product_tag-cfa-2025","8":"product_tag-cfa-books","9":"product_tag-cfa-ebooks","10":"product_tag-cfa-exam","11":"product_tag-cfa-level-3","12":"product_tag-cfa-prep","13":"product_tag-cfa-study-notes","14":"product_tag-cfa-test","15":"product_tag-cfa-uworld","16":"product_tag-study-notes","18":"first","19":"instock","20":"downloadable","21":"virtual","22":"sold-individually","23":"purchasable","24":"product-type-simple"},"_links":{"self":[{"href":"https:\/\/www.cfaebooks.com\/ro\/wp-json\/wp\/v2\/product\/12885","targetHints":{"allow":["GET"]}}],"collection":[{"href":"https:\/\/www.cfaebooks.com\/ro\/wp-json\/wp\/v2\/product"}],"about":[{"href":"https:\/\/www.cfaebooks.com\/ro\/wp-json\/wp\/v2\/types\/product"}],"replies":[{"embeddable":true,"href":"https:\/\/www.cfaebooks.com\/ro\/wp-json\/wp\/v2\/comments?post=12885"}],"wp:featuredmedia":[{"embeddable":true,"href":"https:\/\/www.cfaebooks.com\/ro\/wp-json\/wp\/v2\/media\/12911"}],"wp:attachment":[{"href":"https:\/\/www.cfaebooks.com\/ro\/wp-json\/wp\/v2\/media?parent=12885"}],"wp:term":[{"taxonomy":"product_brand","embeddable":true,"href":"https:\/\/www.cfaebooks.com\/ro\/wp-json\/wp\/v2\/product_brand?post=12885"},{"taxonomy":"product_cat","embeddable":true,"href":"https:\/\/www.cfaebooks.com\/ro\/wp-json\/wp\/v2\/product_cat?post=12885"},{"taxonomy":"product_tag","embeddable":true,"href":"https:\/\/www.cfaebooks.com\/ro\/wp-json\/wp\/v2\/product_tag?post=12885"}],"curies":[{"name":"wp","href":"https:\/\/api.w.org\/{rel}","templated":true}]}}