{"id":12770,"date":"2025-06-06T04:47:19","date_gmt":"2025-06-06T04:47:19","guid":{"rendered":"https:\/\/www.cfaebooks.com\/?post_type=product&#038;p=12770"},"modified":"2026-04-03T08:04:20","modified_gmt":"2026-04-03T08:04:20","slug":"cfa-2025-analystprep-essays-level-3-all-pathways","status":"publish","type":"product","link":"https:\/\/www.cfaebooks.com\/ro\/products\/cfa-2025-analystprep-essays-level-3-all-pathways\/","title":{"rendered":"CFA 2025 AnalystPrep Essays Nivelul 3 Toate c\u0103ile"},"content":{"rendered":"<p>De v\u00e2nzare este o carte electronic\u0103 <strong>2025 CFA AnalystPrep Essays Nivelul 3 Toate c\u0103ile de acces<\/strong> PDF.<\/p>\n\n\n\n<p>Include urm\u0103toarele subiecte:&nbsp;<\/p>\n\n\n\n<ul class=\"wp-block-list\">\n<li><strong>Capitolul 1:<\/strong> Alocarea activelor<\/li>\n\n\n\n<li><strong>Capitolul 2:<\/strong> Construc\u021bia portofoliului<\/li>\n\n\n\n<li><strong>Capitolul 3:<\/strong> Managementul performan\u021bei<\/li>\n\n\n\n<li><strong>Capitolul 4:<\/strong> Derivate \u0219i gestionarea riscurilor<\/li>\n\n\n\n<li><strong>Capitolul 5:<\/strong> Standarde etice<\/li>\n\n\n\n<li><strong>Calea de gestionare a portofoliului<\/strong><\/li>\n\n\n\n<li><strong>Calea pie\u021belor private<\/strong><\/li>\n\n\n\n<li><strong>Calea patrimoniului privat<\/strong><\/li>\n<\/ul>\n\n\n\n<p>Aceasta nu este o carte fizic\u0103, este o copie digital\u0103 PDF. V\u0103 rug\u0103m s\u0103 nu achizi\u021biona\u021bi dac\u0103 dori\u021bi o copie fizic\u0103. Dup\u0103 finalizarea comenzii, pute\u021bi desc\u0103rca cartea electronic\u0103 imediat.<\/p>","protected":false},"excerpt":{"rendered":"<p>For sale is an e-Book 2025 CFA AnalystPrep Essays Level 3 All Pathways PDF. Includes the following topics:&nbsp; This is not a physical book it is a&nbsp;PDF&nbsp;digital copy. Please do not purchase if you want a physical hard copy. After checkout you can download the e-Book immediately.<\/p>","protected":false},"featured_media":12600,"comment_status":"closed","ping_status":"closed","template":"","meta":[],"product_brand":[],"product_cat":[265],"product_tag":[261,93,88,364,90,180,91,92],"class_list":{"0":"post-12770","1":"product","2":"type-product","3":"status-publish","4":"has-post-thumbnail","6":"product_cat-cfa-level-3","7":"product_tag-cfa-2025","8":"product_tag-cfa-books","9":"product_tag-cfa-ebooks","10":"product_tag-cfa-essays","11":"product_tag-cfa-exam","12":"product_tag-cfa-level-3","13":"product_tag-cfa-prep","14":"product_tag-cfa-test","16":"first","17":"instock","18":"downloadable","19":"virtual","20":"sold-individually","21":"purchasable","22":"product-type-simple"},"_links":{"self":[{"href":"https:\/\/www.cfaebooks.com\/ro\/wp-json\/wp\/v2\/product\/12770","targetHints":{"allow":["GET"]}}],"collection":[{"href":"https:\/\/www.cfaebooks.com\/ro\/wp-json\/wp\/v2\/product"}],"about":[{"href":"https:\/\/www.cfaebooks.com\/ro\/wp-json\/wp\/v2\/types\/product"}],"replies":[{"embeddable":true,"href":"https:\/\/www.cfaebooks.com\/ro\/wp-json\/wp\/v2\/comments?post=12770"}],"wp:featuredmedia":[{"embeddable":true,"href":"https:\/\/www.cfaebooks.com\/ro\/wp-json\/wp\/v2\/media\/12600"}],"wp:attachment":[{"href":"https:\/\/www.cfaebooks.com\/ro\/wp-json\/wp\/v2\/media?parent=12770"}],"wp:term":[{"taxonomy":"product_brand","embeddable":true,"href":"https:\/\/www.cfaebooks.com\/ro\/wp-json\/wp\/v2\/product_brand?post=12770"},{"taxonomy":"product_cat","embeddable":true,"href":"https:\/\/www.cfaebooks.com\/ro\/wp-json\/wp\/v2\/product_cat?post=12770"},{"taxonomy":"product_tag","embeddable":true,"href":"https:\/\/www.cfaebooks.com\/ro\/wp-json\/wp\/v2\/product_tag?post=12770"}],"curies":[{"name":"wp","href":"https:\/\/api.w.org\/{rel}","templated":true}]}}