{"id":12700,"date":"2025-05-26T03:05:28","date_gmt":"2025-05-26T03:05:28","guid":{"rendered":"https:\/\/www.cfaebooks.com\/?post_type=product&#038;p=12700"},"modified":"2026-04-03T08:04:05","modified_gmt":"2026-04-03T08:04:05","slug":"hock-cma-2025-textbook-part-1-financial-planning-performance-and-analytics","status":"publish","type":"product","link":"https:\/\/www.cfaebooks.com\/ro\/products\/hock-cma-2025-textbook-part-1-financial-planning-performance-and-analytics\/","title":{"rendered":"Hock CMA 2025 Textbook Partea 1 Planificare financiar\u0103, performan\u021b\u0103 \u0219i analiz\u0103"},"content":{"rendered":"<p>De v\u00e2nzare este un e-Book 2025 Hock CMA Textbook Part 1 Financial Planning, Performance and Analytics PDF.<\/p>\n\n\n\n<ul class=\"wp-block-list\">\n<li>Aceasta nu este o carte fizic\u0103, ci o copie digital\u0103 PDF. <\/li>\n\n\n\n<li>V\u0103 rug\u0103m s\u0103 nu achizi\u021biona\u021bi dac\u0103 dori\u021bi o copie fizic\u0103. <\/li>\n\n\n\n<li>Dup\u0103 finalizarea comenzii, pute\u021bi desc\u0103rca imediat cartea electronic\u0103.<\/li>\n<\/ul>","protected":false},"excerpt":{"rendered":"<p>De v\u00e2nzare este un e-Book 2025 Hock CMA Textbook Part 1 Financial Planning, Performance and Analytics PDF.<\/p>","protected":false},"featured_media":12701,"comment_status":"closed","ping_status":"closed","template":"","meta":[],"product_brand":[],"product_cat":[279],"product_tag":[282,301,292,291,288,285,290,286,289,294,296],"class_list":{"0":"post-12700","1":"product","2":"type-product","3":"status-publish","4":"has-post-thumbnail","6":"product_cat-cma-part-1","7":"product_tag-cma","8":"product_tag-cma-2025","9":"product_tag-cma-books","10":"product_tag-cma-ebooks","11":"product_tag-cma-exam","12":"product_tag-cma-part-1","13":"product_tag-cma-prep","14":"product_tag-cma-review","15":"product_tag-cma-test","16":"product_tag-hock","17":"product_tag-hock-cma","19":"first","20":"instock","21":"downloadable","22":"virtual","23":"sold-individually","24":"purchasable","25":"product-type-simple"},"_links":{"self":[{"href":"https:\/\/www.cfaebooks.com\/ro\/wp-json\/wp\/v2\/product\/12700","targetHints":{"allow":["GET"]}}],"collection":[{"href":"https:\/\/www.cfaebooks.com\/ro\/wp-json\/wp\/v2\/product"}],"about":[{"href":"https:\/\/www.cfaebooks.com\/ro\/wp-json\/wp\/v2\/types\/product"}],"replies":[{"embeddable":true,"href":"https:\/\/www.cfaebooks.com\/ro\/wp-json\/wp\/v2\/comments?post=12700"}],"wp:featuredmedia":[{"embeddable":true,"href":"https:\/\/www.cfaebooks.com\/ro\/wp-json\/wp\/v2\/media\/12701"}],"wp:attachment":[{"href":"https:\/\/www.cfaebooks.com\/ro\/wp-json\/wp\/v2\/media?parent=12700"}],"wp:term":[{"taxonomy":"product_brand","embeddable":true,"href":"https:\/\/www.cfaebooks.com\/ro\/wp-json\/wp\/v2\/product_brand?post=12700"},{"taxonomy":"product_cat","embeddable":true,"href":"https:\/\/www.cfaebooks.com\/ro\/wp-json\/wp\/v2\/product_cat?post=12700"},{"taxonomy":"product_tag","embeddable":true,"href":"https:\/\/www.cfaebooks.com\/ro\/wp-json\/wp\/v2\/product_tag?post=12700"}],"curies":[{"name":"wp","href":"https:\/\/api.w.org\/{rel}","templated":true}]}}