{"id":12590,"date":"2025-05-12T10:17:28","date_gmt":"2025-05-12T10:17:28","guid":{"rendered":"https:\/\/www.cfaebooks.com\/?post_type=product&#038;p=12590"},"modified":"2026-04-03T08:03:59","modified_gmt":"2026-04-03T08:03:59","slug":"frm-2025-part-1-analystprep-study-notes-qbank-with-formula-sheet","status":"publish","type":"product","link":"https:\/\/www.cfaebooks.com\/ro\/products\/frm-2025-part-1-analystprep-study-notes-qbank-with-formula-sheet\/","title":{"rendered":"FRM 2025 Partea 1 AnalystPrep Note de studiu, QBank cu Formula Sheet"},"content":{"rendered":"<p>De v\u00e2nzare este un e-Book 2025 FRM Partea 1 AnalystPrep Note de studiu, Banca de \u00eentreb\u0103ri \u0219i Formula Sheet PDF.<\/p>\n\n\n\n<p><strong>Subiecte abordate:<\/strong><\/p>\n\n\n\n<ul class=\"wp-block-list\">\n<li><strong>Fundamente ale managementului riscului<\/strong><\/li>\n\n\n\n<li><strong>Analiz\u0103 cantitativ\u0103<\/strong><\/li>\n\n\n\n<li><strong>Pie\u021be \u0219i produse financiare<\/strong><\/li>\n\n\n\n<li><strong>Modele de evaluare \u0219i de risc<\/strong><\/li>\n<\/ul>\n\n\n\n<p>Aceasta nu este o carte fizic\u0103, este o copie digital\u0103 PDF. V\u0103 rug\u0103m s\u0103 nu cump\u0103ra\u021bi dac\u0103 dori\u021bi o copie fizic\u0103<\/p>\n\n\n\n<p>Dup\u0103 finalizarea comenzii, pute\u021bi desc\u0103rca imediat cartea electronic\u0103.<\/p>","protected":false},"excerpt":{"rendered":"<p>For sale is an e-Book 2025 FRM Part 1 AnalystPrep Study Notes, Question Bank and Formula Sheet PDF. Topics Covered: This is not a physical book it is a&nbsp;PDF&nbsp;digital copy. Please do not purchase if you want a physical hard copy After checkout you can download the e-Book instantly.<\/p>","protected":false},"featured_media":12600,"comment_status":"closed","ping_status":"closed","template":"","meta":[],"product_brand":[],"product_cat":[324],"product_tag":[184,326,185,186,181,205,327,182,204,362,183],"class_list":{"0":"post-12590","1":"product","2":"type-product","3":"status-publish","4":"has-post-thumbnail","6":"product_cat-frm-part-1","7":"product_tag-frm","8":"product_tag-frm-2025","9":"product_tag-frm-books","10":"product_tag-frm-ebooks","11":"product_tag-frm-exam","12":"product_tag-frm-part-1","13":"product_tag-frm-part-1-2025","14":"product_tag-frm-prep","15":"product_tag-frm-question-bank","16":"product_tag-frm-study-notes","17":"product_tag-frm-test","19":"first","20":"instock","21":"downloadable","22":"virtual","23":"sold-individually","24":"purchasable","25":"product-type-simple"},"_links":{"self":[{"href":"https:\/\/www.cfaebooks.com\/ro\/wp-json\/wp\/v2\/product\/12590","targetHints":{"allow":["GET"]}}],"collection":[{"href":"https:\/\/www.cfaebooks.com\/ro\/wp-json\/wp\/v2\/product"}],"about":[{"href":"https:\/\/www.cfaebooks.com\/ro\/wp-json\/wp\/v2\/types\/product"}],"replies":[{"embeddable":true,"href":"https:\/\/www.cfaebooks.com\/ro\/wp-json\/wp\/v2\/comments?post=12590"}],"wp:featuredmedia":[{"embeddable":true,"href":"https:\/\/www.cfaebooks.com\/ro\/wp-json\/wp\/v2\/media\/12600"}],"wp:attachment":[{"href":"https:\/\/www.cfaebooks.com\/ro\/wp-json\/wp\/v2\/media?parent=12590"}],"wp:term":[{"taxonomy":"product_brand","embeddable":true,"href":"https:\/\/www.cfaebooks.com\/ro\/wp-json\/wp\/v2\/product_brand?post=12590"},{"taxonomy":"product_cat","embeddable":true,"href":"https:\/\/www.cfaebooks.com\/ro\/wp-json\/wp\/v2\/product_cat?post=12590"},{"taxonomy":"product_tag","embeddable":true,"href":"https:\/\/www.cfaebooks.com\/ro\/wp-json\/wp\/v2\/product_tag?post=12590"}],"curies":[{"name":"wp","href":"https:\/\/api.w.org\/{rel}","templated":true}]}}