{"id":12580,"date":"2025-05-12T09:13:02","date_gmt":"2025-05-12T09:13:02","guid":{"rendered":"https:\/\/www.cfaebooks.com\/?post_type=product&#038;p=12580"},"modified":"2026-04-03T08:03:54","modified_gmt":"2026-04-03T08:03:54","slug":"cfa-level-1-2025-uworld-mock-exam-1-2","status":"publish","type":"product","link":"https:\/\/www.cfaebooks.com\/ro\/products\/cfa-level-1-2025-uworld-mock-exam-1-2\/","title":{"rendered":"CFA Nivelul 1 2025 UWorld Examen simulat 1, 2"},"content":{"rendered":"<p>De v\u00e2nzare este un\u00a0<strong>2025 CFA Nivelul 1 UWorld Examen simulat 1, 2<\/strong> PDF.<\/p>\n\n\n\n<p><strong>Ve\u021bi primi 2 examene simulate, cu 2 sesiuni per examen - exact ca formatul CFA Level I real.<\/strong><\/p>\n\n\n\n<p><strong>S\u0103 \u0219ti\u021bi exact la ce s\u0103 v\u0103 a\u0219tepta\u021bi<\/strong><br>Preg\u0103ti\u021bi-v\u0103 cu \u00eencredere folosind examene simulate care reflect\u0103 \u00eendeaproape examenul real CFA Level I. De la interfa\u021b\u0103 \u0219i formatul \u00eentreb\u0103rilor la dificultate, sincronizare \u0219i ponderea subiectelor - fiecare detaliu este reprodus cu aten\u021bie pentru a oferi o experien\u021b\u0103 real\u0103 \u00een ziua examenului.<\/p>\n\n\n\n<p><strong>Transforma\u021bi examenul real \u00een doar un alt test practic<\/strong><br>\u00cencrederea vine din familiaritate. Preg\u0103tindu-v\u0103 \u00een mod constant \u00eentr-un mediu de examen realist, v\u0103 ve\u021bi prezenta la examenul CFA real sim\u021bindu-v\u0103 preg\u0103tit, ca \u0219i cum ar fi doar un alt simulacru pe care l-a\u021bi st\u0103p\u00e2nit deja.<\/p>\n\n\n\n<p>Textul poate fi c\u0103utat folosind func\u021bia de c\u0103utare de pe tastatura computerului \"ctrl+f\" \u0219i prin c\u0103utare pe smartphone\/tablet\u0103. Dup\u0103 checkout, pute\u021bi desc\u0103rca imediat examenele simulate.<\/p>","protected":false},"excerpt":{"rendered":"<p>For sale is an the\u00a02025 CFA Level 1 UWorld Mock Exam 1, 2 PDF. You\u2019ll get 2 mock exams, with 2 sessions per exam\u2014just like the actual CFA Level I format. Know Exactly What to ExpectPrepare with confidence using mock exams that closely mirror the real CFA Level I exam. From the interface and question [&hellip;]<\/p>\n","protected":false},"featured_media":12584,"comment_status":"closed","ping_status":"closed","template":"","meta":[],"product_brand":[],"product_cat":[260],"product_tag":[261,93,88,90,268,361,92],"class_list":{"0":"post-12580","1":"product","2":"type-product","3":"status-publish","4":"has-post-thumbnail","6":"product_cat-cfa-level-1","7":"product_tag-cfa-2025","8":"product_tag-cfa-books","9":"product_tag-cfa-ebooks","10":"product_tag-cfa-exam","11":"product_tag-cfa-level-1-2025","12":"product_tag-cfa-mock-exams","13":"product_tag-cfa-test","15":"first","16":"instock","17":"downloadable","18":"virtual","19":"sold-individually","20":"purchasable","21":"product-type-simple"},"_links":{"self":[{"href":"https:\/\/www.cfaebooks.com\/ro\/wp-json\/wp\/v2\/product\/12580","targetHints":{"allow":["GET"]}}],"collection":[{"href":"https:\/\/www.cfaebooks.com\/ro\/wp-json\/wp\/v2\/product"}],"about":[{"href":"https:\/\/www.cfaebooks.com\/ro\/wp-json\/wp\/v2\/types\/product"}],"replies":[{"embeddable":true,"href":"https:\/\/www.cfaebooks.com\/ro\/wp-json\/wp\/v2\/comments?post=12580"}],"wp:featuredmedia":[{"embeddable":true,"href":"https:\/\/www.cfaebooks.com\/ro\/wp-json\/wp\/v2\/media\/12584"}],"wp:attachment":[{"href":"https:\/\/www.cfaebooks.com\/ro\/wp-json\/wp\/v2\/media?parent=12580"}],"wp:term":[{"taxonomy":"product_brand","embeddable":true,"href":"https:\/\/www.cfaebooks.com\/ro\/wp-json\/wp\/v2\/product_brand?post=12580"},{"taxonomy":"product_cat","embeddable":true,"href":"https:\/\/www.cfaebooks.com\/ro\/wp-json\/wp\/v2\/product_cat?post=12580"},{"taxonomy":"product_tag","embeddable":true,"href":"https:\/\/www.cfaebooks.com\/ro\/wp-json\/wp\/v2\/product_tag?post=12580"}],"curies":[{"name":"wp","href":"https:\/\/api.w.org\/{rel}","templated":true}]}}