{"id":12524,"date":"2025-05-03T03:56:37","date_gmt":"2025-05-03T03:56:37","guid":{"rendered":"https:\/\/www.cfaebooks.com\/?post_type=product&#038;p=12524"},"modified":"2026-04-03T08:03:49","modified_gmt":"2026-04-03T08:03:49","slug":"2025-cfa-nivel-3-bill-campbell-examene-simulate-portofoliu-de-gestionare-a-parcursului-2","status":"publish","type":"product","link":"https:\/\/www.cfaebooks.com\/ro\/products\/2025-cfa-nivel-3-bill-campbell-examene-simulate-portofoliu-de-gestionare-a-parcursului-2\/","title":{"rendered":"2025 CFA Nivelul 3 Bill Campbell Examene simulate: Calea de gestionare a portofoliului"},"content":{"rendered":"<p>De v\u00e2nzare este un e-Book 2025 CFA Bill Campbell Mock Exams Level 3 Portfolio Management Pathway PDF.<\/p>\n\n\n\n<p><strong>Sesiuni de diminea\u021b\u0103 \u0219i de dup\u0103-amiaz\u0103: \u00een fiecare sesiune 2 examene simulate<\/strong><\/p>\n\n\n\n<ul class=\"wp-block-list\">\n<li>Aceasta nu este o carte fizic\u0103, ci o copie digital\u0103 PDF. <\/li>\n\n\n\n<li>V\u0103 rug\u0103m s\u0103 nu achizi\u021biona\u021bi dac\u0103 dori\u021bi o copie fizic\u0103. Dup\u0103 finalizarea comenzii, pute\u021bi desc\u0103rca imediat cartea electronic\u0103.<\/li>\n<\/ul>","protected":false},"excerpt":{"rendered":"<p>For sale is an e-Book 2025 CFA Bill Campbell Mock Exams Level 3 Portfolio Management Pathway PDF. Morning and Afternoon sessions: each session 2 mock exams<\/p>","protected":false},"featured_media":12525,"comment_status":"closed","ping_status":"closed","template":"","meta":[],"product_brand":[],"product_cat":[265],"product_tag":[262,261,93,88,90,180,91,92,176],"class_list":{"0":"post-12524","1":"product","2":"type-product","3":"status-publish","4":"has-post-thumbnail","6":"product_cat-cfa-level-3","7":"product_tag-bill-campbell","8":"product_tag-cfa-2025","9":"product_tag-cfa-books","10":"product_tag-cfa-ebooks","11":"product_tag-cfa-exam","12":"product_tag-cfa-level-3","13":"product_tag-cfa-prep","14":"product_tag-cfa-test","15":"product_tag-mock-exam","17":"first","18":"instock","19":"downloadable","20":"virtual","21":"sold-individually","22":"purchasable","23":"product-type-simple"},"_links":{"self":[{"href":"https:\/\/www.cfaebooks.com\/ro\/wp-json\/wp\/v2\/product\/12524","targetHints":{"allow":["GET"]}}],"collection":[{"href":"https:\/\/www.cfaebooks.com\/ro\/wp-json\/wp\/v2\/product"}],"about":[{"href":"https:\/\/www.cfaebooks.com\/ro\/wp-json\/wp\/v2\/types\/product"}],"replies":[{"embeddable":true,"href":"https:\/\/www.cfaebooks.com\/ro\/wp-json\/wp\/v2\/comments?post=12524"}],"wp:featuredmedia":[{"embeddable":true,"href":"https:\/\/www.cfaebooks.com\/ro\/wp-json\/wp\/v2\/media\/12525"}],"wp:attachment":[{"href":"https:\/\/www.cfaebooks.com\/ro\/wp-json\/wp\/v2\/media?parent=12524"}],"wp:term":[{"taxonomy":"product_brand","embeddable":true,"href":"https:\/\/www.cfaebooks.com\/ro\/wp-json\/wp\/v2\/product_brand?post=12524"},{"taxonomy":"product_cat","embeddable":true,"href":"https:\/\/www.cfaebooks.com\/ro\/wp-json\/wp\/v2\/product_cat?post=12524"},{"taxonomy":"product_tag","embeddable":true,"href":"https:\/\/www.cfaebooks.com\/ro\/wp-json\/wp\/v2\/product_tag?post=12524"}],"curies":[{"name":"wp","href":"https:\/\/api.w.org\/{rel}","templated":true}]}}