{"id":12213,"date":"2025-04-03T14:07:52","date_gmt":"2025-04-03T14:07:52","guid":{"rendered":"https:\/\/www.cfaebooks.com\/?post_type=product&#038;p=12213"},"modified":"2026-04-03T08:02:47","modified_gmt":"2026-04-03T08:02:47","slug":"cfa-2025-schweser-secret-sauce-level-3-private-wealth-pathway","status":"publish","type":"product","link":"https:\/\/www.cfaebooks.com\/ro\/products\/cfa-2025-schweser-secret-sauce-level-3-private-wealth-pathway\/","title":{"rendered":"CFA 2025 Schweser Secret Sauce Level 3 Private Wealth Pathway"},"content":{"rendered":"<p>De v\u00e2nzare este <strong>2025 CFA Schweser Secret Sauce Level 3 Private Wealth Pathway<\/strong> PDF.<\/p>\n\n\n\n<p><strong>Include urm\u0103toarele subiecte:<\/strong><\/p>\n\n\n\n<ul class=\"wp-block-list\">\n<li>Alocarea activelor<\/li>\n\n\n\n<li>Construc\u021bia portofoliului<\/li>\n\n\n\n<li>M\u0103surarea performan\u021bei<\/li>\n\n\n\n<li>Derivate \u0219i gestionarea riscurilor<\/li>\n\n\n\n<li>Standarde etice \u0219i profesionale<\/li>\n\n\n\n<li>Averea privat\u0103<\/li>\n\n\n\n<li>Strategii esen\u021biale de examinare<\/li>\n<\/ul>\n\n\n\n<p>Textul poate fi c\u0103utat folosind func\u021bia de c\u0103utare de pe tastatura computerului \"ctrl+f\" \u0219i prin intermediul func\u021biei de c\u0103utare de pe smartphone\/tablet\u0103. Acestea nu sunt c\u0103r\u021bi fizice, ci sunt copii digitale PDF. V\u0103 rug\u0103m s\u0103 nu le achizi\u021biona\u021bi dac\u0103 dori\u021bi o copie fizic\u0103.<\/p>\n\n\n\n<p>Dup\u0103 finalizarea comenzii, pute\u021bi desc\u0103rca cartea electronic\u0103 imediat.<\/p>","protected":false},"excerpt":{"rendered":"<p>For sale is the 2025 CFA Schweser Secret Sauce Level 3 Private Wealth Pathway PDF. Includes the following topics: The text is searchable using the find feature on your computer keyboard \u2018ctrl+f\u2019 and through search on your smartphone\/tablet. These are not physical books they are PDF digital copies. Please do not purchase if you want [&hellip;]<\/p>\n","protected":false},"featured_media":12214,"comment_status":"closed","ping_status":"closed","template":"","meta":[],"product_brand":[],"product_cat":[265],"product_tag":[261,93,88,90,180,267,91,92,159],"class_list":{"0":"post-12213","1":"product","2":"type-product","3":"status-publish","4":"has-post-thumbnail","6":"product_cat-cfa-level-3","7":"product_tag-cfa-2025","8":"product_tag-cfa-books","9":"product_tag-cfa-ebooks","10":"product_tag-cfa-exam","11":"product_tag-cfa-level-3","12":"product_tag-cfa-level-3-2025","13":"product_tag-cfa-prep","14":"product_tag-cfa-test","15":"product_tag-secret-sauce","17":"first","18":"instock","19":"downloadable","20":"virtual","21":"sold-individually","22":"purchasable","23":"product-type-simple"},"_links":{"self":[{"href":"https:\/\/www.cfaebooks.com\/ro\/wp-json\/wp\/v2\/product\/12213","targetHints":{"allow":["GET"]}}],"collection":[{"href":"https:\/\/www.cfaebooks.com\/ro\/wp-json\/wp\/v2\/product"}],"about":[{"href":"https:\/\/www.cfaebooks.com\/ro\/wp-json\/wp\/v2\/types\/product"}],"replies":[{"embeddable":true,"href":"https:\/\/www.cfaebooks.com\/ro\/wp-json\/wp\/v2\/comments?post=12213"}],"wp:featuredmedia":[{"embeddable":true,"href":"https:\/\/www.cfaebooks.com\/ro\/wp-json\/wp\/v2\/media\/12214"}],"wp:attachment":[{"href":"https:\/\/www.cfaebooks.com\/ro\/wp-json\/wp\/v2\/media?parent=12213"}],"wp:term":[{"taxonomy":"product_brand","embeddable":true,"href":"https:\/\/www.cfaebooks.com\/ro\/wp-json\/wp\/v2\/product_brand?post=12213"},{"taxonomy":"product_cat","embeddable":true,"href":"https:\/\/www.cfaebooks.com\/ro\/wp-json\/wp\/v2\/product_cat?post=12213"},{"taxonomy":"product_tag","embeddable":true,"href":"https:\/\/www.cfaebooks.com\/ro\/wp-json\/wp\/v2\/product_tag?post=12213"}],"curies":[{"name":"wp","href":"https:\/\/api.w.org\/{rel}","templated":true}]}}