{"id":12172,"date":"2025-04-01T13:59:07","date_gmt":"2025-04-01T13:59:07","guid":{"rendered":"https:\/\/www.cfaebooks.com\/?post_type=product&#038;p=12172"},"modified":"2026-04-03T08:02:28","modified_gmt":"2026-04-03T08:02:28","slug":"cfa-2025-uworld-ghid-de-studiu-note-nivel-2","status":"publish","type":"product","link":"https:\/\/www.cfaebooks.com\/ro\/products\/cfa-2025-uworld-ghid-de-studiu-note-nivel-2\/","title":{"rendered":"CFA 2025 UWorld Study Guide Notes Level 2"},"content":{"rendered":"<p>De v\u00e2nzare este 2025 CFA UWorld Study Guide Level 2 PDF.<\/p>\n\n\n\n<p>Include un set de 10 volume:<\/p>\n\n\n\n<ul class=\"wp-block-list\">\n<li>Metode cantitative<\/li>\n\n\n\n<li>Economie<\/li>\n\n\n\n<li>Analiza situa\u021biilor financiare<\/li>\n\n\n\n<li>Emiten\u021bi corporativi<\/li>\n\n\n\n<li>Evaluarea capitalurilor proprii<\/li>\n\n\n\n<li>Venituri fixe<\/li>\n\n\n\n<li>Derivate<\/li>\n\n\n\n<li>Investi\u021bii alternative<\/li>\n\n\n\n<li>Gestionarea portofoliului<\/li>\n\n\n\n<li>Standarde etice \u0219i profesionale<\/li>\n<\/ul>\n\n\n\n<p>V\u0103 rug\u0103m s\u0103 nu achizi\u021biona\u021bi dac\u0103 dori\u021bi o copie fizic\u0103. Dup\u0103 finalizarea comenzii, pute\u021bi desc\u0103rca materialul imediat.<\/p>","protected":false},"excerpt":{"rendered":"<p>For sale is the 2025 CFA UWorld Study Guide Level 2 PDF. Includes Set of 10 volumes: Please do not purchase if you want a physical hard copy. After checkout you can download the material immediately.<\/p>","protected":false},"featured_media":12779,"comment_status":"closed","ping_status":"closed","template":"","meta":[],"product_brand":[],"product_cat":[266],"product_tag":[261,93,88,90,178,293,311,91,92,176],"class_list":{"0":"post-12172","1":"product","2":"type-product","3":"status-publish","4":"has-post-thumbnail","6":"product_cat-cfa-level-2","7":"product_tag-cfa-2025","8":"product_tag-cfa-books","9":"product_tag-cfa-ebooks","10":"product_tag-cfa-exam","11":"product_tag-cfa-level-2","12":"product_tag-cfa-level-2-2025","13":"product_tag-cfa-mocks","14":"product_tag-cfa-prep","15":"product_tag-cfa-test","16":"product_tag-mock-exam","18":"first","19":"instock","20":"downloadable","21":"virtual","22":"sold-individually","23":"purchasable","24":"product-type-simple"},"_links":{"self":[{"href":"https:\/\/www.cfaebooks.com\/ro\/wp-json\/wp\/v2\/product\/12172","targetHints":{"allow":["GET"]}}],"collection":[{"href":"https:\/\/www.cfaebooks.com\/ro\/wp-json\/wp\/v2\/product"}],"about":[{"href":"https:\/\/www.cfaebooks.com\/ro\/wp-json\/wp\/v2\/types\/product"}],"replies":[{"embeddable":true,"href":"https:\/\/www.cfaebooks.com\/ro\/wp-json\/wp\/v2\/comments?post=12172"}],"wp:featuredmedia":[{"embeddable":true,"href":"https:\/\/www.cfaebooks.com\/ro\/wp-json\/wp\/v2\/media\/12779"}],"wp:attachment":[{"href":"https:\/\/www.cfaebooks.com\/ro\/wp-json\/wp\/v2\/media?parent=12172"}],"wp:term":[{"taxonomy":"product_brand","embeddable":true,"href":"https:\/\/www.cfaebooks.com\/ro\/wp-json\/wp\/v2\/product_brand?post=12172"},{"taxonomy":"product_cat","embeddable":true,"href":"https:\/\/www.cfaebooks.com\/ro\/wp-json\/wp\/v2\/product_cat?post=12172"},{"taxonomy":"product_tag","embeddable":true,"href":"https:\/\/www.cfaebooks.com\/ro\/wp-json\/wp\/v2\/product_tag?post=12172"}],"curies":[{"name":"wp","href":"https:\/\/api.w.org\/{rel}","templated":true}]}}