{"id":12090,"date":"2025-03-12T07:14:04","date_gmt":"2025-03-12T07:14:04","guid":{"rendered":"https:\/\/www.cfaebooks.com\/?post_type=product&#038;p=12090"},"modified":"2026-04-03T08:02:23","modified_gmt":"2026-04-03T08:02:23","slug":"cfa-2025-nivelul-2-colectii-cu-note-de-studiu-qbank-mcqs-si-mocks","status":"publish","type":"product","link":"https:\/\/www.cfaebooks.com\/ro\/products\/cfa-2025-nivelul-2-colectii-cu-note-de-studiu-qbank-mcqs-si-mocks\/","title":{"rendered":"CFA 2025 Nivelul 2 Colec\u021bii cu note de studiu, Qbank, MCQs, \u0219i Mocks"},"content":{"rendered":"<p>De v\u00e2nzare este 2025 CFA Level 2 Collection cu Note de studiu, Qbank, MCQs, \u0219i Mocks.<\/p>\n\n\n\n<p>\u00cen pachet, este inclus:<\/p>\n\n\n\n<ol class=\"wp-block-list\">\n<li>Curriculum Books 2025<\/li>\n\n\n\n<li>Kaplan Schweser 2025 + Quicksheet<\/li>\n\n\n\n<li>Kaplan Qbank 2025<\/li>\n\n\n\n<li>Etic\u0103 200 Mcqs<\/li>\n\n\n\n<li>CFA Web pl\u0103tit Qbank<\/li>\n\n\n\n<li>Uworld Qbank <\/li>\n\n\n\n<li>Simul\u0103ri Kaplan<\/li>\n\n\n\n<li>Simul\u0103ri Uworld<\/li>\n\n\n\n<li>Simularea Kevin Haria<\/li>\n\n\n\n<li>Simul\u0103ri CFA Premium<\/li>\n\n\n\n<li>Extra Syllabus complet Simul\u0103ri<\/li>\n\n\n\n<li>Extra Subjectwise Mocks<\/li>\n\n\n\n<li>Rezumate \u0219i formule<\/li>\n<\/ol>\n\n\n\n<p>Aceasta nu este o carte fizic\u0103, este o copie digital\u0103 PDF. V\u0103 rug\u0103m s\u0103 nu cump\u0103ra\u021bi dac\u0103 dori\u021bi o copie fizic\u0103<\/p>\n\n\n\n<p>Dup\u0103 finalizarea comenzii, pute\u021bi desc\u0103rca materialul imediat.<\/p>","protected":false},"excerpt":{"rendered":"<p>For sale is the 2025 CFA Level 2 Collection with Study Notes, Qbank, MCQs, and Mocks. In the package, it is include: This is not a physical book it is a&nbsp;PDF&nbsp;digital copy. Please do not purchase if you want a physical hard copy After checkout you can download the material immediately.<\/p>","protected":false},"featured_media":17102,"comment_status":"closed","ping_status":"closed","template":"","meta":[],"product_brand":[],"product_cat":[266,273],"product_tag":[261,93,88,90,178,293,312,311,91,92,176],"class_list":{"0":"post-12090","1":"product","2":"type-product","3":"status-publish","4":"has-post-thumbnail","6":"product_cat-cfa-level-2","7":"product_cat-cfa-bundles","8":"product_tag-cfa-2025","9":"product_tag-cfa-books","10":"product_tag-cfa-ebooks","11":"product_tag-cfa-exam","12":"product_tag-cfa-level-2","13":"product_tag-cfa-level-2-2025","14":"product_tag-cfa-level-2-mocks","15":"product_tag-cfa-mocks","16":"product_tag-cfa-prep","17":"product_tag-cfa-test","18":"product_tag-mock-exam","20":"first","21":"instock","22":"downloadable","23":"virtual","24":"sold-individually","25":"purchasable","26":"product-type-simple"},"_links":{"self":[{"href":"https:\/\/www.cfaebooks.com\/ro\/wp-json\/wp\/v2\/product\/12090","targetHints":{"allow":["GET"]}}],"collection":[{"href":"https:\/\/www.cfaebooks.com\/ro\/wp-json\/wp\/v2\/product"}],"about":[{"href":"https:\/\/www.cfaebooks.com\/ro\/wp-json\/wp\/v2\/types\/product"}],"replies":[{"embeddable":true,"href":"https:\/\/www.cfaebooks.com\/ro\/wp-json\/wp\/v2\/comments?post=12090"}],"wp:featuredmedia":[{"embeddable":true,"href":"https:\/\/www.cfaebooks.com\/ro\/wp-json\/wp\/v2\/media\/17102"}],"wp:attachment":[{"href":"https:\/\/www.cfaebooks.com\/ro\/wp-json\/wp\/v2\/media?parent=12090"}],"wp:term":[{"taxonomy":"product_brand","embeddable":true,"href":"https:\/\/www.cfaebooks.com\/ro\/wp-json\/wp\/v2\/product_brand?post=12090"},{"taxonomy":"product_cat","embeddable":true,"href":"https:\/\/www.cfaebooks.com\/ro\/wp-json\/wp\/v2\/product_cat?post=12090"},{"taxonomy":"product_tag","embeddable":true,"href":"https:\/\/www.cfaebooks.com\/ro\/wp-json\/wp\/v2\/product_tag?post=12090"}],"curies":[{"name":"wp","href":"https:\/\/api.w.org\/{rel}","templated":true}]}}