{"id":12051,"date":"2025-03-12T01:23:00","date_gmt":"2025-03-12T01:23:00","guid":{"rendered":"https:\/\/www.cfaebooks.com\/?post_type=product&#038;p=12051"},"modified":"2026-04-03T08:02:13","modified_gmt":"2026-04-03T08:02:13","slug":"cfa-2025-schweser-note-nivel-3-set-complet-toate-3-cale","status":"publish","type":"product","link":"https:\/\/www.cfaebooks.com\/ro\/products\/cfa-2025-schweser-note-nivel-3-set-complet-toate-3-cale\/","title":{"rendered":"CFA 2025 Schweser Note Nivelul 3 Set complet Toate cele 3 c\u0103i"},"content":{"rendered":"<p>De v\u00e2nzare este un e-book 2025 CFA Schweser Notes Level 3 Full Set All Pathways PDF.<\/p>\n\n\n\n<p><strong>Ce este inclus:<\/strong><\/p>\n\n\n\n<ul class=\"wp-block-list\">\n<li><strong>Curriculum de baz\u0103:<\/strong>\n<ul class=\"wp-block-list\">\n<li>Cartea 1: Alocarea activelor<\/li>\n\n\n\n<li>Cartea 2: Construc\u021bia portofoliului \u0219i gestionarea performan\u021bei<\/li>\n\n\n\n<li>Cartea 3: Instrumente derivate, gestionarea riscurilor \u0219i standarde etice \u0219i profesionale<\/li>\n<\/ul>\n<\/li>\n\n\n\n<li><strong>3 C\u0103r\u021bi Pathway:<\/strong>\n<ul class=\"wp-block-list\">\n<li>Calea de gestionare a portofoliului<\/li>\n\n\n\n<li>Calea pie\u021belor private<\/li>\n\n\n\n<li>Calea patrimoniului privat<\/li>\n<\/ul>\n<\/li>\n\n\n\n<li><strong>Foi rapide:<\/strong>\n<ul class=\"wp-block-list\">\n<li>Trei fi\u0219e rapide de 6 pagini (una pentru fiecare cale) pentru revizuire \u0219i referin\u021b\u0103 rapid\u0103.<\/li>\n<\/ul>\n<\/li>\n<\/ul>\n\n\n\n<p>Aceasta nu este o carte fizic\u0103, este o copie digital\u0103 PDF. V\u0103 rug\u0103m s\u0103 nu achizi\u021biona\u021bi dac\u0103 dori\u021bi o copie fizic\u0103. Dup\u0103 finalizarea comenzii, pute\u021bi desc\u0103rca c\u0103r\u021bile electronice instantaneu.<\/p>","protected":false},"excerpt":{"rendered":"<p>For sale is an e-book 2025 CFA Schweser Notes Level 3 Full Set All Pathways PDF. What\u2019s Included: This is not a physical book it is a PDF digital copy. Please do not purchase if you want a physical hard copy. After checkout you can download the e-Books instantly.<\/p>","protected":false},"featured_media":12056,"comment_status":"closed","ping_status":"closed","template":"","meta":[],"product_brand":[],"product_cat":[265],"product_tag":[261,93,88,90,267,91,92],"class_list":{"0":"post-12051","1":"product","2":"type-product","3":"status-publish","4":"has-post-thumbnail","6":"product_cat-cfa-level-3","7":"product_tag-cfa-2025","8":"product_tag-cfa-books","9":"product_tag-cfa-ebooks","10":"product_tag-cfa-exam","11":"product_tag-cfa-level-3-2025","12":"product_tag-cfa-prep","13":"product_tag-cfa-test","15":"first","16":"instock","17":"downloadable","18":"virtual","19":"sold-individually","20":"purchasable","21":"product-type-simple"},"_links":{"self":[{"href":"https:\/\/www.cfaebooks.com\/ro\/wp-json\/wp\/v2\/product\/12051","targetHints":{"allow":["GET"]}}],"collection":[{"href":"https:\/\/www.cfaebooks.com\/ro\/wp-json\/wp\/v2\/product"}],"about":[{"href":"https:\/\/www.cfaebooks.com\/ro\/wp-json\/wp\/v2\/types\/product"}],"replies":[{"embeddable":true,"href":"https:\/\/www.cfaebooks.com\/ro\/wp-json\/wp\/v2\/comments?post=12051"}],"wp:featuredmedia":[{"embeddable":true,"href":"https:\/\/www.cfaebooks.com\/ro\/wp-json\/wp\/v2\/media\/12056"}],"wp:attachment":[{"href":"https:\/\/www.cfaebooks.com\/ro\/wp-json\/wp\/v2\/media?parent=12051"}],"wp:term":[{"taxonomy":"product_brand","embeddable":true,"href":"https:\/\/www.cfaebooks.com\/ro\/wp-json\/wp\/v2\/product_brand?post=12051"},{"taxonomy":"product_cat","embeddable":true,"href":"https:\/\/www.cfaebooks.com\/ro\/wp-json\/wp\/v2\/product_cat?post=12051"},{"taxonomy":"product_tag","embeddable":true,"href":"https:\/\/www.cfaebooks.com\/ro\/wp-json\/wp\/v2\/product_tag?post=12051"}],"curies":[{"name":"wp","href":"https:\/\/api.w.org\/{rel}","templated":true}]}}