{"id":12048,"date":"2025-03-12T01:09:58","date_gmt":"2025-03-12T01:09:58","guid":{"rendered":"https:\/\/www.cfaebooks.com\/?post_type=product&#038;p=12048"},"modified":"2026-04-03T08:02:10","modified_gmt":"2026-04-03T08:02:10","slug":"cfa-2025-program-curriculum-level-iii-full-set-all-3-pathways","status":"publish","type":"product","link":"https:\/\/www.cfaebooks.com\/ro\/products\/cfa-2025-program-curriculum-level-iii-full-set-all-3-pathways\/","title":{"rendered":"Programul CFA 2025 Curriculum Nivel III Set complet Toate cele 3 c\u0103i"},"content":{"rendered":"<p>De v\u00e2nzare este un e-book 2025 CFA Program Curriculum Nivelul III Full Set Toate Pathways PDF.<\/p>\n\n\n\n<p>Volumele includ:<\/p>\n\n\n\n<ul class=\"wp-block-list\">\n<li>Curriculum de baz\u0103\n<ul class=\"wp-block-list\">\n<li>Volumul 1: Alocarea activelor<\/li>\n\n\n\n<li>Volumul 2: Construc\u021bia portofoliului<\/li>\n\n\n\n<li>Volumul 3: M\u0103surarea performan\u021bei<\/li>\n\n\n\n<li>Volumul 4: Derivate \u0219i gestionarea riscurilor<\/li>\n\n\n\n<li>Volumul 5: Standarde etice \u0219i profesionale<\/li>\n<\/ul>\n<\/li>\n\n\n\n<li>Calea de gestionare a portofoliului\n<ul class=\"wp-block-list\">\n<li>Volumul 1: Calea de gestionare a portofoliului<\/li>\n\n\n\n<li>Volumul 2: Calea de gestionare a portofoliului<\/li>\n<\/ul>\n<\/li>\n\n\n\n<li>Calea pie\u021belor private\n<ul class=\"wp-block-list\">\n<li>Volumul 1: Calea pie\u021belor private<\/li>\n\n\n\n<li>Volumul 2 Calea pie\u021belor private<\/li>\n<\/ul>\n<\/li>\n\n\n\n<li>Calea patrimoniului privat\n<ul class=\"wp-block-list\">\n<li>Volumul 1: Calea patrimoniului privat<\/li>\n\n\n\n<li>Volumul 2 Calea patrimoniului privat<\/li>\n<\/ul>\n<\/li>\n<\/ul>\n\n\n\n<p>Textul poate fi c\u0103utat folosind func\u021bia de c\u0103utare de pe tastatura computerului \"ctrl+f\" \u0219i prin c\u0103utarea de pe smartphone\/tablet\u0103. Aceasta nu este o carte fizic\u0103, ci o copie digital\u0103 \u00een format PDF. V\u0103 rug\u0103m s\u0103 nu o achizi\u021biona\u021bi dac\u0103 dori\u021bi o copie fizic\u0103. <\/p>\n\n\n\n<p>Dup\u0103 finalizarea comenzii, pute\u021bi desc\u0103rca imediat cartea electronic\u0103.<\/p>","protected":false},"excerpt":{"rendered":"<p>For sale is an e-book 2025 CFA Program Curriculum Level III Full Set All Pathways PDF. Volumes include: The text is searchable using the find feature on your computer keyboard &#8216;ctrl+f&#8217; and through search on your smartphone\/tablet. This is not a physical book it is a\u00a0PDF\u00a0digital copy. Please do not purchase if you want a [&hellip;]<\/p>\n","protected":false},"featured_media":12049,"comment_status":"closed","ping_status":"closed","template":"","meta":[],"product_brand":[],"product_cat":[265],"product_tag":[261,93,88,90,267,91,92,167],"class_list":{"0":"post-12048","1":"product","2":"type-product","3":"status-publish","4":"has-post-thumbnail","6":"product_cat-cfa-level-3","7":"product_tag-cfa-2025","8":"product_tag-cfa-books","9":"product_tag-cfa-ebooks","10":"product_tag-cfa-exam","11":"product_tag-cfa-level-3-2025","12":"product_tag-cfa-prep","13":"product_tag-cfa-test","14":"product_tag-ift","16":"first","17":"instock","18":"downloadable","19":"virtual","20":"sold-individually","21":"purchasable","22":"product-type-simple"},"_links":{"self":[{"href":"https:\/\/www.cfaebooks.com\/ro\/wp-json\/wp\/v2\/product\/12048","targetHints":{"allow":["GET"]}}],"collection":[{"href":"https:\/\/www.cfaebooks.com\/ro\/wp-json\/wp\/v2\/product"}],"about":[{"href":"https:\/\/www.cfaebooks.com\/ro\/wp-json\/wp\/v2\/types\/product"}],"replies":[{"embeddable":true,"href":"https:\/\/www.cfaebooks.com\/ro\/wp-json\/wp\/v2\/comments?post=12048"}],"wp:featuredmedia":[{"embeddable":true,"href":"https:\/\/www.cfaebooks.com\/ro\/wp-json\/wp\/v2\/media\/12049"}],"wp:attachment":[{"href":"https:\/\/www.cfaebooks.com\/ro\/wp-json\/wp\/v2\/media?parent=12048"}],"wp:term":[{"taxonomy":"product_brand","embeddable":true,"href":"https:\/\/www.cfaebooks.com\/ro\/wp-json\/wp\/v2\/product_brand?post=12048"},{"taxonomy":"product_cat","embeddable":true,"href":"https:\/\/www.cfaebooks.com\/ro\/wp-json\/wp\/v2\/product_cat?post=12048"},{"taxonomy":"product_tag","embeddable":true,"href":"https:\/\/www.cfaebooks.com\/ro\/wp-json\/wp\/v2\/product_tag?post=12048"}],"curies":[{"name":"wp","href":"https:\/\/api.w.org\/{rel}","templated":true}]}}