{"id":11866,"date":"2025-05-03T02:54:41","date_gmt":"2025-05-03T02:54:41","guid":{"rendered":"https:\/\/www.cfaebooks.com\/?post_type=product&#038;p=11866"},"modified":"2026-04-03T08:02:02","modified_gmt":"2026-04-03T08:02:02","slug":"cfa-2025-level-3-ift-high-yield-notes-all-3-pathways","status":"publish","type":"product","link":"https:\/\/www.cfaebooks.com\/ro\/products\/cfa-2025-level-3-ift-high-yield-notes-all-3-pathways\/","title":{"rendered":"CFA 2025 Nivelul 3 IFT High Yield Notes Toate cele 3 parcursuri"},"content":{"rendered":"<p>De v\u00e2nzare este un e-Book 2025 CFA Nivelul 3 IFT High Yield Note toate c\u0103ile PDF.<\/p>\n\n\n\n<p><strong>Tem\u0103 inclus\u0103:<\/strong><\/p>\n\n\n\n<ul class=\"wp-block-list\">\n<li>Volumul 1 - Alocarea activelor<\/li>\n\n\n\n<li>Volumul 2 - Construc\u021bia portofoliului<\/li>\n\n\n\n<li>Volumul 3 - M\u0103surarea performan\u021bei<\/li>\n\n\n\n<li>Volumul 4 - Derivate \u0219i gestionarea riscurilor<\/li>\n\n\n\n<li>Volumul 5 - Standarde etice \u0219i profesionale<\/li>\n\n\n\n<li>Calea de gestionare a portofoliului<\/li>\n\n\n\n<li>Calea pie\u021belor private<\/li>\n\n\n\n<li>Calea patrimoniului privat<\/li>\n<\/ul>\n\n\n\n<p>Dup\u0103 finalizarea comenzii, pute\u021bi desc\u0103rca imediat cartea electronic\u0103. Aceasta nu este o carte fizic\u0103, ci o copie digital\u0103 \u00een format PDF. V\u0103 rug\u0103m s\u0103 nu cump\u0103ra\u021bi dac\u0103 dori\u021bi o copie fizic\u0103.<\/p>","protected":false},"excerpt":{"rendered":"<p>For sale is an e-Book 2025 CFA Level 3 IFT High Yield Notes All Pathways PDF. Topic Included: After checkout you can download the e-Book immediately. This is not a physical book it is a&nbsp;PDF&nbsp;digital copy. Please do not purchase if you want a physical hard copy.<\/p>","protected":false},"featured_media":12518,"comment_status":"closed","ping_status":"closed","template":"","meta":[],"product_brand":[],"product_cat":[265],"product_tag":[261,93,88,90,180,267,91,92,335,167,332],"class_list":{"0":"post-11866","1":"product","2":"type-product","3":"status-publish","4":"has-post-thumbnail","6":"product_cat-cfa-level-3","7":"product_tag-cfa-2025","8":"product_tag-cfa-books","9":"product_tag-cfa-ebooks","10":"product_tag-cfa-exam","11":"product_tag-cfa-level-3","12":"product_tag-cfa-level-3-2025","13":"product_tag-cfa-prep","14":"product_tag-cfa-test","15":"product_tag-high-yield-notes","16":"product_tag-ift","17":"product_tag-ift-2025","19":"first","20":"instock","21":"downloadable","22":"virtual","23":"sold-individually","24":"purchasable","25":"product-type-simple"},"_links":{"self":[{"href":"https:\/\/www.cfaebooks.com\/ro\/wp-json\/wp\/v2\/product\/11866","targetHints":{"allow":["GET"]}}],"collection":[{"href":"https:\/\/www.cfaebooks.com\/ro\/wp-json\/wp\/v2\/product"}],"about":[{"href":"https:\/\/www.cfaebooks.com\/ro\/wp-json\/wp\/v2\/types\/product"}],"replies":[{"embeddable":true,"href":"https:\/\/www.cfaebooks.com\/ro\/wp-json\/wp\/v2\/comments?post=11866"}],"wp:featuredmedia":[{"embeddable":true,"href":"https:\/\/www.cfaebooks.com\/ro\/wp-json\/wp\/v2\/media\/12518"}],"wp:attachment":[{"href":"https:\/\/www.cfaebooks.com\/ro\/wp-json\/wp\/v2\/media?parent=11866"}],"wp:term":[{"taxonomy":"product_brand","embeddable":true,"href":"https:\/\/www.cfaebooks.com\/ro\/wp-json\/wp\/v2\/product_brand?post=11866"},{"taxonomy":"product_cat","embeddable":true,"href":"https:\/\/www.cfaebooks.com\/ro\/wp-json\/wp\/v2\/product_cat?post=11866"},{"taxonomy":"product_tag","embeddable":true,"href":"https:\/\/www.cfaebooks.com\/ro\/wp-json\/wp\/v2\/product_tag?post=11866"}],"curies":[{"name":"wp","href":"https:\/\/api.w.org\/{rel}","templated":true}]}}