{"id":11815,"date":"2025-01-30T10:43:45","date_gmt":"2025-01-30T10:43:45","guid":{"rendered":"https:\/\/www.cfaebooks.com\/?post_type=product&#038;p=11815"},"modified":"2026-04-03T08:02:00","modified_gmt":"2026-04-03T08:02:00","slug":"2025-frm-part-1-schweser-notes-with-quicksheet","status":"publish","type":"product","link":"https:\/\/www.cfaebooks.com\/ro\/products\/2025-frm-part-1-schweser-notes-with-quicksheet\/","title":{"rendered":"2025 FRM Partea 1 Schweser Note cu Quicksheet"},"content":{"rendered":"<p>De v\u00e2nzare este un e-Book 2025 FRM Schweser Note Partea 1 cu Quicksheet PDF.<\/p>\n\n\n\n<p>Include set de 4 c\u0103r\u021bi: <\/p>\n\n\n\n<ul class=\"wp-block-list\">\n<li><strong>Cartea 1 - Fundamente ale managementului riscului<\/strong><\/li>\n\n\n\n<li><strong>Cartea 2 - Analiza cantitativ\u0103<\/strong><\/li>\n\n\n\n<li><strong>Cartea 3 - Pie\u021be \u0219i produse financiare<\/strong><\/li>\n\n\n\n<li><strong>Cartea 4 - Modele de evaluare \u0219i de risc<\/strong><\/li>\n<\/ul>\n\n\n\n<p>Textul poate fi c\u0103utat folosind func\u021bia de c\u0103utare de pe tastatura computerului \"ctrl+f\" \u0219i prin intermediul func\u021biei de c\u0103utare de pe smartphone\/tablet\u0103. Acestea nu sunt c\u0103r\u021bi fizice, ci sunt copii digitale PDF. V\u0103 rug\u0103m s\u0103 nu le achizi\u021biona\u021bi dac\u0103 dori\u021bi o copie fizic\u0103. Dup\u0103 finalizarea comenzii, pute\u021bi desc\u0103rca imediat c\u0103r\u021bile electronice<\/p>","protected":false},"excerpt":{"rendered":"<p>For sale is an e-Book 2025 FRM Schweser Notes Part 1 with Quicksheet PDF. Includes Set of 4 books: The text is searchable using the find feature on your computer keyboard &#8216;ctrl+f&#8217; and through search on your smartphone\/tablet. These are not physical books they are PDF digital copies. Please do not purchase if you want [&hellip;]<\/p>\n","protected":false},"featured_media":11818,"comment_status":"closed","ping_status":"closed","template":"","meta":[],"product_brand":[],"product_cat":[324],"product_tag":[184,326,185,186,181,328,205,327,182,183,168],"class_list":{"0":"post-11815","1":"product","2":"type-product","3":"status-publish","4":"has-post-thumbnail","6":"product_cat-frm-part-1","7":"product_tag-frm","8":"product_tag-frm-2025","9":"product_tag-frm-books","10":"product_tag-frm-ebooks","11":"product_tag-frm-exam","12":"product_tag-frm-handbook","13":"product_tag-frm-part-1","14":"product_tag-frm-part-1-2025","15":"product_tag-frm-prep","16":"product_tag-frm-test","17":"product_tag-study-notes","19":"first","20":"instock","21":"downloadable","22":"virtual","23":"sold-individually","24":"purchasable","25":"product-type-simple"},"_links":{"self":[{"href":"https:\/\/www.cfaebooks.com\/ro\/wp-json\/wp\/v2\/product\/11815","targetHints":{"allow":["GET"]}}],"collection":[{"href":"https:\/\/www.cfaebooks.com\/ro\/wp-json\/wp\/v2\/product"}],"about":[{"href":"https:\/\/www.cfaebooks.com\/ro\/wp-json\/wp\/v2\/types\/product"}],"replies":[{"embeddable":true,"href":"https:\/\/www.cfaebooks.com\/ro\/wp-json\/wp\/v2\/comments?post=11815"}],"wp:featuredmedia":[{"embeddable":true,"href":"https:\/\/www.cfaebooks.com\/ro\/wp-json\/wp\/v2\/media\/11818"}],"wp:attachment":[{"href":"https:\/\/www.cfaebooks.com\/ro\/wp-json\/wp\/v2\/media?parent=11815"}],"wp:term":[{"taxonomy":"product_brand","embeddable":true,"href":"https:\/\/www.cfaebooks.com\/ro\/wp-json\/wp\/v2\/product_brand?post=11815"},{"taxonomy":"product_cat","embeddable":true,"href":"https:\/\/www.cfaebooks.com\/ro\/wp-json\/wp\/v2\/product_cat?post=11815"},{"taxonomy":"product_tag","embeddable":true,"href":"https:\/\/www.cfaebooks.com\/ro\/wp-json\/wp\/v2\/product_tag?post=11815"}],"curies":[{"name":"wp","href":"https:\/\/api.w.org\/{rel}","templated":true}]}}