{"id":11622,"date":"2025-03-19T00:22:15","date_gmt":"2025-03-19T00:22:15","guid":{"rendered":"https:\/\/www.cfaebooks.com\/?post_type=product&#038;p=11622"},"modified":"2026-04-03T08:01:45","modified_gmt":"2026-04-03T08:01:45","slug":"2025-caia-level-2-question-bank-with-topic-quiz","status":"publish","type":"product","link":"https:\/\/www.cfaebooks.com\/ro\/products\/2025-caia-level-2-question-bank-with-topic-quiz\/","title":{"rendered":"2025 CAIA Nivelul 2 Banca de \u00eentreb\u0103ri cu Subiect Quiz"},"content":{"rendered":"<p>De v\u00e2nzare este un e-Book 2025 CAIA Nivelul 2 Schweser Banca de \u00eentreb\u0103ri cu Subiect Quiz PDF.<\/p>\n\n\n\n<p>Inclusiv subiectele care curg:<\/p>\n\n\n\n<ol class=\"wp-block-list\">\n<li>De\u021bin\u0103tori institu\u021bionali de active<\/li>\n\n\n\n<li>Alocarea activelor<\/li>\n\n\n\n<li>Risc \u0219i gestionarea riscurilor<\/li>\n\n\n\n<li>Metode \u0219i modele<\/li>\n\n\n\n<li>Accesarea investi\u021biilor alternative<\/li>\n\n\n\n<li>Due Diligence \u0219i selectarea managerilor<\/li>\n\n\n\n<li>Volatilitate \u0219i strategii complexe<\/li>\n\n\n\n<li>Considera\u021bii universale privind investi\u021biile<\/li>\n\n\n\n<li>Subiecte emergente<\/li>\n<\/ol>\n\n\n\n<p>Aceasta nu este o carte fizic\u0103, este o copie digital\u0103 PDF. V\u0103 rug\u0103m s\u0103 nu achizi\u021biona\u021bi dac\u0103 dori\u021bi o copie fizic\u0103. Dup\u0103 finalizarea comenzii, pute\u021bi desc\u0103rca cartea electronic\u0103 instantaneu.<\/p>","protected":false},"excerpt":{"rendered":"<p>For sale is an e-Book 2025 CAIA Level 2 Schweser Question Bank with Topic Quiz PDF. Including the flowing topics: This is not a physical book it is a\u00a0PDF\u00a0digital copy. Please do not purchase if you want a physical hard copy. After checkout you can download the e-Book instantly.<\/p>","protected":false},"featured_media":11899,"comment_status":"closed","ping_status":"closed","template":"","meta":[],"product_brand":[],"product_cat":[318],"product_tag":[247,319,320,251,250,248,321,322,252,330,331,249],"class_list":{"0":"post-11622","1":"product","2":"type-product","3":"status-publish","4":"has-post-thumbnail","6":"product_cat-caia-level-2","7":"product_tag-caia","8":"product_tag-caia-2025","9":"product_tag-caia-2025-study-notes","10":"product_tag-caia-books","11":"product_tag-caia-ebooks","12":"product_tag-caia-exam","13":"product_tag-caia-formula-sheet","14":"product_tag-caia-level-2","15":"product_tag-caia-prep","16":"product_tag-caia-qbank","17":"product_tag-caia-question-bank","18":"product_tag-caia-test","20":"first","21":"instock","22":"downloadable","23":"virtual","24":"sold-individually","25":"purchasable","26":"product-type-simple"},"_links":{"self":[{"href":"https:\/\/www.cfaebooks.com\/ro\/wp-json\/wp\/v2\/product\/11622","targetHints":{"allow":["GET"]}}],"collection":[{"href":"https:\/\/www.cfaebooks.com\/ro\/wp-json\/wp\/v2\/product"}],"about":[{"href":"https:\/\/www.cfaebooks.com\/ro\/wp-json\/wp\/v2\/types\/product"}],"replies":[{"embeddable":true,"href":"https:\/\/www.cfaebooks.com\/ro\/wp-json\/wp\/v2\/comments?post=11622"}],"wp:featuredmedia":[{"embeddable":true,"href":"https:\/\/www.cfaebooks.com\/ro\/wp-json\/wp\/v2\/media\/11899"}],"wp:attachment":[{"href":"https:\/\/www.cfaebooks.com\/ro\/wp-json\/wp\/v2\/media?parent=11622"}],"wp:term":[{"taxonomy":"product_brand","embeddable":true,"href":"https:\/\/www.cfaebooks.com\/ro\/wp-json\/wp\/v2\/product_brand?post=11622"},{"taxonomy":"product_cat","embeddable":true,"href":"https:\/\/www.cfaebooks.com\/ro\/wp-json\/wp\/v2\/product_cat?post=11622"},{"taxonomy":"product_tag","embeddable":true,"href":"https:\/\/www.cfaebooks.com\/ro\/wp-json\/wp\/v2\/product_tag?post=11622"}],"curies":[{"name":"wp","href":"https:\/\/api.w.org\/{rel}","templated":true}]}}