{"id":11402,"date":"2024-11-30T11:18:37","date_gmt":"2024-11-30T11:18:37","guid":{"rendered":"https:\/\/www.cfaebooks.com\/?post_type=product&#038;p=11402"},"modified":"2026-04-03T08:01:19","modified_gmt":"2026-04-03T08:01:19","slug":"cma-mcq-test-bank-partea-1-2025-intrebari-si-raspunsuri","status":"publish","type":"product","link":"https:\/\/www.cfaebooks.com\/ro\/products\/cma-mcq-test-bank-partea-1-2025-intrebari-si-raspunsuri\/","title":{"rendered":"CMA MCQ Test Bank Partea 1 2025 \u00centreb\u0103ri \u0219i r\u0103spunsuri"},"content":{"rendered":"<p>De v\u00e2nzare este un e-Book CMA MCQ Test Bank Part 1 2025 \u00centreb\u0103ri \u0219i r\u0103spunsuri PDF. <\/p>\n\n\n\n<ul class=\"wp-block-list\">\n<li>Aceasta nu este o carte fizic\u0103, ci o copie digital\u0103 PDF.<\/li>\n\n\n\n<li>V\u0103 rug\u0103m s\u0103 nu achizi\u021biona\u021bi dac\u0103 dori\u021bi o copie fizic\u0103. Dup\u0103 finalizarea comenzii, pute\u021bi desc\u0103rca imediat cartea electronic\u0103.<\/li>\n<\/ul>","protected":false},"excerpt":{"rendered":"<p>De v\u00e2nzare este un e-Book CMA MCQ Test Bank Part 1 2025 \u00centreb\u0103ri \u0219i r\u0103spunsuri PDF.<\/p>","protected":false},"featured_media":11403,"comment_status":"closed","ping_status":"closed","template":"","meta":[],"product_brand":[],"product_cat":[279],"product_tag":[282,301,292,291,288,315,285,300,290,286,289,314,284],"class_list":{"0":"post-11402","1":"product","2":"type-product","3":"status-publish","4":"has-post-thumbnail","6":"product_cat-cma-part-1","7":"product_tag-cma","8":"product_tag-cma-2025","9":"product_tag-cma-books","10":"product_tag-cma-ebooks","11":"product_tag-cma-exam","12":"product_tag-cma-mcq","13":"product_tag-cma-part-1","14":"product_tag-cma-part-1-2025","15":"product_tag-cma-prep","16":"product_tag-cma-review","17":"product_tag-cma-test","18":"product_tag-cma-test-bank","19":"product_tag-gleim","21":"first","22":"instock","23":"downloadable","24":"virtual","25":"sold-individually","26":"purchasable","27":"product-type-simple"},"_links":{"self":[{"href":"https:\/\/www.cfaebooks.com\/ro\/wp-json\/wp\/v2\/product\/11402","targetHints":{"allow":["GET"]}}],"collection":[{"href":"https:\/\/www.cfaebooks.com\/ro\/wp-json\/wp\/v2\/product"}],"about":[{"href":"https:\/\/www.cfaebooks.com\/ro\/wp-json\/wp\/v2\/types\/product"}],"replies":[{"embeddable":true,"href":"https:\/\/www.cfaebooks.com\/ro\/wp-json\/wp\/v2\/comments?post=11402"}],"wp:featuredmedia":[{"embeddable":true,"href":"https:\/\/www.cfaebooks.com\/ro\/wp-json\/wp\/v2\/media\/11403"}],"wp:attachment":[{"href":"https:\/\/www.cfaebooks.com\/ro\/wp-json\/wp\/v2\/media?parent=11402"}],"wp:term":[{"taxonomy":"product_brand","embeddable":true,"href":"https:\/\/www.cfaebooks.com\/ro\/wp-json\/wp\/v2\/product_brand?post=11402"},{"taxonomy":"product_cat","embeddable":true,"href":"https:\/\/www.cfaebooks.com\/ro\/wp-json\/wp\/v2\/product_cat?post=11402"},{"taxonomy":"product_tag","embeddable":true,"href":"https:\/\/www.cfaebooks.com\/ro\/wp-json\/wp\/v2\/product_tag?post=11402"}],"curies":[{"name":"wp","href":"https:\/\/api.w.org\/{rel}","templated":true}]}}