{"id":11150,"date":"2024-11-05T04:28:48","date_gmt":"2024-11-05T04:28:48","guid":{"rendered":"https:\/\/www.cfaebooks.com\/?post_type=product&#038;p=11150"},"modified":"2026-04-03T08:01:11","modified_gmt":"2026-04-03T08:01:11","slug":"2025-banca-de-intrebari-cfa-nivelul-2","status":"publish","type":"product","link":"https:\/\/www.cfaebooks.com\/ro\/products\/2025-banca-de-intrebari-cfa-nivelul-2\/","title":{"rendered":"2025 Banca de \u00eentreb\u0103ri CFA Nivelul 2"},"content":{"rendered":"<p>De v\u00e2nzare este un e-Book 2025 CFA Schweser Question Bank Level 2 PDF.<\/p>\n\n\n\n<ul class=\"wp-block-list\">\n<li>Peste 1000 de \u00eentreb\u0103ri \u0219i r\u0103spunsuri.<\/li>\n\n\n\n<li>Include \u00eentreb\u0103ri \u0219i r\u0103spunsuri pentru fiecare \u00eentrebare.<\/li>\n\n\n\n<li>Acoper\u0103 \u00eentregul curriculum - Teste separate pentru fiecare subiect. <\/li>\n\n\n\n<li>Acesta include urm\u0103toarele subiecte: \n<ol class=\"wp-block-list\">\n<li><em>Metode cantitative<\/em><\/li>\n\n\n\n<li><em>Economie<\/em><\/li>\n\n\n\n<li><em>Analiza situa\u021biilor financiare<\/em><\/li>\n\n\n\n<li><em>Emiten\u021bi corporativi<\/em><\/li>\n\n\n\n<li><em>Evaluarea capitalurilor proprii<\/em><\/li>\n\n\n\n<li><em>Venituri fixe<\/em><\/li>\n\n\n\n<li><em>Derivate<\/em><\/li>\n\n\n\n<li><em>Investi\u021bii alternative<\/em><\/li>\n\n\n\n<li><em>Gestionarea portofoliului<\/em><\/li>\n\n\n\n<li>Standarde etice \u0219i profesionale<\/li>\n<\/ol>\n<\/li>\n<\/ul>\n\n\n\n<ul class=\"wp-block-list\">\n<li>Aceasta nu este o carte fizic\u0103, este o copie digital\u0103 PDF. V\u0103 rug\u0103m s\u0103 nu cump\u0103ra\u021bi dac\u0103 dori\u021bi o copie fizic\u0103<\/li>\n\n\n\n<li>Dup\u0103 finalizarea comenzii, pute\u021bi desc\u0103rca imediat cartea electronic\u0103.<\/li>\n<\/ul>","protected":false},"excerpt":{"rendered":"<p>De v\u00e2nzare este un e-Book 2025 CFA Schweser Question Bank Level 2 PDF.<\/p>","protected":false},"featured_media":11151,"comment_status":"closed","ping_status":"closed","template":"","meta":[],"product_brand":[],"product_cat":[266],"product_tag":[261,93,90,178,293,91,158,162,161,163],"class_list":{"0":"post-11150","1":"product","2":"type-product","3":"status-publish","4":"has-post-thumbnail","6":"product_cat-cfa-level-2","7":"product_tag-cfa-2025","8":"product_tag-cfa-books","9":"product_tag-cfa-exam","10":"product_tag-cfa-level-2","11":"product_tag-cfa-level-2-2025","12":"product_tag-cfa-prep","13":"product_tag-kaplan-schweser","14":"product_tag-qbank","15":"product_tag-question-bank","16":"product_tag-schweser-qbank","18":"first","19":"instock","20":"downloadable","21":"virtual","22":"sold-individually","23":"purchasable","24":"product-type-simple"},"_links":{"self":[{"href":"https:\/\/www.cfaebooks.com\/ro\/wp-json\/wp\/v2\/product\/11150","targetHints":{"allow":["GET"]}}],"collection":[{"href":"https:\/\/www.cfaebooks.com\/ro\/wp-json\/wp\/v2\/product"}],"about":[{"href":"https:\/\/www.cfaebooks.com\/ro\/wp-json\/wp\/v2\/types\/product"}],"replies":[{"embeddable":true,"href":"https:\/\/www.cfaebooks.com\/ro\/wp-json\/wp\/v2\/comments?post=11150"}],"wp:featuredmedia":[{"embeddable":true,"href":"https:\/\/www.cfaebooks.com\/ro\/wp-json\/wp\/v2\/media\/11151"}],"wp:attachment":[{"href":"https:\/\/www.cfaebooks.com\/ro\/wp-json\/wp\/v2\/media?parent=11150"}],"wp:term":[{"taxonomy":"product_brand","embeddable":true,"href":"https:\/\/www.cfaebooks.com\/ro\/wp-json\/wp\/v2\/product_brand?post=11150"},{"taxonomy":"product_cat","embeddable":true,"href":"https:\/\/www.cfaebooks.com\/ro\/wp-json\/wp\/v2\/product_cat?post=11150"},{"taxonomy":"product_tag","embeddable":true,"href":"https:\/\/www.cfaebooks.com\/ro\/wp-json\/wp\/v2\/product_tag?post=11150"}],"curies":[{"name":"wp","href":"https:\/\/api.w.org\/{rel}","templated":true}]}}