{"id":11098,"date":"2024-11-01T06:18:24","date_gmt":"2024-11-01T06:18:24","guid":{"rendered":"https:\/\/www.cfaebooks.com\/?post_type=product&#038;p=11098"},"modified":"2026-04-03T08:01:08","modified_gmt":"2026-04-03T08:01:08","slug":"2025-cfa-level-1-mark-meldrum-notes-with-formula-sheet-seminars-and-prerequisites","status":"publish","type":"product","link":"https:\/\/www.cfaebooks.com\/ro\/products\/2025-cfa-level-1-mark-meldrum-notes-with-formula-sheet-seminars-and-prerequisites\/","title":{"rendered":"2025 CFA Nivelul 1 Mark Meldrum Note cu foaie de formul\u0103, seminarii \u0219i condi\u021bii prealabile"},"content":{"rendered":"<p>De v\u00e2nzare este un ebook 2025 CFA Mark Meldrum Note Nivel 1 cu Formula Sheet, Seminarii \u0219i Condi\u021bii prealabile PDF.<\/p>\n\n\n\n<p>Acesta include urm\u0103toarele subiecte:&nbsp;<\/p>\n\n\n\n<ul class=\"wp-block-list\">\n<li><strong>Metode cantitative<\/strong><\/li>\n\n\n\n<li><strong>Economie<\/strong><\/li>\n\n\n\n<li><strong>Emiten\u021bi corporativi<\/strong><\/li>\n\n\n\n<li><strong>Analiza situa\u021biilor financiare<\/strong><\/li>\n\n\n\n<li><strong>Echitate<\/strong><\/li>\n\n\n\n<li><strong>Venituri fixe<\/strong><\/li>\n\n\n\n<li><strong>Derivate<\/strong><\/li>\n\n\n\n<li><strong>Investi\u021bii alternative<\/strong><\/li>\n\n\n\n<li><strong>Gestionarea portofoliului \u0219i etica<\/strong>.<\/li>\n<\/ul>\n\n\n\n<p>Dup\u0103 finalizarea comenzii, pute\u021bi desc\u0103rca imediat cartea electronic\u0103. Aceasta nu este o carte fizic\u0103, ci o copie digital\u0103 \u00een format PDF. V\u0103 rug\u0103m s\u0103 nu cump\u0103ra\u021bi dac\u0103 dori\u021bi o copie fizic\u0103.<\/p>","protected":false},"excerpt":{"rendered":"<p>For sale is an ebook 2025 CFA Mark Meldrum Notes Level 1 with Formula Sheet, Seminars and Prerequisites PDF. It includes the following topics:&nbsp; After checkout you can download the e-Book immediately. This is not a physical book it is a&nbsp;PDF&nbsp;digital copy. Please do not purchase if you want a physical hard copy.<\/p>","protected":false},"featured_media":11099,"comment_status":"closed","ping_status":"closed","template":"","meta":[],"product_brand":[],"product_cat":[260],"product_tag":[261,93,88,90,268,87,91,92,165,309,168],"class_list":{"0":"post-11098","1":"product","2":"type-product","3":"status-publish","4":"has-post-thumbnail","6":"product_cat-cfa-level-1","7":"product_tag-cfa-2025","8":"product_tag-cfa-books","9":"product_tag-cfa-ebooks","10":"product_tag-cfa-exam","11":"product_tag-cfa-level-1-2025","12":"product_tag-cfa-level-i","13":"product_tag-cfa-prep","14":"product_tag-cfa-test","15":"product_tag-mark-meldrum","16":"product_tag-mark-meldrum-2025","17":"product_tag-study-notes","19":"first","20":"instock","21":"downloadable","22":"virtual","23":"sold-individually","24":"purchasable","25":"product-type-simple"},"_links":{"self":[{"href":"https:\/\/www.cfaebooks.com\/ro\/wp-json\/wp\/v2\/product\/11098","targetHints":{"allow":["GET"]}}],"collection":[{"href":"https:\/\/www.cfaebooks.com\/ro\/wp-json\/wp\/v2\/product"}],"about":[{"href":"https:\/\/www.cfaebooks.com\/ro\/wp-json\/wp\/v2\/types\/product"}],"replies":[{"embeddable":true,"href":"https:\/\/www.cfaebooks.com\/ro\/wp-json\/wp\/v2\/comments?post=11098"}],"wp:featuredmedia":[{"embeddable":true,"href":"https:\/\/www.cfaebooks.com\/ro\/wp-json\/wp\/v2\/media\/11099"}],"wp:attachment":[{"href":"https:\/\/www.cfaebooks.com\/ro\/wp-json\/wp\/v2\/media?parent=11098"}],"wp:term":[{"taxonomy":"product_brand","embeddable":true,"href":"https:\/\/www.cfaebooks.com\/ro\/wp-json\/wp\/v2\/product_brand?post=11098"},{"taxonomy":"product_cat","embeddable":true,"href":"https:\/\/www.cfaebooks.com\/ro\/wp-json\/wp\/v2\/product_cat?post=11098"},{"taxonomy":"product_tag","embeddable":true,"href":"https:\/\/www.cfaebooks.com\/ro\/wp-json\/wp\/v2\/product_tag?post=11098"}],"curies":[{"name":"wp","href":"https:\/\/api.w.org\/{rel}","templated":true}]}}