{"id":10979,"date":"2024-10-27T08:08:21","date_gmt":"2024-10-27T08:08:21","guid":{"rendered":"https:\/\/www.cfaebooks.com\/?post_type=product&#038;p=10979"},"modified":"2026-04-03T08:00:50","modified_gmt":"2026-04-03T08:00:50","slug":"2025-cfa-nivel-2-schweser-note-cu-quicksheet-2","status":"publish","type":"product","link":"https:\/\/www.cfaebooks.com\/ro\/products\/2025-cfa-nivel-2-schweser-note-cu-quicksheet-2\/","title":{"rendered":"2025 CFA Nivelul 2 Schweser Note cu Quicksheet"},"content":{"rendered":"<p>De v\u00e2nzare este un e-Book 2025 CFA Nivelul 2 Schweser Note cu Quicksheet PDF.<\/p>\n\n\n\n<p>Include set de 5 c\u0103r\u021bi: <\/p>\n\n\n\n<ul class=\"wp-block-list\">\n<li><strong><em>Cartea 1: Metode cantitative \u0219i economie<\/em><\/strong><\/li>\n\n\n\n<li><strong><em>Cartea 2: Analiza situa\u021biilor financiare \u0219i emiten\u021bii corporativi<\/em><\/strong><\/li>\n\n\n\n<li><strong><em>Cartea 3: Evaluarea capitalurilor proprii<\/em><\/strong><\/li>\n\n\n\n<li><strong><em>Cartea 4: Venituri fixe, instrumente derivate \u0219i investi\u021bii alternative<\/em><\/strong><\/li>\n\n\n\n<li><strong><em>Cartea 5: Gestionarea portofoliului \u0219i standardele etice \u0219i profesionale<\/em><\/strong>.<\/li>\n<\/ul>\n\n\n\n<p>Aceasta nu este o carte fizic\u0103, este o copie digital\u0103 PDF. V\u0103 rug\u0103m s\u0103 nu achizi\u021biona\u021bi dac\u0103 dori\u021bi o copie fizic\u0103. Dup\u0103 finalizarea comenzii, pute\u021bi desc\u0103rca cartea electronic\u0103 imediat.<\/p>","protected":false},"excerpt":{"rendered":"<p>For sale is an e-Book 2025 CFA Level 2 Schweser Notes with Quicksheet PDF. Includes Set of 5 books: This is not a physical book it is a&nbsp;PDF&nbsp;digital copy. Please do not purchase if you want a physical hard copy. After checkout you can download the e-Book immediately.<\/p>","protected":false},"featured_media":10980,"comment_status":"closed","ping_status":"closed","template":"","meta":[],"product_brand":[],"product_cat":[266],"product_tag":[261,93,88,90,178,293,91,92,158,179,168],"class_list":{"0":"post-10979","1":"product","2":"type-product","3":"status-publish","4":"has-post-thumbnail","6":"product_cat-cfa-level-2","7":"product_tag-cfa-2025","8":"product_tag-cfa-books","9":"product_tag-cfa-ebooks","10":"product_tag-cfa-exam","11":"product_tag-cfa-level-2","12":"product_tag-cfa-level-2-2025","13":"product_tag-cfa-prep","14":"product_tag-cfa-test","15":"product_tag-kaplan-schweser","16":"product_tag-schweser-notes","17":"product_tag-study-notes","19":"first","20":"instock","21":"downloadable","22":"virtual","23":"sold-individually","24":"purchasable","25":"product-type-simple"},"_links":{"self":[{"href":"https:\/\/www.cfaebooks.com\/ro\/wp-json\/wp\/v2\/product\/10979","targetHints":{"allow":["GET"]}}],"collection":[{"href":"https:\/\/www.cfaebooks.com\/ro\/wp-json\/wp\/v2\/product"}],"about":[{"href":"https:\/\/www.cfaebooks.com\/ro\/wp-json\/wp\/v2\/types\/product"}],"replies":[{"embeddable":true,"href":"https:\/\/www.cfaebooks.com\/ro\/wp-json\/wp\/v2\/comments?post=10979"}],"wp:featuredmedia":[{"embeddable":true,"href":"https:\/\/www.cfaebooks.com\/ro\/wp-json\/wp\/v2\/media\/10980"}],"wp:attachment":[{"href":"https:\/\/www.cfaebooks.com\/ro\/wp-json\/wp\/v2\/media?parent=10979"}],"wp:term":[{"taxonomy":"product_brand","embeddable":true,"href":"https:\/\/www.cfaebooks.com\/ro\/wp-json\/wp\/v2\/product_brand?post=10979"},{"taxonomy":"product_cat","embeddable":true,"href":"https:\/\/www.cfaebooks.com\/ro\/wp-json\/wp\/v2\/product_cat?post=10979"},{"taxonomy":"product_tag","embeddable":true,"href":"https:\/\/www.cfaebooks.com\/ro\/wp-json\/wp\/v2\/product_tag?post=10979"}],"curies":[{"name":"wp","href":"https:\/\/api.w.org\/{rel}","templated":true}]}}