{"id":10858,"date":"2024-10-24T00:52:35","date_gmt":"2024-10-24T00:52:35","guid":{"rendered":"https:\/\/www.cfaebooks.com\/?post_type=product&#038;p=10858"},"modified":"2026-04-03T08:00:05","modified_gmt":"2026-04-03T08:00:05","slug":"2024-gleim-cma-review-partea-1-planificare-financiara-performanta-si-analiza-2","status":"publish","type":"product","link":"https:\/\/www.cfaebooks.com\/ro\/products\/2024-gleim-cma-review-partea-1-planificare-financiara-performanta-si-analiza-2\/","title":{"rendered":"2024 Gleim CMA Review Partea 1 Planificare financiar\u0103, performan\u021b\u0103 \u0219i analiz\u0103"},"content":{"rendered":"<p>De v\u00e2nzare este un e-Book 2024 Gleim CMA Review Part 1 Financial Planning, Performance and Analytics PDF. <\/p>\n\n\n\n<ul class=\"wp-block-list\">\n<li>Aceasta nu este o carte fizic\u0103, ci o copie digital\u0103 PDF. <\/li>\n\n\n\n<li>V\u0103 rug\u0103m s\u0103 nu achizi\u021biona\u021bi dac\u0103 dori\u021bi o copie fizic\u0103. <\/li>\n\n\n\n<li>Dup\u0103 finalizarea comenzii, pute\u021bi desc\u0103rca imediat cartea electronic\u0103.<\/li>\n<\/ul>","protected":false},"excerpt":{"rendered":"<p>De v\u00e2nzare este un e-Book 2024 Gleim CMA Review Part 1 Financial Planning, Performance and Analytics PDF.<\/p>","protected":false},"featured_media":10881,"comment_status":"closed","ping_status":"closed","template":"","meta":[],"product_brand":[],"product_cat":[358],"product_tag":[283,282,287,292,291,288,285,290,286,289,284],"class_list":{"0":"post-10858","1":"product","2":"type-product","3":"status-publish","4":"has-post-thumbnail","6":"product_cat-cma-part-1-2024","7":"product_tag-certified-management-accountant","8":"product_tag-cma","9":"product_tag-cma-2024","10":"product_tag-cma-books","11":"product_tag-cma-ebooks","12":"product_tag-cma-exam","13":"product_tag-cma-part-1","14":"product_tag-cma-prep","15":"product_tag-cma-review","16":"product_tag-cma-test","17":"product_tag-gleim","19":"first","20":"instock","21":"downloadable","22":"virtual","23":"sold-individually","24":"purchasable","25":"product-type-simple"},"_links":{"self":[{"href":"https:\/\/www.cfaebooks.com\/ro\/wp-json\/wp\/v2\/product\/10858","targetHints":{"allow":["GET"]}}],"collection":[{"href":"https:\/\/www.cfaebooks.com\/ro\/wp-json\/wp\/v2\/product"}],"about":[{"href":"https:\/\/www.cfaebooks.com\/ro\/wp-json\/wp\/v2\/types\/product"}],"replies":[{"embeddable":true,"href":"https:\/\/www.cfaebooks.com\/ro\/wp-json\/wp\/v2\/comments?post=10858"}],"wp:featuredmedia":[{"embeddable":true,"href":"https:\/\/www.cfaebooks.com\/ro\/wp-json\/wp\/v2\/media\/10881"}],"wp:attachment":[{"href":"https:\/\/www.cfaebooks.com\/ro\/wp-json\/wp\/v2\/media?parent=10858"}],"wp:term":[{"taxonomy":"product_brand","embeddable":true,"href":"https:\/\/www.cfaebooks.com\/ro\/wp-json\/wp\/v2\/product_brand?post=10858"},{"taxonomy":"product_cat","embeddable":true,"href":"https:\/\/www.cfaebooks.com\/ro\/wp-json\/wp\/v2\/product_cat?post=10858"},{"taxonomy":"product_tag","embeddable":true,"href":"https:\/\/www.cfaebooks.com\/ro\/wp-json\/wp\/v2\/product_tag?post=10858"}],"curies":[{"name":"wp","href":"https:\/\/api.w.org\/{rel}","templated":true}]}}