{"id":10445,"date":"2025-10-08T00:22:52","date_gmt":"2025-10-08T00:22:52","guid":{"rendered":"https:\/\/www.cfaebooks.com\/?post_type=product&#038;p=10445"},"modified":"2026-04-03T07:59:57","modified_gmt":"2026-04-03T07:59:57","slug":"pachet-cfa-nivel-4","status":"publish","type":"product","link":"https:\/\/www.cfaebooks.com\/ro\/products\/pachet-cfa-nivel-4\/","title":{"rendered":"2026 CFA Level 3 Bundle"},"content":{"rendered":"<p><strong>2026 CFA Level 3 Bundle<\/strong> oferta v\u0103 permite s\u0103 <strong>alege\u021bi oricare 4 materiale de studiu CFA<\/strong> - inclusiv noti\u021be, b\u0103nci de \u00eentreb\u0103ri, examene simulate \u0219i lec\u021bii video.<\/p>\n\n\n\n<p><strong>Ce este inclus:<\/strong><\/p>\n\n\n\n<ul class=\"wp-block-list\">\n<li>Alege\u021bi <strong>orice 4 materiale de studiu<\/strong> de la <strong>CFA Nivelul 3<\/strong><\/li>\n\n\n\n<li>Desc\u0103rcare instantanee dup\u0103 finalizarea comenzii<\/li>\n\n\n\n<li>Acoperire cuprinz\u0103toare a tuturor <strong>CFA Nivel 3 subiecte<\/strong><\/li>\n\n\n\n<li>Textul poate fi c\u0103utat utiliz\u00e2nd func\u021bia de c\u0103utare de pe tastatura computerului \"ctrl+f\" \u0219i prin c\u0103utare pe smartphone\/tablet\u0103<\/li>\n\n\n\n<li>Lec\u021bii video \u00een format MP4<\/li>\n<\/ul>\n\n\n\n<p><strong>De ce s\u0103 alege\u021bi acest pachet:<\/strong><\/p>\n\n\n\n<ul class=\"wp-block-list\">\n<li>Personaliza\u021bi-v\u0103 propriul set de \u00eenv\u0103\u021bare<\/li>\n\n\n\n<li>Economisi\u021bi mai mult \u00een compara\u021bie cu achizi\u021biile individuale<\/li>\n\n\n\n<li>Ob\u021bine\u021bi cele mai recente materiale de studiu CFA Level 3<\/li>\n<\/ul>","protected":false},"excerpt":{"rendered":"<p>2026 CFA Level 3 Bundle offer lets you choose any 4 CFA study materials \u2014 including notes, question banks, mock exams and video lessons. What\u2019s included: Why choose this bundle:<\/p>","protected":false},"featured_media":17119,"comment_status":"closed","ping_status":"closed","template":"","meta":[],"product_brand":[],"product_cat":[273],"product_tag":[93,88,90,180,91,92],"class_list":{"0":"post-10445","1":"product","2":"type-product","3":"status-publish","4":"has-post-thumbnail","6":"product_cat-cfa-bundles","7":"product_tag-cfa-books","8":"product_tag-cfa-ebooks","9":"product_tag-cfa-exam","10":"product_tag-cfa-level-3","11":"product_tag-cfa-prep","12":"product_tag-cfa-test","14":"first","15":"instock","16":"downloadable","17":"virtual","18":"sold-individually","19":"purchasable","20":"product-type-bopobb"},"_links":{"self":[{"href":"https:\/\/www.cfaebooks.com\/ro\/wp-json\/wp\/v2\/product\/10445","targetHints":{"allow":["GET"]}}],"collection":[{"href":"https:\/\/www.cfaebooks.com\/ro\/wp-json\/wp\/v2\/product"}],"about":[{"href":"https:\/\/www.cfaebooks.com\/ro\/wp-json\/wp\/v2\/types\/product"}],"replies":[{"embeddable":true,"href":"https:\/\/www.cfaebooks.com\/ro\/wp-json\/wp\/v2\/comments?post=10445"}],"wp:featuredmedia":[{"embeddable":true,"href":"https:\/\/www.cfaebooks.com\/ro\/wp-json\/wp\/v2\/media\/17119"}],"wp:attachment":[{"href":"https:\/\/www.cfaebooks.com\/ro\/wp-json\/wp\/v2\/media?parent=10445"}],"wp:term":[{"taxonomy":"product_brand","embeddable":true,"href":"https:\/\/www.cfaebooks.com\/ro\/wp-json\/wp\/v2\/product_brand?post=10445"},{"taxonomy":"product_cat","embeddable":true,"href":"https:\/\/www.cfaebooks.com\/ro\/wp-json\/wp\/v2\/product_cat?post=10445"},{"taxonomy":"product_tag","embeddable":true,"href":"https:\/\/www.cfaebooks.com\/ro\/wp-json\/wp\/v2\/product_tag?post=10445"}],"curies":[{"name":"wp","href":"https:\/\/api.w.org\/{rel}","templated":true}]}}