{"id":10244,"date":"2024-09-02T14:17:35","date_gmt":"2024-09-02T14:17:35","guid":{"rendered":"https:\/\/www.cfaebooks.com\/?post_type=product&#038;p=10244"},"modified":"2026-04-03T07:59:20","modified_gmt":"2026-04-03T07:59:20","slug":"2025-cfa-schweser-note-nivel-3-piete-private-si-quicksheet","status":"publish","type":"product","link":"https:\/\/www.cfaebooks.com\/ro\/products\/2025-cfa-schweser-note-nivel-3-piete-private-si-quicksheet\/","title":{"rendered":"2025 CFA Schweser Notes Nivelul 3 Pie\u021be private \u0219i Quicksheet"},"content":{"rendered":"<p>De v\u00e2nzare este un e-Book 2025 CFA Nivelul 3 Schweser Note Private Markets Pathway \u0219i Quicksheet PDF.<\/p>\n\n\n\n<p>Include set de 4 c\u0103r\u021bi: <\/p>\n\n\n\n<ul class=\"wp-block-list\">\n<li>Cartea 1: Alocarea activelor<\/li>\n\n\n\n<li>Cartea 2: Construc\u021bia portofoliului \u0219i m\u0103surarea performan\u021bei<\/li>\n\n\n\n<li>Cartea 3: Instrumente derivate, gestionarea riscurilor \u0219i standarde etice \u0219i profesionale<\/li>\n\n\n\n<li>Cartea 4: Pia\u021ba privat\u0103<\/li>\n<\/ul>\n\n\n\n<p>Aceasta nu este o carte fizic\u0103, este o copie digital\u0103 PDF. V\u0103 rug\u0103m s\u0103 nu achizi\u021biona\u021bi dac\u0103 dori\u021bi o copie fizic\u0103. Dup\u0103 finalizarea comenzii, pute\u021bi desc\u0103rca cartea electronic\u0103 imediat.<\/p>\n\n\n\n<p><\/p>","protected":false},"excerpt":{"rendered":"<p>For sale is an e-Book 2025 CFA Level 3 Schweser Notes Private Markets Pathway and Quicksheet PDF. Includes Set of 4 books: This is not a physical book it is a&nbsp;PDF&nbsp;digital copy. Please do not purchase if you want a physical hard copy. After checkout you can download the e-Book immediately.<\/p>","protected":false},"featured_media":10246,"comment_status":"closed","ping_status":"closed","template":"","meta":[],"product_brand":[],"product_cat":[265],"product_tag":[261,93,88,90,180,307,91,92,179,168],"class_list":{"0":"post-10244","1":"product","2":"type-product","3":"status-publish","4":"has-post-thumbnail","6":"product_cat-cfa-level-3","7":"product_tag-cfa-2025","8":"product_tag-cfa-books","9":"product_tag-cfa-ebooks","10":"product_tag-cfa-exam","11":"product_tag-cfa-level-3","12":"product_tag-cfa-level-3-private-markets-pathway","13":"product_tag-cfa-prep","14":"product_tag-cfa-test","15":"product_tag-schweser-notes","16":"product_tag-study-notes","18":"first","19":"instock","20":"downloadable","21":"virtual","22":"sold-individually","23":"purchasable","24":"product-type-simple"},"_links":{"self":[{"href":"https:\/\/www.cfaebooks.com\/ro\/wp-json\/wp\/v2\/product\/10244","targetHints":{"allow":["GET"]}}],"collection":[{"href":"https:\/\/www.cfaebooks.com\/ro\/wp-json\/wp\/v2\/product"}],"about":[{"href":"https:\/\/www.cfaebooks.com\/ro\/wp-json\/wp\/v2\/types\/product"}],"replies":[{"embeddable":true,"href":"https:\/\/www.cfaebooks.com\/ro\/wp-json\/wp\/v2\/comments?post=10244"}],"wp:featuredmedia":[{"embeddable":true,"href":"https:\/\/www.cfaebooks.com\/ro\/wp-json\/wp\/v2\/media\/10246"}],"wp:attachment":[{"href":"https:\/\/www.cfaebooks.com\/ro\/wp-json\/wp\/v2\/media?parent=10244"}],"wp:term":[{"taxonomy":"product_brand","embeddable":true,"href":"https:\/\/www.cfaebooks.com\/ro\/wp-json\/wp\/v2\/product_brand?post=10244"},{"taxonomy":"product_cat","embeddable":true,"href":"https:\/\/www.cfaebooks.com\/ro\/wp-json\/wp\/v2\/product_cat?post=10244"},{"taxonomy":"product_tag","embeddable":true,"href":"https:\/\/www.cfaebooks.com\/ro\/wp-json\/wp\/v2\/product_tag?post=10244"}],"curies":[{"name":"wp","href":"https:\/\/api.w.org\/{rel}","templated":true}]}}