{"id":10234,"date":"2024-09-02T13:55:26","date_gmt":"2024-09-02T13:55:26","guid":{"rendered":"https:\/\/www.cfaebooks.com\/?post_type=product&#038;p=10234"},"modified":"2026-04-03T07:59:17","modified_gmt":"2026-04-03T07:59:17","slug":"cfa-nivel-2-2025-ift-note-de-studiu","status":"publish","type":"product","link":"https:\/\/www.cfaebooks.com\/ro\/products\/cfa-nivel-2-2025-ift-note-de-studiu\/","title":{"rendered":"CFA Nivelul 2 2025 Note de studiu IFT"},"content":{"rendered":"<p>De v\u00e2nzare este un e-Book 2025 CFA Nivelul 2 IFT Note de studiu PDF.<\/p>\n\n\n\n<p>Include urm\u0103toarele subiecte: <\/p>\n\n\n\n<ul class=\"wp-block-list\">\n<li><em>Metode cantitative<\/em><\/li>\n\n\n\n<li><em>Economie<\/em><\/li>\n\n\n\n<li><em>Analiza situa\u021biilor financiare<\/em><\/li>\n\n\n\n<li><em>Emiten\u021bi corporativi<\/em><\/li>\n\n\n\n<li><em>Echitate<\/em><\/li>\n\n\n\n<li><em>Venituri fixe<\/em><\/li>\n\n\n\n<li><em>Derivate<\/em><\/li>\n\n\n\n<li><em>Investi\u021bii alternative<\/em><\/li>\n\n\n\n<li><em>Gestionarea portofoliului<\/em><\/li>\n\n\n\n<li><em>Standarde etice \u0219i profesionale<\/em>.<\/li>\n<\/ul>\n\n\n\n<p>Dup\u0103 finalizarea comenzii, pute\u021bi desc\u0103rca imediat cartea electronic\u0103. Aceasta nu este o carte fizic\u0103, ci o copie digital\u0103 \u00een format PDF. V\u0103 rug\u0103m s\u0103 nu cump\u0103ra\u021bi dac\u0103 dori\u021bi o copie fizic\u0103.<\/p>","protected":false},"excerpt":{"rendered":"<p>For sale is an e-Book 2025 CFA Level 2 IFT Study Notes PDF. Includes the following topics: After checkout you can download the e-Book immediately. This is not a physical book it is a&nbsp;PDF&nbsp;digital copy. Please do not purchase if you want a physical hard copy.<\/p>","protected":false},"featured_media":10235,"comment_status":"closed","ping_status":"closed","template":"","meta":[],"product_brand":[],"product_cat":[266],"product_tag":[261,93,88,90,178,91,92,167,168],"class_list":{"0":"post-10234","1":"product","2":"type-product","3":"status-publish","4":"has-post-thumbnail","6":"product_cat-cfa-level-2","7":"product_tag-cfa-2025","8":"product_tag-cfa-books","9":"product_tag-cfa-ebooks","10":"product_tag-cfa-exam","11":"product_tag-cfa-level-2","12":"product_tag-cfa-prep","13":"product_tag-cfa-test","14":"product_tag-ift","15":"product_tag-study-notes","17":"first","18":"instock","19":"downloadable","20":"virtual","21":"sold-individually","22":"purchasable","23":"product-type-simple"},"_links":{"self":[{"href":"https:\/\/www.cfaebooks.com\/ro\/wp-json\/wp\/v2\/product\/10234","targetHints":{"allow":["GET"]}}],"collection":[{"href":"https:\/\/www.cfaebooks.com\/ro\/wp-json\/wp\/v2\/product"}],"about":[{"href":"https:\/\/www.cfaebooks.com\/ro\/wp-json\/wp\/v2\/types\/product"}],"replies":[{"embeddable":true,"href":"https:\/\/www.cfaebooks.com\/ro\/wp-json\/wp\/v2\/comments?post=10234"}],"wp:featuredmedia":[{"embeddable":true,"href":"https:\/\/www.cfaebooks.com\/ro\/wp-json\/wp\/v2\/media\/10235"}],"wp:attachment":[{"href":"https:\/\/www.cfaebooks.com\/ro\/wp-json\/wp\/v2\/media?parent=10234"}],"wp:term":[{"taxonomy":"product_brand","embeddable":true,"href":"https:\/\/www.cfaebooks.com\/ro\/wp-json\/wp\/v2\/product_brand?post=10234"},{"taxonomy":"product_cat","embeddable":true,"href":"https:\/\/www.cfaebooks.com\/ro\/wp-json\/wp\/v2\/product_cat?post=10234"},{"taxonomy":"product_tag","embeddable":true,"href":"https:\/\/www.cfaebooks.com\/ro\/wp-json\/wp\/v2\/product_tag?post=10234"}],"curies":[{"name":"wp","href":"https:\/\/api.w.org\/{rel}","templated":true}]}}