{"id":10173,"date":"2024-08-28T14:08:09","date_gmt":"2024-08-28T14:08:09","guid":{"rendered":"https:\/\/www.cfaebooks.com\/?post_type=product&#038;p=10173"},"modified":"2026-04-03T07:59:05","modified_gmt":"2026-04-03T07:59:05","slug":"2025-cfa-nivel-1-quicksheet","status":"publish","type":"product","link":"https:\/\/www.cfaebooks.com\/ro\/products\/2025-cfa-nivel-1-quicksheet\/","title":{"rendered":"2025 CFA Level 1 QuickSheet"},"content":{"rendered":"<p>De v\u00e2nzare este un e-Book 2025 CFA Level 1 Schweser QuickSheet PDF.<\/p>\n\n\n\n<ul class=\"wp-block-list\">\n<li>Dup\u0103 finalizarea comenzii, pute\u021bi desc\u0103rca imediat cartea electronic\u0103. <\/li>\n\n\n\n<li>Aceasta nu este o carte fizic\u0103, este o copie digital\u0103 PDF. V\u0103 rug\u0103m s\u0103 nu cump\u0103ra\u021bi dac\u0103 dori\u021bi o copie fizic\u0103.<\/li>\n<\/ul>","protected":false},"excerpt":{"rendered":"<p>De v\u00e2nzare este un e-Book 2025 CFA Level 1 Schweser QuickSheet PDF.<\/p>","protected":false},"featured_media":10174,"comment_status":"closed","ping_status":"closed","template":"","meta":[],"product_brand":[],"product_cat":[260],"product_tag":[261,93,88,90,87,91,92,177],"class_list":{"0":"post-10173","1":"product","2":"type-product","3":"status-publish","4":"has-post-thumbnail","6":"product_cat-cfa-level-1","7":"product_tag-cfa-2025","8":"product_tag-cfa-books","9":"product_tag-cfa-ebooks","10":"product_tag-cfa-exam","11":"product_tag-cfa-level-i","12":"product_tag-cfa-prep","13":"product_tag-cfa-test","14":"product_tag-quicksheet","16":"first","17":"instock","18":"downloadable","19":"virtual","20":"sold-individually","21":"purchasable","22":"product-type-simple"},"_links":{"self":[{"href":"https:\/\/www.cfaebooks.com\/ro\/wp-json\/wp\/v2\/product\/10173","targetHints":{"allow":["GET"]}}],"collection":[{"href":"https:\/\/www.cfaebooks.com\/ro\/wp-json\/wp\/v2\/product"}],"about":[{"href":"https:\/\/www.cfaebooks.com\/ro\/wp-json\/wp\/v2\/types\/product"}],"replies":[{"embeddable":true,"href":"https:\/\/www.cfaebooks.com\/ro\/wp-json\/wp\/v2\/comments?post=10173"}],"wp:featuredmedia":[{"embeddable":true,"href":"https:\/\/www.cfaebooks.com\/ro\/wp-json\/wp\/v2\/media\/10174"}],"wp:attachment":[{"href":"https:\/\/www.cfaebooks.com\/ro\/wp-json\/wp\/v2\/media?parent=10173"}],"wp:term":[{"taxonomy":"product_brand","embeddable":true,"href":"https:\/\/www.cfaebooks.com\/ro\/wp-json\/wp\/v2\/product_brand?post=10173"},{"taxonomy":"product_cat","embeddable":true,"href":"https:\/\/www.cfaebooks.com\/ro\/wp-json\/wp\/v2\/product_cat?post=10173"},{"taxonomy":"product_tag","embeddable":true,"href":"https:\/\/www.cfaebooks.com\/ro\/wp-json\/wp\/v2\/product_tag?post=10173"}],"curies":[{"name":"wp","href":"https:\/\/api.w.org\/{rel}","templated":true}]}}