{"id":9546,"date":"2024-06-21T13:49:40","date_gmt":"2024-06-21T13:49:40","guid":{"rendered":"https:\/\/www.cfaebooks.com\/?post_type=product&#038;p=9546"},"modified":"2026-04-03T07:58:23","modified_gmt":"2026-04-03T07:58:23","slug":"2024-caia-nivel-1-schweser-notes-2","status":"publish","type":"product","link":"https:\/\/www.cfaebooks.com\/pt_br\/products\/2024-caia-nivel-1-schweser-notes-2\/","title":{"rendered":"2024 CAIA N\u00edvel 1 Schweser Notes"},"content":{"rendered":"<p>Est\u00e1 \u00e0 venda um e-Book 2024 CAIA Schweser Notes Level 1 PDF. Este n\u00e3o \u00e9 um livro f\u00edsico, \u00e9 uma c\u00f3pia digital em PDF. N\u00e3o compre se voc\u00ea quiser uma c\u00f3pia f\u00edsica. Ap\u00f3s a finaliza\u00e7\u00e3o da compra, voc\u00ea poder\u00e1 fazer o download do e-Book instantaneamente.<\/p>\n\n\n\n<p><\/p>","protected":false},"excerpt":{"rendered":"<p>Est\u00e1 \u00e0 venda um e-Book 2024 CAIA Schweser Notes Level 1 PDF. Este n\u00e3o \u00e9 um livro f\u00edsico, \u00e9 uma c\u00f3pia digital em PDF. N\u00e3o compre se voc\u00ea quiser uma c\u00f3pia f\u00edsica. Ap\u00f3s a finaliza\u00e7\u00e3o da compra, voc\u00ea poder\u00e1 fazer o download do e-Book instantaneamente.<\/p>","protected":false},"featured_media":9547,"comment_status":"closed","ping_status":"closed","template":"","meta":[],"product_brand":[],"product_cat":[353],"product_tag":[247,251,250,248,246,252,249,179],"class_list":{"0":"post-9546","1":"product","2":"type-product","3":"status-publish","4":"has-post-thumbnail","6":"product_cat-caia-level-1-2024","7":"product_tag-caia","8":"product_tag-caia-books","9":"product_tag-caia-ebooks","10":"product_tag-caia-exam","11":"product_tag-caia-level-i","12":"product_tag-caia-prep","13":"product_tag-caia-test","14":"product_tag-schweser-notes","16":"first","17":"instock","18":"downloadable","19":"virtual","20":"sold-individually","21":"purchasable","22":"product-type-simple"},"_links":{"self":[{"href":"https:\/\/www.cfaebooks.com\/pt_br\/wp-json\/wp\/v2\/product\/9546","targetHints":{"allow":["GET"]}}],"collection":[{"href":"https:\/\/www.cfaebooks.com\/pt_br\/wp-json\/wp\/v2\/product"}],"about":[{"href":"https:\/\/www.cfaebooks.com\/pt_br\/wp-json\/wp\/v2\/types\/product"}],"replies":[{"embeddable":true,"href":"https:\/\/www.cfaebooks.com\/pt_br\/wp-json\/wp\/v2\/comments?post=9546"}],"wp:featuredmedia":[{"embeddable":true,"href":"https:\/\/www.cfaebooks.com\/pt_br\/wp-json\/wp\/v2\/media\/9547"}],"wp:attachment":[{"href":"https:\/\/www.cfaebooks.com\/pt_br\/wp-json\/wp\/v2\/media?parent=9546"}],"wp:term":[{"taxonomy":"product_brand","embeddable":true,"href":"https:\/\/www.cfaebooks.com\/pt_br\/wp-json\/wp\/v2\/product_brand?post=9546"},{"taxonomy":"product_cat","embeddable":true,"href":"https:\/\/www.cfaebooks.com\/pt_br\/wp-json\/wp\/v2\/product_cat?post=9546"},{"taxonomy":"product_tag","embeddable":true,"href":"https:\/\/www.cfaebooks.com\/pt_br\/wp-json\/wp\/v2\/product_tag?post=9546"}],"curies":[{"name":"wp","href":"https:\/\/api.w.org\/{rel}","templated":true}]}}