{"id":9485,"date":"2024-05-02T01:31:14","date_gmt":"2024-05-02T01:31:14","guid":{"rendered":"https:\/\/www.cfaebooks.com\/?post_type=product&#038;p=9485"},"modified":"2026-04-03T07:58:13","modified_gmt":"2026-04-03T07:58:13","slug":"2025-cfa-program-curriculum-level-1-box-set","status":"publish","type":"product","link":"https:\/\/www.cfaebooks.com\/pt_br\/products\/2025-cfa-program-curriculum-level-1-box-set\/","title":{"rendered":"2025 CFA Program Curriculum Level 1 Box Set"},"content":{"rendered":"<p>Est\u00e1 \u00e0 venda um e-Book 2025 CFA Program Curriculum Level I Box Set PDF.<\/p>\n\n\n\n<p>Os volumes incluem:<\/p>\n\n\n\n<ul class=\"wp-block-list\">\n<li>Volume 1: M\u00e9todos quantitativos<\/li>\n\n\n\n<li>Volume 2: Economia<\/li>\n\n\n\n<li>Volume 3: Emissores corporativos<\/li>\n\n\n\n<li>Volume 4: An\u00e1lise de demonstra\u00e7\u00f5es financeiras<\/li>\n\n\n\n<li>Volume 5: Investimentos em a\u00e7\u00f5es<\/li>\n\n\n\n<li>Volume 6: Renda fixa<\/li>\n\n\n\n<li>Volume 7:  Derivativos<\/li>\n\n\n\n<li>Volume 8: Investimentos alternativos<\/li>\n\n\n\n<li>Volume 9: Gerenciamento de portf\u00f3lio<\/li>\n\n\n\n<li>Volume 10: Padr\u00f5es \u00e9ticos e profissionais&nbsp;<\/li>\n<\/ul>\n\n\n\n<p>Este n\u00e3o \u00e9 um livro f\u00edsico, \u00e9 uma c\u00f3pia digital em PDF. N\u00e3o compre se voc\u00ea quiser uma c\u00f3pia f\u00edsica. Ap\u00f3s a finaliza\u00e7\u00e3o da compra, voc\u00ea poder\u00e1 fazer o download do livro eletr\u00f4nico imediatamente.<\/p>","protected":false},"excerpt":{"rendered":"<p>For sale is an e-Book 2025 CFA Program Curriculum Level I Box Set PDF. Volumes include: This is not a physical book it is a\u00a0PDF\u00a0digital copy. Please do not purchase if you want a physical hard copy. After checkout you can download the e-Book immediately.<\/p>","protected":false},"featured_media":9487,"comment_status":"closed","ping_status":"closed","template":"","meta":[],"product_brand":[],"product_cat":[260],"product_tag":[261,93,88,90,87,91,89,92,169],"class_list":{"0":"post-9485","1":"product","2":"type-product","3":"status-publish","4":"has-post-thumbnail","6":"product_cat-cfa-level-1","7":"product_tag-cfa-2025","8":"product_tag-cfa-books","9":"product_tag-cfa-ebooks","10":"product_tag-cfa-exam","11":"product_tag-cfa-level-i","12":"product_tag-cfa-prep","13":"product_tag-cfa-program-curriculum","14":"product_tag-cfa-test","15":"product_tag-wiley","17":"first","18":"instock","19":"downloadable","20":"virtual","21":"sold-individually","22":"purchasable","23":"product-type-simple"},"_links":{"self":[{"href":"https:\/\/www.cfaebooks.com\/pt_br\/wp-json\/wp\/v2\/product\/9485","targetHints":{"allow":["GET"]}}],"collection":[{"href":"https:\/\/www.cfaebooks.com\/pt_br\/wp-json\/wp\/v2\/product"}],"about":[{"href":"https:\/\/www.cfaebooks.com\/pt_br\/wp-json\/wp\/v2\/types\/product"}],"replies":[{"embeddable":true,"href":"https:\/\/www.cfaebooks.com\/pt_br\/wp-json\/wp\/v2\/comments?post=9485"}],"wp:featuredmedia":[{"embeddable":true,"href":"https:\/\/www.cfaebooks.com\/pt_br\/wp-json\/wp\/v2\/media\/9487"}],"wp:attachment":[{"href":"https:\/\/www.cfaebooks.com\/pt_br\/wp-json\/wp\/v2\/media?parent=9485"}],"wp:term":[{"taxonomy":"product_brand","embeddable":true,"href":"https:\/\/www.cfaebooks.com\/pt_br\/wp-json\/wp\/v2\/product_brand?post=9485"},{"taxonomy":"product_cat","embeddable":true,"href":"https:\/\/www.cfaebooks.com\/pt_br\/wp-json\/wp\/v2\/product_cat?post=9485"},{"taxonomy":"product_tag","embeddable":true,"href":"https:\/\/www.cfaebooks.com\/pt_br\/wp-json\/wp\/v2\/product_tag?post=9485"}],"curies":[{"name":"wp","href":"https:\/\/api.w.org\/{rel}","templated":true}]}}