{"id":9232,"date":"2024-05-27T03:07:53","date_gmt":"2024-05-27T03:07:53","guid":{"rendered":"https:\/\/www.cfaebooks.com\/?post_type=product&#038;p=9232"},"modified":"2026-04-03T07:58:06","modified_gmt":"2026-04-03T07:58:06","slug":"investimentos-alternativos-caia-nivel-i-4a-edicao","status":"publish","type":"product","link":"https:\/\/www.cfaebooks.com\/pt_br\/products\/investimentos-alternativos-caia-nivel-i-4a-edicao\/","title":{"rendered":"Investimentos alternativos: CAIA Level I, 4\u00aa Edi\u00e7\u00e3o"},"content":{"rendered":"<p>Est\u00e1 \u00e0 venda um livro eletr\u00f4nico Alternative Investments: CAIA Level I, 4th Edition PDF. <\/p>\n\n\n\n<p>Este n\u00e3o \u00e9 um livro f\u00edsico, \u00e9 uma c\u00f3pia digital em PDF. N\u00e3o compre se voc\u00ea quiser uma c\u00f3pia f\u00edsica. Ap\u00f3s a finaliza\u00e7\u00e3o da compra, voc\u00ea poder\u00e1 fazer o download do livro eletr\u00f4nico instantaneamente.<\/p>","protected":false},"excerpt":{"rendered":"<p>For sale is an e-Book Alternative Investments: CAIA Level I, 4th Edition PDF. This is not a physical book it is a\u00a0PDF\u00a0digital copy. Please do not purchase if you want a physical hard copy. After checkout you can download the e-Book instantly.<\/p>","protected":false},"featured_media":9233,"comment_status":"closed","ping_status":"closed","template":"","meta":[],"product_brand":[],"product_cat":[317],"product_tag":[247,251,250,248,246,252,249],"class_list":{"0":"post-9232","1":"product","2":"type-product","3":"status-publish","4":"has-post-thumbnail","6":"product_cat-caia-level-1","7":"product_tag-caia","8":"product_tag-caia-books","9":"product_tag-caia-ebooks","10":"product_tag-caia-exam","11":"product_tag-caia-level-i","12":"product_tag-caia-prep","13":"product_tag-caia-test","15":"first","16":"instock","17":"downloadable","18":"virtual","19":"sold-individually","20":"purchasable","21":"product-type-simple"},"_links":{"self":[{"href":"https:\/\/www.cfaebooks.com\/pt_br\/wp-json\/wp\/v2\/product\/9232","targetHints":{"allow":["GET"]}}],"collection":[{"href":"https:\/\/www.cfaebooks.com\/pt_br\/wp-json\/wp\/v2\/product"}],"about":[{"href":"https:\/\/www.cfaebooks.com\/pt_br\/wp-json\/wp\/v2\/types\/product"}],"replies":[{"embeddable":true,"href":"https:\/\/www.cfaebooks.com\/pt_br\/wp-json\/wp\/v2\/comments?post=9232"}],"wp:featuredmedia":[{"embeddable":true,"href":"https:\/\/www.cfaebooks.com\/pt_br\/wp-json\/wp\/v2\/media\/9233"}],"wp:attachment":[{"href":"https:\/\/www.cfaebooks.com\/pt_br\/wp-json\/wp\/v2\/media?parent=9232"}],"wp:term":[{"taxonomy":"product_brand","embeddable":true,"href":"https:\/\/www.cfaebooks.com\/pt_br\/wp-json\/wp\/v2\/product_brand?post=9232"},{"taxonomy":"product_cat","embeddable":true,"href":"https:\/\/www.cfaebooks.com\/pt_br\/wp-json\/wp\/v2\/product_cat?post=9232"},{"taxonomy":"product_tag","embeddable":true,"href":"https:\/\/www.cfaebooks.com\/pt_br\/wp-json\/wp\/v2\/product_tag?post=9232"}],"curies":[{"name":"wp","href":"https:\/\/api.w.org\/{rel}","templated":true}]}}