{"id":8498,"date":"2024-03-08T15:20:56","date_gmt":"2024-03-08T15:20:56","guid":{"rendered":"https:\/\/www.cfaebooks.com\/?post_type=product&#038;p=8498"},"modified":"2026-04-03T07:57:22","modified_gmt":"2026-04-03T07:57:22","slug":"finquiz-cfa-nivel-3-2023-notas-2","status":"publish","type":"product","link":"https:\/\/www.cfaebooks.com\/pt_br\/products\/finquiz-cfa-nivel-3-2023-notas-2\/","title":{"rendered":"FinQuiz CFA N\u00edvel 3 2023 Notas"},"content":{"rendered":"<p>Est\u00e1 \u00e0 venda um e-Book 2023 CFA Level 3 FinQuiz Notes PDF. <\/p>\n\n\n\n<p>Este n\u00e3o \u00e9 um livro f\u00edsico, \u00e9 uma c\u00f3pia digital em PDF. N\u00e3o compre se voc\u00ea quiser uma c\u00f3pia f\u00edsica. Ap\u00f3s a finaliza\u00e7\u00e3o da compra, voc\u00ea poder\u00e1 fazer o download do livro eletr\u00f4nico instantaneamente.<\/p>","protected":false},"excerpt":{"rendered":"<p>For sale is an e-Book 2023 CFA Level 3 FinQuiz Notes PDF. This is not a physical book it is a\u00a0PDF\u00a0digital copy. Please do not purchase if you want a physical hard copy. After checkout you can download the e-Book instantly.<\/p>","protected":false},"featured_media":8499,"comment_status":"closed","ping_status":"closed","template":"","meta":[],"product_brand":[],"product_cat":[351],"product_tag":[],"class_list":{"0":"post-8498","1":"product","2":"type-product","3":"status-publish","4":"has-post-thumbnail","6":"product_cat-cfa-level-3-2024","8":"first","9":"instock","10":"downloadable","11":"virtual","12":"sold-individually","13":"purchasable","14":"product-type-simple"},"_links":{"self":[{"href":"https:\/\/www.cfaebooks.com\/pt_br\/wp-json\/wp\/v2\/product\/8498","targetHints":{"allow":["GET"]}}],"collection":[{"href":"https:\/\/www.cfaebooks.com\/pt_br\/wp-json\/wp\/v2\/product"}],"about":[{"href":"https:\/\/www.cfaebooks.com\/pt_br\/wp-json\/wp\/v2\/types\/product"}],"replies":[{"embeddable":true,"href":"https:\/\/www.cfaebooks.com\/pt_br\/wp-json\/wp\/v2\/comments?post=8498"}],"wp:featuredmedia":[{"embeddable":true,"href":"https:\/\/www.cfaebooks.com\/pt_br\/wp-json\/wp\/v2\/media\/8499"}],"wp:attachment":[{"href":"https:\/\/www.cfaebooks.com\/pt_br\/wp-json\/wp\/v2\/media?parent=8498"}],"wp:term":[{"taxonomy":"product_brand","embeddable":true,"href":"https:\/\/www.cfaebooks.com\/pt_br\/wp-json\/wp\/v2\/product_brand?post=8498"},{"taxonomy":"product_cat","embeddable":true,"href":"https:\/\/www.cfaebooks.com\/pt_br\/wp-json\/wp\/v2\/product_cat?post=8498"},{"taxonomy":"product_tag","embeddable":true,"href":"https:\/\/www.cfaebooks.com\/pt_br\/wp-json\/wp\/v2\/product_tag?post=8498"}],"curies":[{"name":"wp","href":"https:\/\/api.w.org\/{rel}","templated":true}]}}