{"id":8406,"date":"2024-03-07T12:44:15","date_gmt":"2024-03-07T12:44:15","guid":{"rendered":"https:\/\/www.cfaebooks.com\/?post_type=product&#038;p=8406"},"modified":"2026-04-03T07:57:04","modified_gmt":"2026-04-03T07:57:04","slug":"2024-cfa-nivel-1-eoc-questoes-de-curriculo-2","status":"publish","type":"product","link":"https:\/\/www.cfaebooks.com\/pt_br\/products\/2024-cfa-nivel-1-eoc-questoes-de-curriculo-2\/","title":{"rendered":"2024 CFA N\u00edvel 1 EOC Quest\u00f5es de curr\u00edculo"},"content":{"rendered":"<p>Est\u00e3o \u00e0 venda 2024 perguntas do CFA Level 1 EOC do curr\u00edculo em PDF. <\/p>\n\n\n\n<p>Inclua 10 t\u00f3picos em <a href=\"https:\/\/www.cfaebooks.com\/pt_br\/produto\/2024-cfa-program-curriculum-level-i-box-set\/\">Curr\u00edculo N\u00edvel 1<\/a>: 1. Investimentos alternativos 2. Emissores corporativos 3. Derivativos 4. Economia 5. Patrim\u00f4nio l\u00edquido 6. \u00c9tica 7. An\u00e1lise de demonstrativos financeiros 8. Renda fixa 9. Gerenciamento de portf\u00f3lio 10. M\u00e9todos quantitativos<\/p>\n\n\n\n<ul class=\"wp-block-list\">\n<li>Este n\u00e3o \u00e9 um livro f\u00edsico, \u00e9 uma c\u00f3pia digital em PDF. Por favor, n\u00e3o compre se voc\u00ea quiser uma c\u00f3pia f\u00edsica<\/li>\n\n\n\n<li>Ap\u00f3s a finaliza\u00e7\u00e3o da compra, voc\u00ea poder\u00e1 fazer o download do e-Book instantaneamente.<\/li>\n<\/ul>","protected":false},"excerpt":{"rendered":"<p>For sale is 2024 CFA Level 1 EOC Questions of Curriculum PDF. Include 10 topics in Curriculum Level 1: 1. Alternative Investments 2. Corporate Issuers 3. Derivatives 4. Economics 5. Equity 6. Ethics 7. Financial Statement Analysis 8. Fixed Income 9. Portfolio Management 10. Quantative Methods<\/p>","protected":false},"featured_media":8407,"comment_status":"closed","ping_status":"closed","template":"","meta":[],"product_brand":[],"product_cat":[260],"product_tag":[86,93,88,90,87,91,89,92,201],"class_list":{"0":"post-8406","1":"product","2":"type-product","3":"status-publish","4":"has-post-thumbnail","6":"product_cat-cfa-level-1","7":"product_tag-cfa-2024","8":"product_tag-cfa-books","9":"product_tag-cfa-ebooks","10":"product_tag-cfa-exam","11":"product_tag-cfa-level-i","12":"product_tag-cfa-prep","13":"product_tag-cfa-program-curriculum","14":"product_tag-cfa-test","15":"product_tag-eoc-questions","17":"first","18":"instock","19":"downloadable","20":"virtual","21":"sold-individually","22":"purchasable","23":"product-type-simple"},"_links":{"self":[{"href":"https:\/\/www.cfaebooks.com\/pt_br\/wp-json\/wp\/v2\/product\/8406","targetHints":{"allow":["GET"]}}],"collection":[{"href":"https:\/\/www.cfaebooks.com\/pt_br\/wp-json\/wp\/v2\/product"}],"about":[{"href":"https:\/\/www.cfaebooks.com\/pt_br\/wp-json\/wp\/v2\/types\/product"}],"replies":[{"embeddable":true,"href":"https:\/\/www.cfaebooks.com\/pt_br\/wp-json\/wp\/v2\/comments?post=8406"}],"wp:featuredmedia":[{"embeddable":true,"href":"https:\/\/www.cfaebooks.com\/pt_br\/wp-json\/wp\/v2\/media\/8407"}],"wp:attachment":[{"href":"https:\/\/www.cfaebooks.com\/pt_br\/wp-json\/wp\/v2\/media?parent=8406"}],"wp:term":[{"taxonomy":"product_brand","embeddable":true,"href":"https:\/\/www.cfaebooks.com\/pt_br\/wp-json\/wp\/v2\/product_brand?post=8406"},{"taxonomy":"product_cat","embeddable":true,"href":"https:\/\/www.cfaebooks.com\/pt_br\/wp-json\/wp\/v2\/product_cat?post=8406"},{"taxonomy":"product_tag","embeddable":true,"href":"https:\/\/www.cfaebooks.com\/pt_br\/wp-json\/wp\/v2\/product_tag?post=8406"}],"curies":[{"name":"wp","href":"https:\/\/api.w.org\/{rel}","templated":true}]}}