{"id":8363,"date":"2024-03-06T05:56:19","date_gmt":"2024-03-06T05:56:19","guid":{"rendered":"https:\/\/www.cfaebooks.com\/?post_type=product&#038;p=8363"},"modified":"2026-04-03T07:57:00","modified_gmt":"2026-04-03T07:57:00","slug":"2024-frm-parte-2-schweser-notes-2","status":"publish","type":"product","link":"https:\/\/www.cfaebooks.com\/pt_br\/products\/2024-frm-parte-2-schweser-notes-2\/","title":{"rendered":"2024 FRM Parte 2 Notas de Schweser"},"content":{"rendered":"<p>Vende-se o FRM 2024 Parte 2 Schweser Notes PDF. <\/p>\n\n\n\n<p>Inclui um conjunto de 5 livros: <\/p>\n\n\n\n<ul class=\"wp-block-list\">\n<li>Livro 1: Medi\u00e7\u00e3o e gerenciamento de risco de mercado<\/li>\n\n\n\n<li>Livro 2: Risco e gerenciamento de cr\u00e9dito<\/li>\n\n\n\n<li>Livro 3: Risco operacional e resili\u00eancia<\/li>\n\n\n\n<li>Livro 4: Medi\u00e7\u00e3o e gerenciamento de riscos de liquidez e de tesouraria<\/li>\n\n\n\n<li>Livro 5. Risk Management and Investment Management &amp; Current Issues in Financial Markets<\/li>\n<\/ul>\n\n\n\n<p>Este n\u00e3o \u00e9 um livro f\u00edsico, \u00e9 uma c\u00f3pia digital em PDF. N\u00e3o compre se voc\u00ea quiser uma c\u00f3pia f\u00edsica. Ap\u00f3s a finaliza\u00e7\u00e3o da compra, voc\u00ea poder\u00e1 fazer o download do livro eletr\u00f4nico instantaneamente.<\/p>","protected":false},"excerpt":{"rendered":"<p>For sale is 2024 FRM Part 2 Schweser Notes PDF. Includes Set of 5 books: This is not a physical book it is a\u00a0PDF\u00a0digital copy. Please do not purchase if you want a physical hard copy. After checkout you can download the e-Book instantly.<\/p>","protected":false},"featured_media":8364,"comment_status":"closed","ping_status":"closed","template":"","meta":[],"product_brand":[],"product_cat":[356],"product_tag":[184,185,186,181,182,183,158,179],"class_list":{"0":"post-8363","1":"product","2":"type-product","3":"status-publish","4":"has-post-thumbnail","6":"product_cat-frm-part-2-2024","7":"product_tag-frm","8":"product_tag-frm-books","9":"product_tag-frm-ebooks","10":"product_tag-frm-exam","11":"product_tag-frm-prep","12":"product_tag-frm-test","13":"product_tag-kaplan-schweser","14":"product_tag-schweser-notes","16":"first","17":"instock","18":"downloadable","19":"virtual","20":"sold-individually","21":"purchasable","22":"product-type-simple"},"_links":{"self":[{"href":"https:\/\/www.cfaebooks.com\/pt_br\/wp-json\/wp\/v2\/product\/8363","targetHints":{"allow":["GET"]}}],"collection":[{"href":"https:\/\/www.cfaebooks.com\/pt_br\/wp-json\/wp\/v2\/product"}],"about":[{"href":"https:\/\/www.cfaebooks.com\/pt_br\/wp-json\/wp\/v2\/types\/product"}],"replies":[{"embeddable":true,"href":"https:\/\/www.cfaebooks.com\/pt_br\/wp-json\/wp\/v2\/comments?post=8363"}],"wp:featuredmedia":[{"embeddable":true,"href":"https:\/\/www.cfaebooks.com\/pt_br\/wp-json\/wp\/v2\/media\/8364"}],"wp:attachment":[{"href":"https:\/\/www.cfaebooks.com\/pt_br\/wp-json\/wp\/v2\/media?parent=8363"}],"wp:term":[{"taxonomy":"product_brand","embeddable":true,"href":"https:\/\/www.cfaebooks.com\/pt_br\/wp-json\/wp\/v2\/product_brand?post=8363"},{"taxonomy":"product_cat","embeddable":true,"href":"https:\/\/www.cfaebooks.com\/pt_br\/wp-json\/wp\/v2\/product_cat?post=8363"},{"taxonomy":"product_tag","embeddable":true,"href":"https:\/\/www.cfaebooks.com\/pt_br\/wp-json\/wp\/v2\/product_tag?post=8363"}],"curies":[{"name":"wp","href":"https:\/\/api.w.org\/{rel}","templated":true}]}}