{"id":8328,"date":"2024-03-05T13:57:53","date_gmt":"2024-03-05T13:57:53","guid":{"rendered":"https:\/\/www.cfaebooks.com\/?post_type=product&#038;p=8328"},"modified":"2026-04-03T07:56:52","modified_gmt":"2026-04-03T07:56:52","slug":"conjunto-de-caixas-do-curriculo-do-programa-cfa-2024-nivel-iii","status":"publish","type":"product","link":"https:\/\/www.cfaebooks.com\/pt_br\/products\/conjunto-de-caixas-do-curriculo-do-programa-cfa-2024-nivel-iii\/","title":{"rendered":"2024 Conjunto de caixas do curr\u00edculo do programa CFA N\u00edvel III"},"content":{"rendered":"<p>Est\u00e1 \u00e0 venda um e-Book 2024 CFA Program Curriculum Level III Box Set PDF. <\/p>\n\n\n\n<p>Inclui conjunto de 6 volumes: <\/p>\n\n\n\n<ul class=\"wp-block-list\">\n<li>Volume 1: Finan\u00e7as comportamentais, expectativas do mercado de capitais e aloca\u00e7\u00e3o de ativos<\/li>\n\n\n\n<li>Volume 2: Derivativos, gerenciamento de moedas e renda fixa<\/li>\n\n\n\n<li>Volume 3: Gerenciamento de portf\u00f3lio de renda fixa e a\u00e7\u00f5es<\/li>\n\n\n\n<li>Volume 4: Investimento alternativo, gerenciamento de portf\u00f3lio e gerenciamento de patrim\u00f4nio privado<\/li>\n\n\n\n<li>Volume 5: Institutional Investors, Other Topics in Portfolio Management, and Cases (Investidores Institucionais, Outros T\u00f3picos em Gerenciamento de Portf\u00f3lio e Casos)<\/li>\n\n\n\n<li>Volume 6: \u00c9tica e padr\u00f5es profissionais<\/li>\n<\/ul>\n\n\n\n<p>Este n\u00e3o \u00e9 um livro f\u00edsico, \u00e9 uma c\u00f3pia digital em PDF. N\u00e3o compre se voc\u00ea quiser uma c\u00f3pia f\u00edsica. Ap\u00f3s a finaliza\u00e7\u00e3o da compra, voc\u00ea poder\u00e1 fazer o download do livro eletr\u00f4nico instantaneamente.<\/p>","protected":false},"excerpt":{"rendered":"<p>For sale is an e-Book 2024 CFA Program Curriculum Level III Box Set PDF. Includes Set of 6 volumes: This is not a physical book it is a\u00a0PDF\u00a0digital copy. Please do not purchase if you want a physical hard copy. After checkout you can download the e-Book instantly.<\/p>","protected":false},"featured_media":8329,"comment_status":"closed","ping_status":"closed","template":"","meta":[],"product_brand":[],"product_cat":[351],"product_tag":[86,93,88,90,174,180,91,89,92,169],"class_list":{"0":"post-8328","1":"product","2":"type-product","3":"status-publish","4":"has-post-thumbnail","6":"product_cat-cfa-level-3-2024","7":"product_tag-cfa-2024","8":"product_tag-cfa-books","9":"product_tag-cfa-ebooks","10":"product_tag-cfa-exam","11":"product_tag-cfa-institute","12":"product_tag-cfa-level-3","13":"product_tag-cfa-prep","14":"product_tag-cfa-program-curriculum","15":"product_tag-cfa-test","16":"product_tag-wiley","18":"first","19":"instock","20":"downloadable","21":"virtual","22":"sold-individually","23":"purchasable","24":"product-type-simple"},"_links":{"self":[{"href":"https:\/\/www.cfaebooks.com\/pt_br\/wp-json\/wp\/v2\/product\/8328","targetHints":{"allow":["GET"]}}],"collection":[{"href":"https:\/\/www.cfaebooks.com\/pt_br\/wp-json\/wp\/v2\/product"}],"about":[{"href":"https:\/\/www.cfaebooks.com\/pt_br\/wp-json\/wp\/v2\/types\/product"}],"replies":[{"embeddable":true,"href":"https:\/\/www.cfaebooks.com\/pt_br\/wp-json\/wp\/v2\/comments?post=8328"}],"wp:featuredmedia":[{"embeddable":true,"href":"https:\/\/www.cfaebooks.com\/pt_br\/wp-json\/wp\/v2\/media\/8329"}],"wp:attachment":[{"href":"https:\/\/www.cfaebooks.com\/pt_br\/wp-json\/wp\/v2\/media?parent=8328"}],"wp:term":[{"taxonomy":"product_brand","embeddable":true,"href":"https:\/\/www.cfaebooks.com\/pt_br\/wp-json\/wp\/v2\/product_brand?post=8328"},{"taxonomy":"product_cat","embeddable":true,"href":"https:\/\/www.cfaebooks.com\/pt_br\/wp-json\/wp\/v2\/product_cat?post=8328"},{"taxonomy":"product_tag","embeddable":true,"href":"https:\/\/www.cfaebooks.com\/pt_br\/wp-json\/wp\/v2\/product_tag?post=8328"}],"curies":[{"name":"wp","href":"https:\/\/api.w.org\/{rel}","templated":true}]}}